{"id":24,"date":"2015-02-24T18:12:47","date_gmt":"2015-02-24T18:12:47","guid":{"rendered":"https:\/\/www.medicina.ufmg.br\/mps\/?page_id=24"},"modified":"2025-09-24T13:16:26","modified_gmt":"2025-09-24T13:16:26","slug":"sobre","status":"publish","type":"page","link":"https:\/\/www.medicina.ufmg.br\/mps\/sobre\/","title":{"rendered":"Sobre"},"content":{"rendered":"\n<p>O Departamento de Medicina Preventiva e Social (DMPS) da Faculdade de Medicina nasceu inspirado pelas ideias veiculadas no Semin\u00e1rio de Ensino da Medicina Preventiva, realizado em Vi\u00f1a del Mar, no Chile em 1955, transformadas em proposta de cria\u00e7\u00e3o do Instituto de Higiene e Medicina Preventiva apresentada \u00e0 Congrega\u00e7\u00e3o da Faculdade em 1958.<\/p>\n\n\n\n<p>Em 1960, o Instituto foi transformado em Departamento. Nos anos 70, o DMPS teve atua\u00e7\u00e3o importante no processo de transforma\u00e7\u00e3o do ensino m\u00e9dico na Faculdade de Medicina, orientado para a forma\u00e7\u00e3o do m\u00e9dico generalista, em estreita vincula\u00e7\u00e3o com o \u201cmundo real\u201d dos servi\u00e7os de sa\u00fade nas comunidades, refor\u00e7ando a integra\u00e7\u00e3o docente-assistencial.<\/p>\n\n\n\n<!--more-->\n\n\n\n<p>In\u00fameras iniciativas pioneiras v\u00eam contribuindo para sintonizar a forma\u00e7\u00e3o dos m\u00e9dicos e de outros profissionais de sa\u00fade com as Pol\u00edticas de Sa\u00fade orientadas pelos princ\u00edpios da igualdade e equidade associadas, por exemplo, a excel\u00eancia do Internato em Sa\u00fade Coletiva (\u201cInternato Rural\u201d).<\/p>\n\n\n\n<p>Na interface com a comunidade e integra\u00e7\u00e3o com os servi\u00e7os de sa\u00fade, o DMPS tem desenvolvido in\u00fameras iniciativas bem sucedidas, com reconhecimento nacional e internacional no campo da Sa\u00fade P\u00fablica e Sa\u00fade Coletiva. Destaca-se o N\u00facleo de Educa\u00e7\u00e3o em Sa\u00fade Coletiva (NESCON\/DMPS\/FM) que tem um programa de qualifica\u00e7\u00e3o em larga escala para a Aten\u00e7\u00e3o Prim\u00e1ria, envolvendo gestores e trabalhadores do SUS. O NESCON tem parcerias com a Universidade Aberta do SUS (UNA-SUS\/UFMG).<\/p>\n\n\n\n<p>O Programa de P\u00f3s-Gradua\u00e7\u00e3o em Sa\u00fade P\u00fablica foi criado em 1993, com uma \u00e1rea de concentra\u00e7\u00e3o em epidemiologia, em n\u00edvel de Mestrado, tendo como objetivo formar profissionais capazes de elaborar projetos de pesquisa e programas de sa\u00fade p\u00fablica amparados no estado da arte dos conhecimentos cient\u00edficos buscando constituir instrumentos para compreender o processo sa\u00fade-doen\u00e7a, analisar os resultados obtidos e elaborar pol\u00edticas para intervir na sa\u00fade e qualidade de vida das coletividades.<\/p>\n\n\n\n<p>Entre 1999 e 2001 foram criadas as \u00e1reas de concentra\u00e7\u00e3o em Pol\u00edtica de Sa\u00fade e Planejamento e Sa\u00fade e Trabalho. Em 2002 foi implantado o doutorado em Sa\u00fade P\u00fablica, com \u00e1rea de concentra\u00e7\u00e3o em Epidemiologia. Atualmente, o Programa em Sa\u00fade P\u00fablica est\u00e1 com a nota 6 pela CAPES, consolidando um Programa de excel\u00eancia na Universidade Federal de Minas Gerais.<\/p>\n\n\n\n<p>O Programa de P\u00f3s-Gradua\u00e7\u00e3o em Promo\u00e7\u00e3o da Sa\u00fade e Preven\u00e7\u00e3o da Viol\u00eancia foi criado em 2011 na modalidade de Mestrado Profissional e tem como eixo organizativo a Promo\u00e7\u00e3o de Sa\u00fade, entendida como abordagem ampliada de sa\u00fade \u2013 social, pol\u00edtica, econ\u00f4mica, cultural, integral, intersetorial \u2013 fundada na pr\u00e1xis de autonomia de sujeitos que se reconhecem reciprocamente e adotada como principal estrat\u00e9gia de preven\u00e7\u00e3o da viol\u00eancia, que por sua vez, se expressa em m\u00faltiplas faces e diferentes formas de manifesta\u00e7\u00e3o, designadas como quaisquer situa\u00e7\u00f5es de rebaixamento de sujeitos \u00e0 condi\u00e7\u00e3o de objeto, mediante qualquer tipo de domina\u00e7\u00e3o, coer\u00e7\u00e3o, amea\u00e7as, agress\u00f5es e\/ou neglig\u00eancia. Atualmente, o Mestrado teve a sua primeira avalia\u00e7\u00e3o do quadri\u00eanio recebendo a nota 4 pela CAPES.<\/p>\n\n\n\n<p>Nos seus 57 anos, o Departamento de Medicina Preventiva e Social est\u00e1 presente de maneira marcante n\u00e3o s\u00f3 no \u00e2mbito de pesquisa, mas tamb\u00e9m na extens\u00e3o por meio de projetos tem\u00e1ticos para a sociedade como o Projeto Manuelz\u00e3o, Abra\u00e7arte, Pr\u00f3-Sa\u00fade, Projeto Passagem, entre outros.<\/p>\n\n\n\n<p><strong>Chefe do Departamento<\/strong><br>Prof\u00aa. Alzira de Oliveira Jorge<\/p>\n\n\n\n<p><strong>Subchefe do Departamento<\/strong><br>Prof\u00aa. Elaine Leandro Machado<\/p>\n\n\n\n<p><strong>Secret\u00e1ria Administrativa<\/strong><br>Ana Yara Cruz<br>Tiago Moura<\/p>\n\n\n\n<p><strong>Hor\u00e1rio de funcionamento<\/strong><br>7h30 \u00e0s 12h e 13h \u00e0s 16h30<\/p>\n\n\n\n<p><strong>C\u00e2mara Departamental<\/strong><br>Prof\u00aa.&nbsp;Alzira de Oliveira Jorge<br>Prof\u00aa. Elaine Leandro Machado<\/p>\n\n\n\n<p><strong>Docentes na categoria professor titular: Efetivo e suplente<\/strong><br>Carla Jorge e Geraldo Cunha<\/p>\n\n\n\n<p><strong>Docentes na categoria n\u00e3o titular: Efetivos e suplentes<\/strong><br>Carlos Eduardo Menezes e Lidyane Camelo<br>Fl\u00e1via Bulegon e Elis Mina<br>Luiz S\u00e9rgio e Helian Nunes<br>Carolina Gomes e Luana Giatti<br>Marcelo Pellizzaro e Lorenza Nogueira<br>Graziella Lage e Andr\u00e9a Silveira<br>Veneza Berenice e Hugo Andr\u00e9 da Rocha<\/p>\n\n\n\n<p><strong>Representa\u00e7\u00e3o discente<\/strong><br>Raquel Amaral e Ana Fl\u00e1via Conegundes<br>Maria Pinholi e Sara Corgosinho<\/p>\n\n\n\n<p><strong>N\u00facleos:<\/strong><br>Observat\u00f3rio de Sa\u00fade Urbana &#8211; OSUBH<br>N\u00facleo de Sa\u00fade e Paz<br>N\u00facleo Sa\u00fade e Trabalho<br>Germinal \u2013 Grupo de Pesquisa em Doen\u00e7as Cr\u00f4nicas e Ocupacionais<br>Grupo de Pesquisa em Epidemiologia (GPE)<br>Grupo de Pesquisas em Epidemiologia e Avalia\u00e7\u00e3o em Sa\u00fade (GPEAS)<\/p>\n\n\n\n<p><strong>Extens\u00e3o<\/strong><br>Projeto Manuelz\u00e3o<\/p>\n\n\n\n<p>Avenida Professor Alfredo Balena, 190 \u2013 sala 803 \u2013 Belo Horizonte \u2013 MG \u2013 Brasil<br>Telefones: (31) 3409 9812 e 9804<br>dmps@medicina.ufmg.br<br>dmps.ufmg@gmail.com<\/p>\n","protected":false},"excerpt":{"rendered":"<p>O Departamento de Medicina Preventiva e Social (DMPS) da Faculdade de Medicina nasceu inspirado pelas ideias veiculadas no Semin\u00e1rio de Ensino da Medicina Preventiva, realizado em Vi\u00f1a del Mar, no Chile em 1955, transformadas em proposta de cria\u00e7\u00e3o do Instituto de Higiene e Medicina Preventiva apresentada \u00e0 Congrega\u00e7\u00e3o da Faculdade em 1958. Em 1960, o [&hellip;]<\/p>\n","protected":false},"author":16,"featured_media":0,"parent":0,"menu_order":0,"comment_status":"closed","ping_status":"closed","template":"","meta":{"footnotes":""},"class_list":["post-24","page","type-page","status-publish","hentry"],"_links":{"self":[{"href":"https:\/\/www.medicina.ufmg.br\/mps\/wp-json\/wp\/v2\/pages\/24","targetHints":{"allow":["GET"]}}],"collection":[{"href":"https:\/\/www.medicina.ufmg.br\/mps\/wp-json\/wp\/v2\/pages"}],"about":[{"href":"https:\/\/www.medicina.ufmg.br\/mps\/wp-json\/wp\/v2\/types\/page"}],"author":[{"embeddable":true,"href":"https:\/\/www.medicina.ufmg.br\/mps\/wp-json\/wp\/v2\/users\/16"}],"replies":[{"embeddable":true,"href":"https:\/\/www.medicina.ufmg.br\/mps\/wp-json\/wp\/v2\/comments?post=24"}],"version-history":[{"count":20,"href":"https:\/\/www.medicina.ufmg.br\/mps\/wp-json\/wp\/v2\/pages\/24\/revisions"}],"predecessor-version":[{"id":506,"href":"https:\/\/www.medicina.ufmg.br\/mps\/wp-json\/wp\/v2\/pages\/24\/revisions\/506"}],"wp:attachment":[{"href":"https:\/\/www.medicina.ufmg.br\/mps\/wp-json\/wp\/v2\/media?parent=24"}],"curies":[{"name":"wp","href":"https:\/\/api.w.org\/{rel}","templated":true}]}}