{"id":27,"date":"2015-02-24T18:12:58","date_gmt":"2015-02-24T18:12:58","guid":{"rendered":"https:\/\/www.medicina.ufmg.br\/mps\/?page_id=27"},"modified":"2025-12-10T17:29:29","modified_gmt":"2025-12-10T17:29:29","slug":"corpo-docente","status":"publish","type":"page","link":"https:\/\/www.medicina.ufmg.br\/mps\/corpo-docente\/","title":{"rendered":"Corpo Docente"},"content":{"rendered":"\n<h2 class=\"wp-block-heading\"><strong>Docentes<\/strong><\/h2>\n\n\n\n<figure class=\"wp-block-table\"><table class=\"has-fixed-layout\"><tbody><tr><td><strong><mark style=\"background-color:rgba(0, 0, 0, 0)\" class=\"has-inline-color has-white-color\">Nome<\/mark><\/strong><\/td><td><p><span style=\"color: #ffffff;\"><b><mark style=\"background-color:rgba(0, 0, 0, 0)\" class=\"has-inline-color has-white-color\">Titula\u00e7\u00e3o<\/mark><\/b><\/span><\/p><\/td><\/tr><tr><td><p><span style=\"font-weight: 400;\">Adalgisa Peixoto Ribeiro<\/span><\/p><\/td><td><p><span style=\"font-weight: 400;\">Doutorado<\/span><\/p><\/td><\/tr><tr><td>Andr\u00e9a Maria Silveira&nbsp;<\/td><td><p><span style=\"font-weight: 400;\">Doutorado<\/span><\/p><\/td><\/tr><tr><td><p><span style=\"font-weight: 400;\">Alaneir de F\u00e1tima dos Santos<\/span><\/p><\/td><td><p><span style=\"font-weight: 400;\">Doutorado<\/span><\/p><\/td><\/tr><tr><td><p><span style=\"font-weight: 400;\">Aline Dayrell Ferreira Sales<\/span><\/p><\/td><td><p><span style=\"font-weight: 400;\">Doutorado<\/span><\/p><\/td><\/tr><tr><td><p><span style=\"font-weight: 400;\">Alzira de Oliveira Jorge<\/span><\/p><\/td><td><p><span style=\"font-weight: 400;\">Doutorado<\/span><\/p><\/td><\/tr><tr><td><p><a href=\"http:\/\/buscatextual.cnpq.br\/buscatextual\/visualizacv.do?metodo=apresentar&amp;id=K4780385D6\"><b>Ant\u00f4nio Thomaz G. da Matta Machado\u00a0<\/b><\/a><\/p><\/td><td><p><span style=\"font-weight: 400;\">Doutorado<\/span><\/p><\/td><\/tr><tr><td><p><span style=\"font-weight: 400;\">&nbsp;Carla Jorge &nbsp;Machado<\/span><\/p><\/td><td><p><span style=\"font-weight: 400;\">&nbsp;P\u00f3s-Doutorado<\/span><\/p><\/td><\/tr><tr><td><p><span style=\"font-weight: 400;\">&nbsp;Carlos Eduardo Menezes de Amaral<\/span><\/p><\/td><td><p><span style=\"font-weight: 400;\">Doutorado<\/span><\/p><\/td><\/tr><tr><td><p><span style=\"font-weight: 400;\">&nbsp;Carolina Gomes Coelho<\/span><\/p><\/td><td><p><span style=\"font-weight: 400;\">Doutorado<\/span><\/p><\/td><\/tr><tr><td><p><span style=\"font-weight: 400;\">&nbsp;Elaine Leandro Machado<\/span><\/p><\/td><td><p><span style=\"font-weight: 400;\">Doutorado<\/span><\/p><\/td><\/tr><tr><td><p><span style=\"font-weight: 400;\">&nbsp;Elis Mina Seraya Borde<\/span><\/p><\/td><td><p><span style=\"font-weight: 400;\">Doutora<\/span><\/p><\/td><\/tr><tr><td><p><span style=\"font-weight: 400;\">&nbsp;Flavia Bulegon Pilecco<\/span><\/p><\/td><td><p><span style=\"font-weight: 400;\">P\u00f3s-Doutorado<\/span><\/p><\/td><\/tr><tr><td><p><span style=\"font-weight: 400;\">&nbsp;Fernando Machado Vilhena Dias<\/span><\/p><\/td><td><p><span style=\"font-weight: 400;\">Doutor<\/span><\/p><\/td><\/tr><tr><td><p><a href=\"http:\/\/buscatextual.cnpq.br\/buscatextual\/visualizacv.do?metodo=apresentar&amp;id=K4783600Y3\"><b>Geraldo Cunha Cury<\/b><\/a><\/p><\/td><td><p><span style=\"font-weight: 400;\">Doutorado<\/span><\/p><\/td><\/tr><tr><td><p><span style=\"font-weight: 400;\">&nbsp;Graziella Lage Oliveira<\/span><\/p><\/td><td><p><span style=\"font-weight: 400;\">Doutorado<\/span><\/p><\/td><\/tr><tr><td><p><span style=\"font-weight: 400;\">&nbsp;Helian Nunes De Oliveira<\/span><\/p><\/td><td><p><span style=\"font-weight: 400;\">&nbsp;P\u00f3s doutorado<\/span><\/p><\/td><\/tr><tr><td><p><span style=\"font-weight: 400;\">&nbsp;Hugo Andr\u00e9 da Rocha<\/span><\/p><\/td><td><p><span style=\"font-weight: 400;\"> Doutorado<\/span><\/p><\/td><\/tr><tr><td><p><span style=\"font-weight: 400;\">&nbsp;Jandira Maciel da Silva<\/span><\/p><\/td><td><p><span style=\"font-weight: 400;\">Doutorado<\/span><\/p><\/td><\/tr><tr><td><p><span style=\"font-weight: 400;\">&nbsp;Jamile Silva Guimar\u00e3es de Jesus<\/span><\/p><\/td><td><p><span style=\"font-weight: 400;\">Doutorado<\/span><\/p><\/td><\/tr><tr><td><p><span style=\"font-weight: 400;\">&nbsp;Juliana Lustosa Torres&nbsp; &nbsp;<\/span><\/p><\/td><td><p><span style=\"font-weight: 400;\">Doutorado<\/span><\/p><\/td><\/tr><tr><td><p><span style=\"font-weight: 400;\">&nbsp;Lidyane do Vale Camelo<\/span><\/p><\/td><td><p><span style=\"font-weight: 400;\">Doutorado<\/span><\/p><\/td><\/tr><tr><td>Lorenza Nogueira Campos Dezanet<br><\/td><td>P\u00f3s-Doutorado<\/td><\/tr><tr><td><p><span style=\"font-weight: 400;\">&nbsp;Luana Giatti Gon\u00e7alves<\/span><\/p><\/td><td><p><span style=\"font-weight: 400;\">P\u00f3s-Doutorado<\/span><\/p><\/td><\/tr><tr><td><p><span style=\"font-weight: 400;\">&nbsp;Luciana de Souza Braga<\/span><\/p><\/td><td><p><span style=\"font-weight: 400;\">Doutorado<\/span><\/p><\/td><\/tr><tr><td><p><span style=\"font-weight: 400;\">&nbsp;Luiz Sergio Silva<\/span><\/p><\/td><td><p><span style=\"font-weight: 400;\">Doutorado<\/span><\/p><\/td><\/tr><tr><td><p><span style=\"font-weight: 400;\">Marcelo<strong>&nbsp;<\/strong>Pellizzaro&nbsp;Dias Afonso<\/span><\/p><\/td><td><p><span style=\"font-weight: 400;\">Mestrado<\/span><\/p><\/td><\/tr><tr><td><p><span style=\"font-weight: 400;\">&nbsp;Mari\u00e2ngela Leal Cherchiglia<\/span><\/p><\/td><td><p><span style=\"font-weight: 400;\">Doutorado<\/span><\/p><\/td><\/tr><tr><td><p><span style=\"font-weight: 400;\">&nbsp;Marilia F. Malaguth Mendon\u00e7a<\/span><\/p><\/td><td><p><span style=\"font-weight: 400;\">Especializa\u00e7\u00e3o<\/span><\/p><\/td><\/tr><tr><td>N\u00e1dia Machado de Vasconcelos<\/td><td>Doutorado<\/td><\/tr><tr><td> Pablo Cardozo Roccon<\/td><td>Doutorado<\/td><\/tr><tr><td><p><span style=\"font-weight: 400;\">&nbsp;Raphael Augusto Teixeira De Aguiar<\/span><\/p><\/td><td><p><span style=\"font-weight: 400;\">Doutorado<\/span><\/p><\/td><\/tr><tr><td><p><span style=\"font-weight: 400;\">&nbsp;Tarc\u00edsio M\u00e1rcio Magalh\u00e3es Pinheiro<\/span><\/p><\/td><td><p><span style=\"font-weight: 400;\">Doutorado<\/span><\/p><\/td><\/tr><tr><td><p><span style=\"font-weight: 400;\">&nbsp;Veneza Berenice de Oliveira<\/span><\/p><\/td><td><p><span style=\"font-weight: 400;\">Doutorado<\/span><\/p><\/td><\/tr><\/tbody><\/table><\/figure>\n\n\n\n<p><span style=\"font-weight: 400;\">&nbsp;<\/span><\/p>\n\n\n\n<h2 class=\"wp-block-heading\"><strong>Funcion\u00e1rios<\/strong><\/h2>\n\n\n<p>&nbsp;<\/p>\n\n\n<figure class=\"wp-block-table\"><table><tbody><tr><td><strong>NOME<\/strong><\/td><td><strong>SETOR DE TRABALHO<\/strong><\/td><td><strong>E-MAIL<\/strong><\/td><\/tr><tr><td>Tiago Moura<\/td><td>Secret\u00e1rio Acad\u00eamico<\/td><td>dmps.ufmg@gmail.com<\/td><\/tr><tr><td>&nbsp;Ana Yara Cruz<\/td><td>T\u00e9cnica Administrativa \/ Secret\u00e1ria Administrativa<\/td><td>dmps.ufmg@gmail.com<\/td><\/tr><\/tbody><\/table><\/figure>\n\n\n<p>&nbsp;<\/p>\n\n\n<h2 class=\"wp-block-heading\"><strong>Chefe do Departamento<\/strong> <\/h2>\n\n\n<p>&nbsp;<\/p>\n\n\n<figure class=\"wp-block-table\"><table><tbody><tr><td><strong>NOME<\/strong><\/td><td><strong>SETOR DE TRABALHO<\/strong><\/td><td><strong>E-MAIL<\/strong><\/td><td><strong>MANDATO<\/strong><\/td><\/tr><tr><td>Alzira de Oliveira Jorge<\/td><td>Chefia do Departamento Medicina Social<\/td><td>dmps.ufmg@gmail.com<\/td><td><strong>27\/04\/25 a 26\/04\/27<\/strong><\/td><\/tr><tr><td>Elaine Leandro Machado<\/td><td>Subchefe Departamento Medicina Social<\/td><td>dmps.ufmg@gmail.com<\/td><td><strong>27\/04\/25 a 26\/04\/27<\/strong><\/td><\/tr><\/tbody><\/table><\/figure>\n","protected":false},"excerpt":{"rendered":"<p>Docentes Nome Titula\u00e7\u00e3o Adalgisa Peixoto Ribeiro Doutorado Andr\u00e9a Maria Silveira&nbsp; Doutorado Alaneir de F\u00e1tima dos Santos Doutorado Aline Dayrell Ferreira Sales Doutorado Alzira de Oliveira Jorge Doutorado Ant\u00f4nio Thomaz G. da Matta Machado\u00a0 Doutorado &nbsp;Carla Jorge &nbsp;Machado &nbsp;P\u00f3s-Doutorado &nbsp;Carlos Eduardo Menezes de Amaral Doutorado &nbsp;Carolina Gomes Coelho Doutorado &nbsp;Elaine Leandro Machado Doutorado &nbsp;Elis Mina Seraya [&hellip;]<\/p>\n","protected":false},"author":16,"featured_media":0,"parent":0,"menu_order":0,"comment_status":"closed","ping_status":"closed","template":"","meta":{"footnotes":""},"class_list":["post-27","page","type-page","status-publish","hentry"],"_links":{"self":[{"href":"https:\/\/www.medicina.ufmg.br\/mps\/wp-json\/wp\/v2\/pages\/27","targetHints":{"allow":["GET"]}}],"collection":[{"href":"https:\/\/www.medicina.ufmg.br\/mps\/wp-json\/wp\/v2\/pages"}],"about":[{"href":"https:\/\/www.medicina.ufmg.br\/mps\/wp-json\/wp\/v2\/types\/page"}],"author":[{"embeddable":true,"href":"https:\/\/www.medicina.ufmg.br\/mps\/wp-json\/wp\/v2\/users\/16"}],"replies":[{"embeddable":true,"href":"https:\/\/www.medicina.ufmg.br\/mps\/wp-json\/wp\/v2\/comments?post=27"}],"version-history":[{"count":38,"href":"https:\/\/www.medicina.ufmg.br\/mps\/wp-json\/wp\/v2\/pages\/27\/revisions"}],"predecessor-version":[{"id":507,"href":"https:\/\/www.medicina.ufmg.br\/mps\/wp-json\/wp\/v2\/pages\/27\/revisions\/507"}],"wp:attachment":[{"href":"https:\/\/www.medicina.ufmg.br\/mps\/wp-json\/wp\/v2\/media?parent=27"}],"curies":[{"name":"wp","href":"https:\/\/api.w.org\/{rel}","templated":true}]}}