{"id":30,"date":"2015-02-24T18:13:08","date_gmt":"2015-02-24T18:13:08","guid":{"rendered":"https:\/\/www.medicina.ufmg.br\/mps\/?page_id=30"},"modified":"2025-09-24T13:09:42","modified_gmt":"2025-09-24T13:09:42","slug":"ensino","status":"publish","type":"page","link":"https:\/\/www.medicina.ufmg.br\/mps\/ensino\/","title":{"rendered":"Ensino"},"content":{"rendered":"\n<p><b>Gradua\u00e7\u00e3o<\/b><\/p>\n\n\n\n<figure class=\"wp-block-table\"><table class=\"has-fixed-layout\"><tbody><tr><td><b>CURSO<\/b><\/td><td><b>DISCIPLINA<\/b><\/td><\/tr><tr><td><span style=\"font-weight: 400;\">Medicina<\/span><\/td><td><span style=\"font-weight: 400;\">Ci\u00eancias Sociais Aplicadas \u00e0 Sa\u00fade<\/span><\/td><\/tr><tr><td><span style=\"font-weight: 400;\">Medicina<\/span><\/td><td><span style=\"font-weight: 400;\">Epidemiologia<\/span><\/td><\/tr><tr><td><span style=\"font-weight: 400;\">Medicina<\/span><\/td><td><span style=\"font-weight: 400;\">Pol\u00edtica de Sa\u00fade e Planejamento<\/span><\/td><\/tr><tr><td><span style=\"font-weight: 400;\">Medicina<\/span><\/td><td><span style=\"font-weight: 400;\">Sa\u00fade do Trabalhador<\/span><\/td><\/tr><tr><td><span style=\"font-weight: 400;\">Medicina<\/span><\/td><td><span style=\"font-weight: 400;\">Internato Sa\u00fade Coletiva (Rural)<\/span><\/td><\/tr><tr><td><span style=\"font-weight: 400;\">&nbsp;Fonoaudiologia<\/span><\/td><td><span style=\"font-weight: 400;\">&nbsp;Pol\u00edticas de Sa\u00fade e Planejamento<\/span><\/td><\/tr><tr><td><span style=\"font-weight: 400;\">&nbsp;Fonoaudiologia<\/span><\/td><td><span style=\"font-weight: 400;\">&nbsp;Epidemiologia<\/span><\/td><\/tr><tr><td><span style=\"font-weight: 400;\">Gest\u00e3o de Sistema de Sa\u00fade<\/span><\/td><td><span style=\"font-weight: 400;\">Pol\u00edticas de Sa\u00fade no Brasil<\/span><\/td><\/tr><tr><td><span style=\"font-weight: 400;\">Gest\u00e3o de Sistema de Sa\u00fade<\/span><\/td><td><span style=\"font-weight: 400;\">Sa\u00fade Ambiental<\/span><\/td><\/tr><tr><td><span style=\"font-weight: 400;\">Gest\u00e3o de Sistema de Sa\u00fade<\/span><\/td><td><span style=\"font-weight: 400;\">Sa\u00fade e Trabalho<\/span><\/td><\/tr><tr><td><span style=\"font-weight: 400;\">Nutri\u00e7\u00e3o<\/span><\/td><td><span style=\"font-weight: 400;\">Alimenta\u00e7\u00e3o e Sociedade<\/span><\/td><\/tr><\/tbody><\/table><\/figure>\n\n\n\n<h2 class=\"wp-block-heading\"><b>P\u00f3s-Gradua\u00e7\u00e3o<\/b><\/h2>\n\n\n\n<p><a href=\"http:\/\/www.medicina.ufmg.br\/cpg\/programas\/saude_publica\/\"><b>Sa\u00fade P\u00fablica<\/b><\/a><br><a href=\"http:\/\/medicina.ufmg.br\/cpg\/programas\/pspv\/\"><b>Mestrado Profissional em Promo\u00e7\u00e3o da Sa\u00fade e Preven\u00e7\u00e3o da Viol\u00eancia<\/b><\/a><\/p>\n\n\n\n<h2 class=\"wp-block-heading\">&nbsp;<\/h2>\n","protected":false},"excerpt":{"rendered":"<p>Gradua\u00e7\u00e3o CURSO DISCIPLINA Medicina Ci\u00eancias Sociais Aplicadas \u00e0 Sa\u00fade Medicina Epidemiologia Medicina Pol\u00edtica de Sa\u00fade e Planejamento Medicina Sa\u00fade do Trabalhador Medicina Internato Sa\u00fade Coletiva (Rural) &nbsp;Fonoaudiologia &nbsp;Pol\u00edticas de Sa\u00fade e Planejamento &nbsp;Fonoaudiologia &nbsp;Epidemiologia Gest\u00e3o de Sistema de Sa\u00fade Pol\u00edticas de Sa\u00fade no Brasil Gest\u00e3o de Sistema de Sa\u00fade Sa\u00fade Ambiental Gest\u00e3o de Sistema de [&hellip;]<\/p>\n","protected":false},"author":16,"featured_media":0,"parent":0,"menu_order":0,"comment_status":"closed","ping_status":"closed","template":"","meta":{"footnotes":""},"class_list":["post-30","page","type-page","status-publish","hentry"],"_links":{"self":[{"href":"https:\/\/www.medicina.ufmg.br\/mps\/wp-json\/wp\/v2\/pages\/30","targetHints":{"allow":["GET"]}}],"collection":[{"href":"https:\/\/www.medicina.ufmg.br\/mps\/wp-json\/wp\/v2\/pages"}],"about":[{"href":"https:\/\/www.medicina.ufmg.br\/mps\/wp-json\/wp\/v2\/types\/page"}],"author":[{"embeddable":true,"href":"https:\/\/www.medicina.ufmg.br\/mps\/wp-json\/wp\/v2\/users\/16"}],"replies":[{"embeddable":true,"href":"https:\/\/www.medicina.ufmg.br\/mps\/wp-json\/wp\/v2\/comments?post=30"}],"version-history":[{"count":9,"href":"https:\/\/www.medicina.ufmg.br\/mps\/wp-json\/wp\/v2\/pages\/30\/revisions"}],"predecessor-version":[{"id":500,"href":"https:\/\/www.medicina.ufmg.br\/mps\/wp-json\/wp\/v2\/pages\/30\/revisions\/500"}],"wp:attachment":[{"href":"https:\/\/www.medicina.ufmg.br\/mps\/wp-json\/wp\/v2\/media?parent=30"}],"curies":[{"name":"wp","href":"https:\/\/api.w.org\/{rel}","templated":true}]}}