{"id":33,"date":"2015-02-24T18:13:17","date_gmt":"2015-02-24T18:13:17","guid":{"rendered":"https:\/\/www.medicina.ufmg.br\/mps\/?page_id=33"},"modified":"2015-02-24T20:50:08","modified_gmt":"2015-02-24T20:50:08","slug":"links","status":"publish","type":"page","link":"https:\/\/www.medicina.ufmg.br\/mps\/links\/","title":{"rendered":"Links"},"content":{"rendered":"<p><a href=\"www.isc.ufba.br\">Instituto de Sa\u00fade Coletiva da UFBA<\/a><\/p>\n<p><a href=\"www.iesc.ufrj.br\">Instituto de Estudos em Sa\u00fade Coletiva da UFRJ<\/a><\/p>\n<p><a href=\"www.ccs.ufpb.br\">N\u00facleo de Estudos em Sa\u00fade Coletiva UFPB<\/a><\/p>\n<p><a href=\"www.nesp.unb.br\">N\u00facleo de Estudos em Sa\u00fade P\u00fablica UnB<\/a><\/p>\n<p><a href=\"www.ccs.uel.br\">N\u00facleo de Estudos em Sa\u00fade Coletiva (UEL\/UEM\/UEPG)<\/a><\/p>\n<p><a href=\"www.nates.ufjf.br\">N\u00facleo de Assessoria, Treinamentos e Estudos em Sa\u00fade UFJF<\/a><\/p>\n<p><a href=\"www.pgpp.ufma.br\">N\u00facleo de Pesquisa em Sa\u00fade Coletiva UFMA<\/a><\/p>\n<p><a href=\"www.profamilia.ufmg.br\">PSF BH Vida<\/a><\/p>\n<p><a href=\"www.sbmfc.org.br\">Sociedade Brasileira de Medicina de Fam\u00edlia e Comunidade<\/a><\/p>\n","protected":false},"excerpt":{"rendered":"<p>Instituto de Sa\u00fade Coletiva da UFBA Instituto de Estudos em Sa\u00fade Coletiva da UFRJ N\u00facleo de Estudos em Sa\u00fade Coletiva UFPB N\u00facleo de Estudos em Sa\u00fade P\u00fablica UnB N\u00facleo de Estudos em Sa\u00fade Coletiva (UEL\/UEM\/UEPG) N\u00facleo de Assessoria, Treinamentos e Estudos em Sa\u00fade UFJF N\u00facleo de Pesquisa em Sa\u00fade Coletiva UFMA PSF BH Vida Sociedade [&hellip;]<\/p>\n","protected":false},"author":16,"featured_media":0,"parent":0,"menu_order":0,"comment_status":"closed","ping_status":"closed","template":"","meta":{"footnotes":""},"class_list":["post-33","page","type-page","status-publish","hentry"],"_links":{"self":[{"href":"https:\/\/www.medicina.ufmg.br\/mps\/wp-json\/wp\/v2\/pages\/33","targetHints":{"allow":["GET"]}}],"collection":[{"href":"https:\/\/www.medicina.ufmg.br\/mps\/wp-json\/wp\/v2\/pages"}],"about":[{"href":"https:\/\/www.medicina.ufmg.br\/mps\/wp-json\/wp\/v2\/types\/page"}],"author":[{"embeddable":true,"href":"https:\/\/www.medicina.ufmg.br\/mps\/wp-json\/wp\/v2\/users\/16"}],"replies":[{"embeddable":true,"href":"https:\/\/www.medicina.ufmg.br\/mps\/wp-json\/wp\/v2\/comments?post=33"}],"version-history":[{"count":3,"href":"https:\/\/www.medicina.ufmg.br\/mps\/wp-json\/wp\/v2\/pages\/33\/revisions"}],"predecessor-version":[{"id":48,"href":"https:\/\/www.medicina.ufmg.br\/mps\/wp-json\/wp\/v2\/pages\/33\/revisions\/48"}],"wp:attachment":[{"href":"https:\/\/www.medicina.ufmg.br\/mps\/wp-json\/wp\/v2\/media?parent=33"}],"curies":[{"name":"wp","href":"https:\/\/api.w.org\/{rel}","templated":true}]}}