{"id":1466,"date":"2017-10-19T19:59:15","date_gmt":"2017-10-19T19:59:15","guid":{"rendered":"https:\/\/www.medicina.ufmg.br\/observaped\/?page_id=1466"},"modified":"2017-11-17T18:57:51","modified_gmt":"2017-11-17T18:57:51","slug":"projeto-superacao","status":"publish","type":"page","link":"https:\/\/www.medicina.ufmg.br\/observaped\/projeto-superacao\/","title":{"rendered":"Projeto SuperA\u00e7\u00e3o"},"content":{"rendered":"<p><img fetchpriority=\"high\" decoding=\"async\" class=\"size-full wp-image-1471 aligncenter\" src=\"https:\/\/www.medicina.ufmg.br\/observaped\/wp-content\/uploads\/sites\/37\/2017\/10\/Banner-2-site-SuperA\u00e7\u00e3o.png\" alt=\"\" width=\"850\" height=\"200\" srcset=\"https:\/\/www.medicina.ufmg.br\/observaped\/wp-content\/uploads\/sites\/37\/2017\/10\/Banner-2-site-SuperA\u00e7\u00e3o.png 850w, https:\/\/www.medicina.ufmg.br\/observaped\/wp-content\/uploads\/sites\/37\/2017\/10\/Banner-2-site-SuperA\u00e7\u00e3o-300x71.png 300w, https:\/\/www.medicina.ufmg.br\/observaped\/wp-content\/uploads\/sites\/37\/2017\/10\/Banner-2-site-SuperA\u00e7\u00e3o-768x181.png 768w\" sizes=\"(max-width: 850px) 100vw, 850px\" \/><\/p>\n<p>Testemunhando o\u00a0longo tempo que crian\u00e7as e adolescentes passam no hospital durante o seu tratamento,\u00a0assim como seu sofrimento f\u00edsico e psicol\u00f3gico, foi idealizado o projeto &#8220;SuperA\u00e7\u00e3o&#8221;. Nele, pacientes onco-hematol\u00f3gicos pedi\u00e1tricos do Hospital das Cl\u00ednicas da UFMG, ter\u00e3o a oportunidade de participar de um ensaio fotogr\u00e1fico fantasiados de super-herois.<\/p>\n<p>A ideia veio da equipe do eixo &#8220;Qualidade de vida e diagn\u00f3stico precoce do c\u00e2ncer na inf\u00e2ncia e na adolesc\u00eancia&#8221;, do programa de extens\u00e3o ObservaPED. Os organizadores acreditam que ser\u00e1 uma forma l\u00fadica de trabalhar com o resgate da coragem e autoconfian\u00e7a desses &#8220;Super-Herois&#8221; de verdade, assim como uma oportunidade de sensibilizar a comunidade em geral para a luta contra o c\u00e2ncer infantojuvenil.<\/p>\n<p>Al\u00e9m de participar do ensaio fotogr\u00e1fico, as crian\u00e7as e adolescentes ser\u00e3o presenteados com as fotografias. A realiza\u00e7\u00e3o das diversas etapas contar\u00e1 com a participa\u00e7\u00e3o e contribui\u00e7\u00e3o de profissionais volunt\u00e1rios e membros da comunidade da UFMG.<\/p>\n<p><img decoding=\"async\" class=\"aligncenter size-full wp-image-1474\" src=\"https:\/\/www.medicina.ufmg.br\/observaped\/wp-content\/uploads\/sites\/37\/2017\/10\/Banner-4-site-SuperA\u00e7\u00e3o.png\" alt=\"\" width=\"850\" height=\"670\" srcset=\"https:\/\/www.medicina.ufmg.br\/observaped\/wp-content\/uploads\/sites\/37\/2017\/10\/Banner-4-site-SuperA\u00e7\u00e3o.png 850w, https:\/\/www.medicina.ufmg.br\/observaped\/wp-content\/uploads\/sites\/37\/2017\/10\/Banner-4-site-SuperA\u00e7\u00e3o-300x236.png 300w, https:\/\/www.medicina.ufmg.br\/observaped\/wp-content\/uploads\/sites\/37\/2017\/10\/Banner-4-site-SuperA\u00e7\u00e3o-768x605.png 768w\" sizes=\"(max-width: 850px) 100vw, 850px\" \/><\/p>\n<p><strong>Apoio:<\/strong><br \/>\nCentro de Comunica\u00e7\u00e3o Social da Faculdade de Medicina da UFMG<br \/>\nAssessoria de Comunica\u00e7\u00e3o do Hospital das Cl\u00ednicas da UFMG<br \/>\nEquipe de profissionais de sa\u00fade e administrativo da Unidade Funcional Pediatria do Hospital das Cl\u00ednicas da UFMG<\/p>\n","protected":false},"excerpt":{"rendered":"<p>Testemunhando o\u00a0longo tempo que crian\u00e7as e adolescentes passam no hospital durante o seu tratamento,\u00a0assim como seu sofrimento f\u00edsico e psicol\u00f3gico,&#8230;<\/p>\n","protected":false},"author":33,"featured_media":0,"parent":0,"menu_order":0,"comment_status":"closed","ping_status":"closed","template":"","meta":{"footnotes":""},"class_list":["post-1466","page","type-page","status-publish","hentry"],"_links":{"self":[{"href":"https:\/\/www.medicina.ufmg.br\/observaped\/wp-json\/wp\/v2\/pages\/1466","targetHints":{"allow":["GET"]}}],"collection":[{"href":"https:\/\/www.medicina.ufmg.br\/observaped\/wp-json\/wp\/v2\/pages"}],"about":[{"href":"https:\/\/www.medicina.ufmg.br\/observaped\/wp-json\/wp\/v2\/types\/page"}],"author":[{"embeddable":true,"href":"https:\/\/www.medicina.ufmg.br\/observaped\/wp-json\/wp\/v2\/users\/33"}],"replies":[{"embeddable":true,"href":"https:\/\/www.medicina.ufmg.br\/observaped\/wp-json\/wp\/v2\/comments?post=1466"}],"version-history":[{"count":4,"href":"https:\/\/www.medicina.ufmg.br\/observaped\/wp-json\/wp\/v2\/pages\/1466\/revisions"}],"predecessor-version":[{"id":1475,"href":"https:\/\/www.medicina.ufmg.br\/observaped\/wp-json\/wp\/v2\/pages\/1466\/revisions\/1475"}],"wp:attachment":[{"href":"https:\/\/www.medicina.ufmg.br\/observaped\/wp-json\/wp\/v2\/media?parent=1466"}],"curies":[{"name":"wp","href":"https:\/\/api.w.org\/{rel}","templated":true}]}}