{"id":541,"date":"2015-05-28T18:51:16","date_gmt":"2015-05-28T18:51:16","guid":{"rendered":"http:\/\/observaped.new\/?page_id=541"},"modified":"2015-05-28T18:51:16","modified_gmt":"2015-05-28T18:51:16","slug":"sobre","status":"publish","type":"page","link":"https:\/\/www.medicina.ufmg.br\/observaped\/sobre\/","title":{"rendered":"Sobre o Observat\u00f3rio"},"content":{"rendered":"<p>O Observat\u00f3rio \u00e9 um espa\u00e7o para an\u00e1lise sistem\u00e1tica e permanente de eventos, fatos, evid\u00eancias e acontecimentos sobre a sa\u00fade da crian\u00e7a e do adolescente.<br \/>\n<!--more--><br \/>\nConstru\u00eddo e desenvolvido para criar um car\u00e1ter trans-setorial e interdisciplinar entre as v\u00e1rias \u00e1reas inseridas na Pediatria, o Observat\u00f3rio da Sa\u00fade da Crian\u00e7a e do Adolescente trabalha por interm\u00e9dio de parcerias consolidadas entre institui\u00e7\u00f5es e pessoas ligadas \u00e0 profiss\u00e3o.<\/p>\n<p>Este projeto concretiza-se por meio da captura e da reuni\u00e3o de dados, an\u00e1lise, difus\u00e3o e divulga\u00e7\u00e3o de informa\u00e7\u00f5es relevantes para decis\u00f5es setoriais \u2013 universidade, governos e outras institui\u00e7\u00f5es \u2013 subsidiando pol\u00edticas p\u00fablicas de sa\u00fade da crian\u00e7a e do adolescente.<\/p>\n<p>A organiza\u00e7\u00e3o do Observat\u00f3rio \u00e9 de responsabilidade do Departamento de Pediatria da Faculdade de Medicina da Universidade Federal de Minas Gerais em parceria com a Secretaria de Estado da Sa\u00fade Minas Gerais. Tamb\u00e9m fazem parte do projeto professores, alunos, gestores e profissionais de \u00e1reas afins \u00e0 sa\u00fade da crian\u00e7a e do adolescente.<\/p>\n<p>A participa\u00e7\u00e3o dos alunos \u00e9 fundamental para o funcionamento do Observat\u00f3rio, j\u00e1 que sua finalidade principal \u00e9 a de educar. Al\u00e9m disso, o projeto conta com a participa\u00e7\u00e3o de secretarias, minist\u00e9rios, e tamb\u00e9m do SUS, em todas as inst\u00e2ncias. Organiza\u00e7\u00f5es n\u00e3o-governamentais ligadas a sa\u00fade estimulam e apoiam este Observat\u00f3rio, dando a ele maior estabilidade.<\/p>\n","protected":false},"excerpt":{"rendered":"<p>O Observat\u00f3rio \u00e9 um espa\u00e7o para an\u00e1lise sistem\u00e1tica e permanente de eventos, fatos, evid\u00eancias e acontecimentos sobre a sa\u00fade da&#8230;<\/p>\n","protected":false},"author":23,"featured_media":0,"parent":0,"menu_order":0,"comment_status":"open","ping_status":"open","template":"","meta":{"footnotes":""},"class_list":["post-541","page","type-page","status-publish","hentry"],"_links":{"self":[{"href":"https:\/\/www.medicina.ufmg.br\/observaped\/wp-json\/wp\/v2\/pages\/541","targetHints":{"allow":["GET"]}}],"collection":[{"href":"https:\/\/www.medicina.ufmg.br\/observaped\/wp-json\/wp\/v2\/pages"}],"about":[{"href":"https:\/\/www.medicina.ufmg.br\/observaped\/wp-json\/wp\/v2\/types\/page"}],"author":[{"embeddable":true,"href":"https:\/\/www.medicina.ufmg.br\/observaped\/wp-json\/wp\/v2\/users\/23"}],"replies":[{"embeddable":true,"href":"https:\/\/www.medicina.ufmg.br\/observaped\/wp-json\/wp\/v2\/comments?post=541"}],"version-history":[{"count":0,"href":"https:\/\/www.medicina.ufmg.br\/observaped\/wp-json\/wp\/v2\/pages\/541\/revisions"}],"wp:attachment":[{"href":"https:\/\/www.medicina.ufmg.br\/observaped\/wp-json\/wp\/v2\/media?parent=541"}],"curies":[{"name":"wp","href":"https:\/\/api.w.org\/{rel}","templated":true}]}}