{"id":615,"date":"2015-06-12T16:47:52","date_gmt":"2015-06-12T16:47:52","guid":{"rendered":"http:\/\/observaped.new\/?page_id=615"},"modified":"2016-01-25T15:48:39","modified_gmt":"2016-01-25T15:48:39","slug":"a-crianca-o-adolescente-e-a-violencia","status":"publish","type":"page","link":"https:\/\/www.medicina.ufmg.br\/observaped\/projetos\/a-crianca-o-adolescente-e-a-violencia\/","title":{"rendered":"A crian\u00e7a, o adolescente e a viol\u00eancia"},"content":{"rendered":"<p>Este eixo \u00e9 dividido em duas frentes principais: a viol\u00eancia atuada, ou seja, o adolescente em conflito com a lei em cumprimento de medida socioeducativa, e o abuso sexual contra a crian\u00e7a e o adolescente.<\/p>\n<p>Para a primeira frente, \u00e9 importante conhecer como a Pol\u00edtica Nacional de Aten\u00e7\u00e3o Integral \u00e0 Sa\u00fade do Adolescente em Conflito com a Lei vem sendo implantada e posta em pr\u00e1tica em Minas Gerais. Tamb\u00e9m \u00e9 fundamental conhecer melhor a assist\u00eancia de sa\u00fade oferecida aos adolescentes em quest\u00e3o junto \u00e0s unidades executoras das medidas socioeducativas. Nessas unidades, incluem-se aquelas de regime restritivo de liberdade, de responsabilidade do Estado e as de meio aberto, de responsabilidade do munic\u00edpio.<\/p>\n<p>E por fim, o eixo pretende tamb\u00e9m determinar e analisar impasses e desafios na operacionaliza\u00e7\u00e3o de a\u00e7\u00f5es no sentido de oferecer prote\u00e7\u00e3o integral \u00e0 sa\u00fade desse segmento da popula\u00e7\u00e3o.<\/p>\n<p>A segunda frente trata da quest\u00e3o do abuso sexual infanto-juvenil, que \u00e9 considerado pela Organiza\u00e7\u00e3o Mundial de Sa\u00fade (OMS) um dos maiores problemas de sa\u00fade p\u00fablica da atualidade. Os impactos de sua incid\u00eancia s\u00e3o m\u00faltiplos e podem prejudicar seriamente o desenvolvimento f\u00edsico e mental de crian\u00e7as e adolescentes.<\/p>\n<h4>Objetivos<\/h4>\n<p>Tendo em vista a import\u00e2ncia dessas ocorr\u00eancias, este eixo tem como objetivo promover estudos, atividades de investiga\u00e7\u00e3o, levantamento e dissemina\u00e7\u00e3o de informa\u00e7\u00f5es sobre a problem\u00e1tica do abuso sexual infanto-juvenil e as formas de interven\u00e7\u00e3o desenvolvidas pelo poder p\u00fablico para sua preven\u00e7\u00e3o e enfrentamento.<\/p>\n<p>Com as informa\u00e7\u00f5es obtidas com as pesquisas, poder\u00e1 ser criado um banco de dados preciso, pr\u00e1tico e completo que estar\u00e1 aberto para a consulta de pesquisadores, alunos ou interessados no tema. Poder\u00e3o ser disponibilizadas estat\u00edsticas sobre o n\u00famero de casos, informa\u00e7\u00f5es sobre os desafios enfrentados por profissionais que lidam com a quest\u00e3o, presentes em arquivos cient\u00edficos, produ\u00e7\u00f5es acad\u00eamicas e reportagens jornal\u00edsticas, que poder\u00e3o servir de ponto de partida para pesquisas em diversas \u00e1reas.<\/p>\n<p>\u00c9 tamb\u00e9m um objetivo deste eixo mapear as a\u00e7\u00f5es p\u00fablicas destinadas \u00e0s crian\u00e7as e adolescentes v\u00edtimas de abuso sexual, analisando a natureza das a\u00e7\u00f5es propostas, bem como o modo como v\u00eam sendo constru\u00eddas as pol\u00edticas p\u00fablicas para este p\u00fablico. Com esta proposta ser\u00e1 poss\u00edvel obter subs\u00eddios que possam servir n\u00e3o somente \u00e0 discuss\u00e3o e interven\u00e7\u00e3o na formula\u00e7\u00e3o, em \u00e2mbito local, estadual e nacional, como tamb\u00e9m construir uma rede de trocas e de debates entre os principais articuladores destas pol\u00edticas.<\/p>\n<h4>Atividades realizadas<\/h4>\n<p>O grupo tem desenvolvido v\u00e1rias atividades envolvidas com o tema do eixo, que incluem a participa\u00e7\u00e3o e a apresenta\u00e7\u00e3o de trabalhos em congressos sobre o assunto participa\u00e7\u00f5es em congressos sobre o tema, publica\u00e7\u00f5es de trabalhos nos mesmos, produ\u00e7\u00e3o de artigos e desenvolvimento de projetos que possibilitem o aprofundamento no tema. No ano de 2009 foi firmado um conv\u00eanio do grupo com a Organiza\u00e7\u00e3o Pan-americana de Sa\u00fade (OPAS), o que poder\u00e1 beneficiar um n\u00famero maior de pessoas e aprofundar as discuss\u00f5es sobre o assunto.<\/p>\n<p><strong>Projeto de pesquisa:<\/strong><\/p>\n<ul>\n<li>\u201cA atua\u00e7\u00e3o de equipe interdisciplinar na aten\u00e7\u00e3o integral \u00e0 sa\u00fade do adolescente em conflito com a lei privado de liberdade em Belo Horizonte\/MG&#8221;.<\/li>\n<\/ul>\n<p><strong>Professora respons\u00e1vel:<\/strong><\/p>\n<p>Professora Cristiane de Freitas Cunha<\/p>\n<p><strong>Estudantes:<br \/>\n<\/strong>Sabrina Stephanie Lana Diniz<br \/>\nLaura Isoni Auad<\/p>\n","protected":false},"excerpt":{"rendered":"<p>Este eixo \u00e9 dividido em duas frentes principais: a viol\u00eancia atuada, ou seja, o adolescente em conflito com a lei&#8230;<\/p>\n","protected":false},"author":23,"featured_media":0,"parent":611,"menu_order":0,"comment_status":"closed","ping_status":"closed","template":"","meta":{"footnotes":""},"class_list":["post-615","page","type-page","status-publish","hentry"],"_links":{"self":[{"href":"https:\/\/www.medicina.ufmg.br\/observaped\/wp-json\/wp\/v2\/pages\/615","targetHints":{"allow":["GET"]}}],"collection":[{"href":"https:\/\/www.medicina.ufmg.br\/observaped\/wp-json\/wp\/v2\/pages"}],"about":[{"href":"https:\/\/www.medicina.ufmg.br\/observaped\/wp-json\/wp\/v2\/types\/page"}],"author":[{"embeddable":true,"href":"https:\/\/www.medicina.ufmg.br\/observaped\/wp-json\/wp\/v2\/users\/23"}],"replies":[{"embeddable":true,"href":"https:\/\/www.medicina.ufmg.br\/observaped\/wp-json\/wp\/v2\/comments?post=615"}],"version-history":[{"count":2,"href":"https:\/\/www.medicina.ufmg.br\/observaped\/wp-json\/wp\/v2\/pages\/615\/revisions"}],"predecessor-version":[{"id":958,"href":"https:\/\/www.medicina.ufmg.br\/observaped\/wp-json\/wp\/v2\/pages\/615\/revisions\/958"}],"up":[{"embeddable":true,"href":"https:\/\/www.medicina.ufmg.br\/observaped\/wp-json\/wp\/v2\/pages\/611"}],"wp:attachment":[{"href":"https:\/\/www.medicina.ufmg.br\/observaped\/wp-json\/wp\/v2\/media?parent=615"}],"curies":[{"name":"wp","href":"https:\/\/api.w.org\/{rel}","templated":true}]}}