{"id":619,"date":"2015-06-12T17:52:37","date_gmt":"2015-06-12T17:52:37","guid":{"rendered":"http:\/\/observaped.new\/?page_id=619"},"modified":"2016-10-27T16:21:09","modified_gmt":"2016-10-27T16:21:09","slug":"caderneta-de-saude-da-crianca","status":"publish","type":"page","link":"https:\/\/www.medicina.ufmg.br\/observaped\/projetos\/caderneta-de-saude-da-crianca\/","title":{"rendered":"Caderneta de Sa\u00fade da Crian\u00e7a"},"content":{"rendered":"<h2><img loading=\"lazy\" decoding=\"async\" class=\" alignleft size-full wp-image-2\" style=\"border: 0; float: left; margin: 10px;\" src=\"https:\/\/www.medicina.ufmg.br\/wp-content\/uploads\/sites\/37\/2011\/01\/caderneta.jpg\" alt=\"\" width=\"368\" height=\"246\" border=\"0\" \/><\/h2>\n<p>A Caderneta de Sa\u00fade da Crian\u00e7a (CSC) foi implantada pelo Minist\u00e9rio da Sa\u00fade a partir de 2005 para substituir o Cart\u00e3o da Crian\u00e7a, e re\u00fane o registro dos mais importantes eventos relacionados \u00e0 sa\u00fade infantil. Al\u00e9m do cart\u00e3o de vacina, a Caderneta apresenta o registro da hist\u00f3ria obst\u00e9trica e neonatal; indicadores de crescimento e desenvolvimento; aspectos importantes da alimenta\u00e7\u00e3o como aleitamento materno e uso de sulfato ferroso e vitamina A; dados sobre a sa\u00fade bucal, auditiva e visual; intercorr\u00eancias cl\u00ednicas; al\u00e9m de orienta\u00e7\u00f5es para a promo\u00e7\u00e3o da sa\u00fade e preven\u00e7\u00e3o da ocorr\u00eancia de acidentes e viol\u00eancia dom\u00e9stica.<\/p>\n<p>A CSC \u00e9 destinada a todos os nascidos em territ\u00f3rio brasileiro, e, por basear-se em a\u00e7\u00f5es de acompanhamento e promo\u00e7\u00e3o da sa\u00fade, inclui-se como estrat\u00e9gia privilegiada nas pol\u00edticas de redu\u00e7\u00e3o da morbimortalidade infantil.<\/p>\n<p>Nossos principais objetivos incluem acompanhar e divulgar as propostas, resolu\u00e7\u00f5es e recomenda\u00e7\u00f5es dos \u00f3rg\u00e3os gestores \u2013 Minist\u00e9rio da Sa\u00fade, Secretaria Estadual de Sa\u00fade e Secretaria Municipal da Sa\u00fade \u2013 em rela\u00e7\u00e3o \u00e0 CSC. Visamos tamb\u00e9m mostrar um pouco da trajet\u00f3ria hist\u00f3rica, desde as primeiras curvas de crescimento at\u00e9 a Caderneta de 2009, al\u00e9m de indicar publica\u00e7\u00f5es cient\u00edficas, eventos e pesquisas relacionados ao assunto que contribuam na forma\u00e7\u00e3o dos profissionais de sa\u00fade.<\/p>\n<p><img loading=\"lazy\" decoding=\"async\" class=\" alignleft size-full wp-image-3\" style=\"float: left; border: 0; margin: 10px;\" src=\"https:\/\/www.medicina.ufmg.br\/wp-content\/uploads\/sites\/37\/2011\/01\/NovaCaderneta.gif\" alt=\"\" width=\"149\" height=\"203\" align=\"left\" border=\"0\" \/><\/p>\n<p><strong>Hist\u00f3rico<\/strong><\/p>\n<p>As atividades do eixo \u201cCaderneta de Sa\u00fade da Crian\u00e7a\u201d come\u00e7aram em outubro de 2009, com a organiza\u00e7\u00e3o da equipe e ampla revis\u00e3o bibliogr\u00e1fica sobre o tema. A partir disso, os objetivos foram definidos e o eixo iniciou seus trabalhos.<\/p>\n<p><strong>Atividades em andamento<\/strong><\/p>\n<p>Atualmente o eixo est\u00e1 desenvolvendo um projeto de pesquisa sobre a Caderneta de Sa\u00fade da Crian\u00e7a e as pol\u00edticas p\u00fablicas de sa\u00fade infantil; materiais did\u00e1ticos multim\u00eddia sobre a nova CSC voltado aos profissionais de sa\u00fade e familiares.<\/p>\n<p>Al\u00e9m disso, o eixo tamb\u00e9m \u00e9 respons\u00e1vel pela atualiza\u00e7\u00e3o e manuten\u00e7\u00e3o do conte\u00fado relacionado \u00e0 Caderneta de Sa\u00fade da Crian\u00e7a deste site; pesquisa, avalia\u00e7\u00e3o, indexa\u00e7\u00e3o e divulga\u00e7\u00e3o de artigos relacionados ao tema; e produ\u00e7\u00e3o de material did\u00e1tico-cient\u00edfico.<\/p>\n<p>A equipe deste eixo montou apresenta\u00e7\u00f5es com informa\u00e7\u00f5es \u00e0 respeito da Nova Caderneta de Sa\u00fade da Crian\u00e7a. Confira abaixo.<\/p>\n<table id=\"Tabela_01\" border=\"0\" cellspacing=\"0\" cellpadding=\"0\">\n<tbody>\n<tr>\n<td colspan=\"5\"><img decoding=\"async\" class=\" size-full wp-image-4\" src=\"https:\/\/www.medicina.ufmg.br\/wp-content\/uploads\/sites\/37\/2011\/01\/linha_do_tempo_01.gif\" alt=\"\" height=\"250\" border=\"0\" \/><\/td>\n<\/tr>\n<tr>\n<td><a href=\"http:\/\/ftp.medicina.ufmg.br\/observaped\/caderneta\/Caminho_da_Saude_052010.pdf\" target=\"_blank\"><img decoding=\"async\" class=\" size-full wp-image-5\" src=\"https:\/\/www.medicina.ufmg.br\/wp-content\/uploads\/sites\/37\/2011\/01\/linha_do_tempo_02.gif\" alt=\"\" height=\"250\" border=\"0\" \/><\/a><\/td>\n<td><a href=\"http:\/\/ftp.medicina.ufmg.br\/observaped\/caderneta\/Controle_da_saude.pdf\" target=\"_blank\"><img decoding=\"async\" class=\" size-full wp-image-6\" src=\"https:\/\/www.medicina.ufmg.br\/wp-content\/uploads\/sites\/37\/2011\/01\/linha_do_tempo_03.gif\" alt=\"\" height=\"250\" border=\"0\" \/><\/a><\/td>\n<td><a href=\"http:\/\/ftp.medicina.ufmg.br\/observaped\/caderneta\/Do_CC_a_CSC_13-09-10.pdf\" target=\"_blank\"><img decoding=\"async\" class=\" size-full wp-image-7\" src=\"https:\/\/www.medicina.ufmg.br\/wp-content\/uploads\/sites\/37\/2011\/01\/linha_do_tempo_04.gif\" alt=\"\" height=\"250\" border=\"0\" \/><\/a><\/td>\n<td><a href=\"http:\/\/ftp.medicina.ufmg.br\/observaped\/caderneta\/CSC_2005_E_2007.pdf\" target=\"_blank\"><img decoding=\"async\" class=\" size-full wp-image-8\" src=\"https:\/\/www.medicina.ufmg.br\/wp-content\/uploads\/sites\/37\/2011\/01\/linha_do_tempo_05.gif\" alt=\"\" height=\"250\" border=\"0\" \/><\/a><\/td>\n<td><a href=\"http:\/\/ftp.medicina.ufmg.br\/observaped\/caderneta\/A_nova_Caderneta_de_Saude-para_onde_estamos_caminhando_modMariana_052110.pdf\" target=\"_blank\"><img decoding=\"async\" class=\" size-full wp-image-9\" src=\"https:\/\/www.medicina.ufmg.br\/wp-content\/uploads\/sites\/37\/2011\/01\/linha_do_tempo_06.jpg\" alt=\"\" height=\"250\" border=\"0\" \/><\/a><\/td>\n<\/tr>\n<\/tbody>\n<\/table>\n<h2><strong>Caderneta de Sa\u00fade do Adolescente<\/strong><\/h2>\n<p>Semelhante \u00e0 iniciativa com a CSC, em 2009, o Minist\u00e9rio da Sa\u00fade criou a Caderneta de Sa\u00fade do Adolescente (CSA) com o objetivo de monitorar a sa\u00fade da popula\u00e7\u00e3o entre 10 e 19 anos e facilitar as a\u00e7\u00f5es educativas voltadas para este segmento. A implanta\u00e7\u00e3o da caderneta ocorreu em etapas e priorizou, no in\u00edcio, os munic\u00edpios inseridos no Programa Sa\u00fade nas Escolas, j\u00e1 que \u00e9 um instrumento para a sa\u00fade e educa\u00e7\u00e3o dos adolescentes. H\u00e1 duas guias do material, sendo uma voltada para o p\u00fablico feminino e outra para o masculino, com dicas e temas de interesses variados. Uma das quest\u00f5es abordadas s\u00e3o os direitos e deveres do jovem com incentivo \u00e0 cidadania. Aspectos em rela\u00e7\u00e3o ao autocuidado, nas mais variadas \u00e1reas como odontologia, higiene pessoal e doen\u00e7as sexualmente transmiss\u00edveis, tamb\u00e9m s\u00e3o abordados. H\u00e1 \u00eanfase na educa\u00e7\u00e3o sexual, com o objetivo de orientar os jovens sobre as d\u00favidas mais frequentes e o modo correto de prevenir uma gravidez indesej\u00e1vel assim como DSTs. O crescimento, desenvolvimento e a vacina\u00e7\u00e3o recebem especial aten\u00e7\u00e3o, assim como na Caderneta de Sa\u00fade da Crian\u00e7a, mostrando que esses cuidados n\u00e3o devem ser esquecidos na adolesc\u00eancia. Os assuntos s\u00e3o descritos de forma l\u00fadica e linguagem acess\u00edvel, favorecendo a compreens\u00e3o n\u00e3o s\u00f3 pela equipe de sa\u00fade como, principalmente, pelo jovem e sua fam\u00edlia.<\/p>\n<p>Segue abaixo uma apresenta\u00e7\u00e3o sobre a Caderneta de Sa\u00fade do Adolescente:<\/p>\n<p><a title=\"Cadernenta de Sa\u00fade do Adolescente\" href=\"http:\/\/ftp.medicina.ufmg.br\/observaped\/caderneta\/Apresentacao-Caderneta_do_Adolescente.pdf\" target=\"_blank\">Apresenta\u00e7\u00e3o da Caderneta de Sa\u00fade do Adolescente<\/a><\/p>\n<p><strong>Projeto de pesquisa:<\/strong><\/p>\n<ul>\n<li>\u201cA Caderneta de Sa\u00fade da Crian\u00e7a e as pol\u00edticas p\u00fablicas de sa\u00fade infantil.&#8221;<\/li>\n<\/ul>\n<p><strong>Materiais produzidos pelo Eixo<\/strong><\/p>\n<ul>\n<li><a href=\"https:\/\/www.medicina.ufmg.br\/observaped\/wp-content\/uploads\/sites\/37\/2015\/06\/Poster-CMP.pdf\">O uso da caderneta de sa\u00fade da crian\u00e7a por alunos da medicina UFMG &#8211; P\u00f4ster<\/a><\/li>\n<\/ul>\n<p><strong>Equipe:<\/strong><\/p>\n<p>Professor\u00a0Silvio Cesar Zeppone<\/p>\n<p><strong>Estudantes:<\/strong><\/p>\n<p>B\u00e1rbara Lopes Farace<br \/>\nNicole Vieira Schwan<br \/>\nManoel Bruno Pereira Lima<br \/>\nJo\u00e3o Carlos Freitas<br \/>\nLaiza Cristina Faria Dias<br \/>\nLaiza Cristina Faria Dias<br \/>\nThais Ba\u00eata<br \/>\nAna Luiza Puppe Magalh\u00e3es<br \/>\nJo\u00e3o Vitor de Mendon\u00e7a Chaves<br \/>\nRebeca Carolina Campos e Almeida Silva<\/p>\n","protected":false},"excerpt":{"rendered":"<p>A Caderneta de Sa\u00fade da Crian\u00e7a (CSC) foi implantada pelo Minist\u00e9rio da Sa\u00fade a partir de 2005 para substituir o&#8230;<\/p>\n","protected":false},"author":23,"featured_media":0,"parent":611,"menu_order":0,"comment_status":"closed","ping_status":"closed","template":"","meta":{"footnotes":""},"class_list":["post-619","page","type-page","status-publish","hentry"],"_links":{"self":[{"href":"https:\/\/www.medicina.ufmg.br\/observaped\/wp-json\/wp\/v2\/pages\/619","targetHints":{"allow":["GET"]}}],"collection":[{"href":"https:\/\/www.medicina.ufmg.br\/observaped\/wp-json\/wp\/v2\/pages"}],"about":[{"href":"https:\/\/www.medicina.ufmg.br\/observaped\/wp-json\/wp\/v2\/types\/page"}],"author":[{"embeddable":true,"href":"https:\/\/www.medicina.ufmg.br\/observaped\/wp-json\/wp\/v2\/users\/23"}],"replies":[{"embeddable":true,"href":"https:\/\/www.medicina.ufmg.br\/observaped\/wp-json\/wp\/v2\/comments?post=619"}],"version-history":[{"count":4,"href":"https:\/\/www.medicina.ufmg.br\/observaped\/wp-json\/wp\/v2\/pages\/619\/revisions"}],"predecessor-version":[{"id":1269,"href":"https:\/\/www.medicina.ufmg.br\/observaped\/wp-json\/wp\/v2\/pages\/619\/revisions\/1269"}],"up":[{"embeddable":true,"href":"https:\/\/www.medicina.ufmg.br\/observaped\/wp-json\/wp\/v2\/pages\/611"}],"wp:attachment":[{"href":"https:\/\/www.medicina.ufmg.br\/observaped\/wp-json\/wp\/v2\/media?parent=619"}],"curies":[{"name":"wp","href":"https:\/\/api.w.org\/{rel}","templated":true}]}}