
{"id":65,"date":"2025-06-12T16:58:58","date_gmt":"2025-06-12T19:58:58","guid":{"rendered":"https:\/\/www.medicina.ufmg.br\/observavoznovo\/?page_id=65"},"modified":"2025-06-16T09:39:27","modified_gmt":"2025-06-16T12:39:27","slug":"sobre","status":"publish","type":"page","link":"https:\/\/www.medicina.ufmg.br\/observavoz\/sobre\/","title":{"rendered":"Sobre"},"content":{"rendered":"\t\t<div data-elementor-type=\"wp-page\" data-elementor-id=\"65\" class=\"elementor elementor-65\">\n\t\t\t\t<div class=\"elementor-element elementor-element-f860c24 e-flex e-con-boxed e-con e-parent\" data-id=\"f860c24\" data-element_type=\"container\" data-settings=\"{&quot;background_background&quot;:&quot;classic&quot;}\">\n\t\t\t\t\t<div class=\"e-con-inner\">\n\t\t\t\t<div class=\"elementor-element elementor-element-1e416b8 elementor-widget elementor-widget-image\" data-id=\"1e416b8\" data-element_type=\"widget\" data-widget_type=\"image.default\">\n\t\t\t\t<div class=\"elementor-widget-container\">\n\t\t\t\t\t\t\t\t\t\t\t\t\t\t\t<img decoding=\"async\" src=\"https:\/\/www.medicina.ufmg.br\/observavoz\/wp-content\/uploads\/sites\/116\/elementor\/thumbs\/Logo-branca-Observavoz-r77c5bht5qs1hy0oleh5opki2094hc6sipu6radedc.png\" title=\"Logo branca &#8211; Observavoz\" alt=\"Logo branca - Observavoz\" loading=\"lazy\" \/>\t\t\t\t\t\t\t\t\t\t\t\t\t\t\t<\/div>\n\t\t\t\t<\/div>\n\t\t\t\t\t<\/div>\n\t\t\t\t<\/div>\n\t\t<div class=\"elementor-element elementor-element-8509ecc e-flex e-con-boxed e-con e-parent\" data-id=\"8509ecc\" data-element_type=\"container\">\n\t\t\t\t\t<div class=\"e-con-inner\">\n\t\t\t\t<div class=\"elementor-element elementor-element-68f5482 elementor-widget elementor-widget-spacer\" data-id=\"68f5482\" data-element_type=\"widget\" data-widget_type=\"spacer.default\">\n\t\t\t\t<div class=\"elementor-widget-container\">\n\t\t\t\t\t\t\t<div class=\"elementor-spacer\">\n\t\t\t<div class=\"elementor-spacer-inner\"><\/div>\n\t\t<\/div>\n\t\t\t\t\t\t<\/div>\n\t\t\t\t<\/div>\n\t\t\t\t<div class=\"elementor-element elementor-element-136b825 elementor-widget elementor-widget-heading\" data-id=\"136b825\" data-element_type=\"widget\" data-widget_type=\"heading.default\">\n\t\t\t\t<div class=\"elementor-widget-container\">\n\t\t\t\t\t<h2 class=\"elementor-heading-title elementor-size-default\">Sobre<\/h2>\t\t\t\t<\/div>\n\t\t\t\t<\/div>\n\t\t\t\t<div class=\"elementor-element elementor-element-2f4e23d elementor-widget elementor-widget-text-editor\" data-id=\"2f4e23d\" data-element_type=\"widget\" data-widget_type=\"text-editor.default\">\n\t\t\t\t<div class=\"elementor-widget-container\">\n\t\t\t\t\t\t\t\t\t<p>O Observat\u00f3rio da voz, ObservaVoz, \u00e9 um projeto de extens\u00e3o que tem como proposta difundir conhecimento, informa\u00e7\u00f5es e orienta\u00e7\u00f5es sobre a Voz Humana nos v\u00e1rios ciclos da vida. Queremos contribuir para a promo\u00e7\u00e3o da sa\u00fade, melhoria da qualidade de vida das pessoas, da comunidade, sociedade em geral e para o ensino da Voz em Fonoaudiologia. Nossa meta \u00e9 sensibilizar a comunidade acad\u00eamica e a sociedade para as quest\u00f5es relativas aos problemas da voz humana e de fala em p\u00fablico; fornecer materiais educativos e informativos sobre \u00a0os temas; divulgar os produtos realizados pelo ObservaVoz, pelas parecerias internacionais e atuar continuamente como agentes de transforma\u00e7\u00e3o social visando o aprimoramento do conhecimento e da sa\u00fade nas \u00e1reas de voz.<\/p><p><b>Nossa equipe<br \/><\/b>Nossa equipe conta com professores renomados, parceiros internacionais e alunos bolsistas e volunt\u00e1rios.<\/p><p><b>Coordena\u00e7\u00e3o:\u00a0<\/b>Profa Let\u00edcia Caldas Teixeira<\/p><p><b>Pesquisadores participantes<br \/><\/b>Profa Adriane Mesquita de Medeiros<br \/>Profa Ana Cristina C\u00f4rtes Gama<br \/>Profa La\u00e9lia Cristina Caseiro Vicente<br \/><br \/><b>Apoio:<\/b>\u00a0Faculdade de Medicina da UFMG<\/p><p><strong>Parcerias Internacionais:<br \/><\/strong>Profa Marisa Lobo Lousada<br \/>Profa Catarina Oliveira<\/p><p><strong>Apoio:<\/strong> Universidade de Aveiro\/Portugal \u2013 N\u00facleo CINTESIS &#8211; UA<\/p>\t\t\t\t\t\t\t\t<\/div>\n\t\t\t\t<\/div>\n\t\t\t\t<div class=\"elementor-element elementor-element-586d614 elementor-widget elementor-widget-spacer\" data-id=\"586d614\" data-element_type=\"widget\" data-widget_type=\"spacer.default\">\n\t\t\t\t<div class=\"elementor-widget-container\">\n\t\t\t\t\t\t\t<div class=\"elementor-spacer\">\n\t\t\t<div class=\"elementor-spacer-inner\"><\/div>\n\t\t<\/div>\n\t\t\t\t\t\t<\/div>\n\t\t\t\t<\/div>\n\t\t\t\t\t<\/div>\n\t\t\t\t<\/div>\n\t\t\t\t<\/div>\n\t\t","protected":false},"excerpt":{"rendered":"<p>Sobre O Observat\u00f3rio da voz, ObservaVoz, \u00e9 um projeto de extens\u00e3o que tem como proposta difundir conhecimento, informa\u00e7\u00f5es e orienta\u00e7\u00f5es sobre a Voz Humana nos v\u00e1rios ciclos da vida. Queremos contribuir para a promo\u00e7\u00e3o da sa\u00fade, melhoria da qualidade de vida das pessoas, da comunidade, sociedade em geral e para o ensino da Voz em [&hellip;]<\/p>\n","protected":false},"author":116,"featured_media":0,"parent":0,"menu_order":0,"comment_status":"closed","ping_status":"closed","template":"elementor_header_footer","meta":{"footnotes":""},"class_list":["post-65","page","type-page","status-publish","hentry"],"_links":{"self":[{"href":"https:\/\/www.medicina.ufmg.br\/observavoz\/wp-json\/wp\/v2\/pages\/65","targetHints":{"allow":["GET"]}}],"collection":[{"href":"https:\/\/www.medicina.ufmg.br\/observavoz\/wp-json\/wp\/v2\/pages"}],"about":[{"href":"https:\/\/www.medicina.ufmg.br\/observavoz\/wp-json\/wp\/v2\/types\/page"}],"author":[{"embeddable":true,"href":"https:\/\/www.medicina.ufmg.br\/observavoz\/wp-json\/wp\/v2\/users\/116"}],"replies":[{"embeddable":true,"href":"https:\/\/www.medicina.ufmg.br\/observavoz\/wp-json\/wp\/v2\/comments?post=65"}],"version-history":[{"count":10,"href":"https:\/\/www.medicina.ufmg.br\/observavoz\/wp-json\/wp\/v2\/pages\/65\/revisions"}],"predecessor-version":[{"id":90,"href":"https:\/\/www.medicina.ufmg.br\/observavoz\/wp-json\/wp\/v2\/pages\/65\/revisions\/90"}],"wp:attachment":[{"href":"https:\/\/www.medicina.ufmg.br\/observavoz\/wp-json\/wp\/v2\/media?parent=65"}],"curies":[{"name":"wp","href":"https:\/\/api.w.org\/{rel}","templated":true}]}}