
{"id":68,"date":"2025-06-12T16:59:41","date_gmt":"2025-06-12T19:59:41","guid":{"rendered":"https:\/\/www.medicina.ufmg.br\/observavoznovo\/?page_id=68"},"modified":"2025-10-06T09:25:13","modified_gmt":"2025-10-06T12:25:13","slug":"sala-de-aula","status":"publish","type":"page","link":"https:\/\/www.medicina.ufmg.br\/observavoz\/sala-de-aula\/","title":{"rendered":"Sala de Aula"},"content":{"rendered":"\t\t<div data-elementor-type=\"wp-page\" data-elementor-id=\"68\" class=\"elementor elementor-68\">\n\t\t\t\t<div class=\"elementor-element elementor-element-46b57e1 e-flex e-con-boxed e-con e-parent\" data-id=\"46b57e1\" data-element_type=\"container\" data-settings=\"{&quot;background_background&quot;:&quot;classic&quot;}\">\n\t\t\t\t\t<div class=\"e-con-inner\">\n\t\t\t\t<div class=\"elementor-element elementor-element-a886ee4 elementor-widget elementor-widget-image\" data-id=\"a886ee4\" data-element_type=\"widget\" data-widget_type=\"image.default\">\n\t\t\t\t<div class=\"elementor-widget-container\">\n\t\t\t\t\t\t\t\t\t\t\t\t\t\t\t<img decoding=\"async\" src=\"https:\/\/www.medicina.ufmg.br\/observavoz\/wp-content\/uploads\/sites\/116\/elementor\/thumbs\/Logo-branca-Observavoz-r77c5bht5qs1hy0oleh5opki2094hc6sipu6radedc.png\" title=\"Logo branca &#8211; Observavoz\" alt=\"Logo branca - Observavoz\" loading=\"lazy\" \/>\t\t\t\t\t\t\t\t\t\t\t\t\t\t\t<\/div>\n\t\t\t\t<\/div>\n\t\t\t\t\t<\/div>\n\t\t\t\t<\/div>\n\t\t<div class=\"elementor-element elementor-element-51b99d7 e-flex e-con-boxed e-con e-parent\" data-id=\"51b99d7\" data-element_type=\"container\">\n\t\t\t\t\t<div class=\"e-con-inner\">\n\t\t<div class=\"elementor-element elementor-element-073ef34 e-con-full e-flex e-con e-child\" data-id=\"073ef34\" data-element_type=\"container\">\n\t\t\t\t<div class=\"elementor-element elementor-element-52953a7 elementor-widget elementor-widget-spacer\" data-id=\"52953a7\" data-element_type=\"widget\" data-widget_type=\"spacer.default\">\n\t\t\t\t<div class=\"elementor-widget-container\">\n\t\t\t\t\t\t\t<div class=\"elementor-spacer\">\n\t\t\t<div class=\"elementor-spacer-inner\"><\/div>\n\t\t<\/div>\n\t\t\t\t\t\t<\/div>\n\t\t\t\t<\/div>\n\t\t\t\t<div class=\"elementor-element elementor-element-b63d01c elementor-widget elementor-widget-heading\" data-id=\"b63d01c\" data-element_type=\"widget\" data-widget_type=\"heading.default\">\n\t\t\t\t<div class=\"elementor-widget-container\">\n\t\t\t\t\t<h2 class=\"elementor-heading-title elementor-size-default\">Atividades Educativas<\/h2>\t\t\t\t<\/div>\n\t\t\t\t<\/div>\n\t\t\t\t<div class=\"elementor-element elementor-element-a13f268 elementor-widget elementor-widget-spacer\" data-id=\"a13f268\" data-element_type=\"widget\" data-widget_type=\"spacer.default\">\n\t\t\t\t<div class=\"elementor-widget-container\">\n\t\t\t\t\t\t\t<div class=\"elementor-spacer\">\n\t\t\t<div class=\"elementor-spacer-inner\"><\/div>\n\t\t<\/div>\n\t\t\t\t\t\t<\/div>\n\t\t\t\t<\/div>\n\t\t<a class=\"elementor-element elementor-element-018fdd0 e-con-full e-flex e-con e-child\" data-id=\"018fdd0\" data-element_type=\"container\" data-settings=\"{&quot;background_background&quot;:&quot;classic&quot;}\" href=\"https:\/\/www.medicina.ufmg.br\/observavoz\/sala-de-aula\/atividades\/qual-e-a-patologia\/\">\n\t\t\t\t<div class=\"elementor-element elementor-element-eea64f4 elementor-widget elementor-widget-heading\" data-id=\"eea64f4\" data-element_type=\"widget\" data-widget_type=\"heading.default\">\n\t\t\t\t<div class=\"elementor-widget-container\">\n\t\t\t\t\t<h2 class=\"elementor-heading-title elementor-size-default\">Qual \u00e9 a patologia?<\/h2>\t\t\t\t<\/div>\n\t\t\t\t<\/div>\n\t\t\t\t<div class=\"elementor-element elementor-element-2f36438 elementor-widget elementor-widget-text-editor\" data-id=\"2f36438\" data-element_type=\"widget\" data-widget_type=\"text-editor.default\">\n\t\t\t\t<div class=\"elementor-widget-container\">\n\t\t\t\t\t\t\t\t\t<p><span style=\"color: #000000;\">O<strong> \u201cQual \u00e9 a patologia\u201d<\/strong> \u00e9 um quiz para voc\u00ea se familiarizar com as imagens das principais patologias lar\u00edngeas! Boa navega\u00e7\u00e3o.<\/span><\/p>\t\t\t\t\t\t\t\t<\/div>\n\t\t\t\t<\/div>\n\t\t\t\t<\/a>\n\t\t<a class=\"elementor-element elementor-element-1929bc1 e-con-full e-flex e-con e-child\" data-id=\"1929bc1\" data-element_type=\"container\" data-settings=\"{&quot;background_background&quot;:&quot;classic&quot;}\" href=\"https:\/\/www.medicina.ufmg.br\/observavoz\/sala-de-aula\/atividades\/quiz-da-voz\/\">\n\t\t\t\t<div class=\"elementor-element elementor-element-a3d7683 elementor-widget elementor-widget-heading\" data-id=\"a3d7683\" data-element_type=\"widget\" data-widget_type=\"heading.default\">\n\t\t\t\t<div class=\"elementor-widget-container\">\n\t\t\t\t\t<h2 class=\"elementor-heading-title elementor-size-default\">Quiz da Voz<\/h2>\t\t\t\t<\/div>\n\t\t\t\t<\/div>\n\t\t\t\t<div class=\"elementor-element elementor-element-2178053 elementor-widget elementor-widget-text-editor\" data-id=\"2178053\" data-element_type=\"widget\" data-widget_type=\"text-editor.default\">\n\t\t\t\t<div class=\"elementor-widget-container\">\n\t\t\t\t\t\t\t\t\t<p><span style=\"color: #000000;\"><span style=\"font-weight: 400;\">O <\/span><b>\u201cQuiz da Voz\u201d<\/b><span style=\"font-weight: 400;\"> \u00e9 um jogo educativo que testa seus conhecimentos sobre os <\/span><i><span style=\"font-weight: 400;\">correlatos fisiopatol\u00f3gicos da voz<\/span><\/i><span style=\"font-weight: 400;\">. De forma r\u00e1pida e divertida, voc\u00ea ir\u00e1 revisar conceitos importantes sobre as altera\u00e7\u00f5es vocais e suas causas. Prepare-se para o desafio e mostre o quanto sabe sobre a fisiologia da voz!<\/span><\/span><\/p>\t\t\t\t\t\t\t\t<\/div>\n\t\t\t\t<\/div>\n\t\t\t\t<\/a>\n\t\t<a class=\"elementor-element elementor-element-65ec59c e-con-full e-flex e-con e-child\" data-id=\"65ec59c\" data-element_type=\"container\" data-settings=\"{&quot;background_background&quot;:&quot;classic&quot;}\" href=\"https:\/\/www.medicina.ufmg.br\/observavoz\/sala-de-aula\/atividades\/histolobby\/\">\n\t\t\t\t<div class=\"elementor-element elementor-element-39b9a6f elementor-widget elementor-widget-heading\" data-id=\"39b9a6f\" data-element_type=\"widget\" data-widget_type=\"heading.default\">\n\t\t\t\t<div class=\"elementor-widget-container\">\n\t\t\t\t\t<h2 class=\"elementor-heading-title elementor-size-default\">Histoloby<\/h2>\t\t\t\t<\/div>\n\t\t\t\t<\/div>\n\t\t\t\t<div class=\"elementor-element elementor-element-50008c1 elementor-widget elementor-widget-text-editor\" data-id=\"50008c1\" data-element_type=\"widget\" data-widget_type=\"text-editor.default\">\n\t\t\t\t<div class=\"elementor-widget-container\">\n\t\t\t\t\t\t\t\t\t<p>O<b> &#8220;Histoloby&#8221;<\/b><span style=\"font-weight: 400;\"> \u00e9 uma atividade educativa que facilita o aprendizado sobre a histologia das pregas vocais, explorando suas camadas, fun\u00e7\u00f5es e caracter\u00edsticas de forma leve e din\u00e2mica.<\/span><\/p>\t\t\t\t\t\t\t\t<\/div>\n\t\t\t\t<\/div>\n\t\t\t\t<\/a>\n\t\t<a class=\"elementor-element elementor-element-5ef9806 e-con-full e-flex e-con e-child\" data-id=\"5ef9806\" data-element_type=\"container\" data-settings=\"{&quot;background_background&quot;:&quot;classic&quot;}\" href=\"https:\/\/www.medicina.ufmg.br\/observavoz\/sala-de-aula\/atividades\/fisiolaringe\/\">\n\t\t\t\t<div class=\"elementor-element elementor-element-82933f1 elementor-widget elementor-widget-heading\" data-id=\"82933f1\" data-element_type=\"widget\" data-widget_type=\"heading.default\">\n\t\t\t\t<div class=\"elementor-widget-container\">\n\t\t\t\t\t<h2 class=\"elementor-heading-title elementor-size-default\">Fisiolaringe<\/h2>\t\t\t\t<\/div>\n\t\t\t\t<\/div>\n\t\t\t\t<div class=\"elementor-element elementor-element-cf93c42 elementor-widget elementor-widget-text-editor\" data-id=\"cf93c42\" data-element_type=\"widget\" data-widget_type=\"text-editor.default\">\n\t\t\t\t<div class=\"elementor-widget-container\">\n\t\t\t\t\t\t\t\t\t<p><span style=\"color: #000000;\"><span style=\"font-weight: 400;\">O <strong>&#8220;Fisiolaringe&#8221;<\/strong> \u00e9 uma atividade para voc\u00ea associar os m\u00fasculos extr\u00ednsecos e intr\u00ednsecos da laringe \u00e0s suas respectivas fun\u00e7\u00f5es.<\/span><\/span><\/p>\t\t\t\t\t\t\t\t<\/div>\n\t\t\t\t<\/div>\n\t\t\t\t<\/a>\n\t\t<a class=\"elementor-element elementor-element-fc70e76 e-con-full e-flex e-con e-child\" data-id=\"fc70e76\" data-element_type=\"container\" data-settings=\"{&quot;background_background&quot;:&quot;classic&quot;}\" href=\"https:\/\/www.medicina.ufmg.br\/observavoz\/sala-de-aula\/atividades\/tutorial-de-voz-infantil\/\">\n\t\t\t\t<div class=\"elementor-element elementor-element-a7736b2 elementor-widget elementor-widget-heading\" data-id=\"a7736b2\" data-element_type=\"widget\" data-widget_type=\"heading.default\">\n\t\t\t\t<div class=\"elementor-widget-container\">\n\t\t\t\t\t<h2 class=\"elementor-heading-title elementor-size-default\">Tutorial de Voz Infantil<\/h2>\t\t\t\t<\/div>\n\t\t\t\t<\/div>\n\t\t\t\t<div class=\"elementor-element elementor-element-c7979f3 elementor-widget elementor-widget-text-editor\" data-id=\"c7979f3\" data-element_type=\"widget\" data-widget_type=\"text-editor.default\">\n\t\t\t\t<div class=\"elementor-widget-container\">\n\t\t\t\t\t\t\t\t\t<p><span style=\"color: #000000;\">O<strong> \u201cTutorial de Voz Infantil\u201d<\/strong> \u00e9 uma ferramenta did\u00e1tica e interativa constru\u00edda especialmente para auxiliar o ensino te\u00f3rico e pr\u00e1tico da voz infantil.<\/span><\/p>\t\t\t\t\t\t\t\t<\/div>\n\t\t\t\t<\/div>\n\t\t\t\t<\/a>\n\t\t<a class=\"elementor-element elementor-element-77784c2 e-con-full e-flex e-con e-child\" data-id=\"77784c2\" data-element_type=\"container\" data-settings=\"{&quot;background_background&quot;:&quot;classic&quot;}\" href=\"https:\/\/www.medicina.ufmg.br\/observavoz\/sala-de-aula\/atividades\/treinamento-auditivo-para-avaliacao-vocal\/\">\n\t\t\t\t<div class=\"elementor-element elementor-element-1e682b5 elementor-widget elementor-widget-heading\" data-id=\"1e682b5\" data-element_type=\"widget\" data-widget_type=\"heading.default\">\n\t\t\t\t<div class=\"elementor-widget-container\">\n\t\t\t\t\t<h2 class=\"elementor-heading-title elementor-size-default\">Treinamento auditivo para avalia\u00e7\u00e3o vocal<\/h2>\t\t\t\t<\/div>\n\t\t\t\t<\/div>\n\t\t\t\t<div class=\"elementor-element elementor-element-bc6f01a elementor-widget elementor-widget-text-editor\" data-id=\"bc6f01a\" data-element_type=\"widget\" data-widget_type=\"text-editor.default\">\n\t\t\t\t<div class=\"elementor-widget-container\">\n\t\t\t\t\t\t\t\t\t<p><span style=\"color: #000000;\">O <strong>&#8220;Treinamento auditivo&#8221;\u00a0<\/strong>\u00e9 uma atividade para desenvolver a avalia\u00e7\u00e3o perceptiva auditiva da voz, segundo os par\u00e2metros da escala GRBASI.<\/span><\/p>\t\t\t\t\t\t\t\t<\/div>\n\t\t\t\t<\/div>\n\t\t\t\t<\/a>\n\t\t<a class=\"elementor-element elementor-element-04c51f4 e-con-full e-flex e-con e-child\" data-id=\"04c51f4\" data-element_type=\"container\" data-settings=\"{&quot;background_background&quot;:&quot;classic&quot;}\" href=\"https:\/\/www.medicina.ufmg.br\/observavoz\/sala-de-aula\/atividades\/material-didatico-para-graduacao-em-fonoaudiologia\/\">\n\t\t\t\t<div class=\"elementor-element elementor-element-185d7b4 elementor-widget elementor-widget-heading\" data-id=\"185d7b4\" data-element_type=\"widget\" data-widget_type=\"heading.default\">\n\t\t\t\t<div class=\"elementor-widget-container\">\n\t\t\t\t\t<h2 class=\"elementor-heading-title elementor-size-default\">Material Did\u00e1tico para Gradua\u00e7\u00e3o em Fonoaudiologia<\/h2>\t\t\t\t<\/div>\n\t\t\t\t<\/div>\n\t\t\t\t<div class=\"elementor-element elementor-element-f09189d elementor-widget elementor-widget-text-editor\" data-id=\"f09189d\" data-element_type=\"widget\" data-widget_type=\"text-editor.default\">\n\t\t\t\t<div class=\"elementor-widget-container\">\n\t\t\t\t\t\t\t\t\t<p><span style=\"color: #000000;\">Tutorial sobre os v\u00e1rios tipos de vozes e caracter\u00edsticas das principais les\u00f5es lar\u00edngeas.<\/span><\/p>\t\t\t\t\t\t\t\t<\/div>\n\t\t\t\t<\/div>\n\t\t\t\t<\/a>\n\t\t\t\t<\/div>\n\t\t\t\t\t<\/div>\n\t\t\t\t<\/div>\n\t\t<div class=\"elementor-element elementor-element-a471da9 e-grid e-con-boxed e-con e-parent\" data-id=\"a471da9\" data-element_type=\"container\">\n\t\t\t\t\t<div class=\"e-con-inner\">\n\t\t<div class=\"elementor-element elementor-element-bfe15d5 e-con-full e-flex e-con e-child\" data-id=\"bfe15d5\" data-element_type=\"container\">\n\t\t\t\t<div class=\"elementor-element elementor-element-df328ba elementor-widget elementor-widget-spacer\" data-id=\"df328ba\" data-element_type=\"widget\" data-widget_type=\"spacer.default\">\n\t\t\t\t<div class=\"elementor-widget-container\">\n\t\t\t\t\t\t\t<div class=\"elementor-spacer\">\n\t\t\t<div class=\"elementor-spacer-inner\"><\/div>\n\t\t<\/div>\n\t\t\t\t\t\t<\/div>\n\t\t\t\t<\/div>\n\t\t\t\t<div class=\"elementor-element elementor-element-e7f6010 elementor-align-center elementor-widget elementor-widget-button\" data-id=\"e7f6010\" data-element_type=\"widget\" data-widget_type=\"button.default\">\n\t\t\t\t<div class=\"elementor-widget-container\">\n\t\t\t\t\t\t\t\t\t<div class=\"elementor-button-wrapper\">\n\t\t\t\t\t<a class=\"elementor-button elementor-button-link elementor-size-sm\" href=\"https:\/\/www.medicina.ufmg.br\/observavoz\">\n\t\t\t\t\t\t<span class=\"elementor-button-content-wrapper\">\n\t\t\t\t\t\t\t\t\t<span class=\"elementor-button-text\">Voltar<\/span>\n\t\t\t\t\t<\/span>\n\t\t\t\t\t<\/a>\n\t\t\t\t<\/div>\n\t\t\t\t\t\t\t\t<\/div>\n\t\t\t\t<\/div>\n\t\t\t\t<div class=\"elementor-element elementor-element-063df27 elementor-widget elementor-widget-spacer\" data-id=\"063df27\" data-element_type=\"widget\" data-widget_type=\"spacer.default\">\n\t\t\t\t<div class=\"elementor-widget-container\">\n\t\t\t\t\t\t\t<div class=\"elementor-spacer\">\n\t\t\t<div class=\"elementor-spacer-inner\"><\/div>\n\t\t<\/div>\n\t\t\t\t\t\t<\/div>\n\t\t\t\t<\/div>\n\t\t\t\t<\/div>\n\t\t\t\t\t<\/div>\n\t\t\t\t<\/div>\n\t\t\t\t<\/div>\n\t\t","protected":false},"excerpt":{"rendered":"<p>Atividades Educativas Qual \u00e9 a patologia? O \u201cQual \u00e9 a patologia\u201d \u00e9 um quiz para voc\u00ea se familiarizar com as imagens das principais patologias lar\u00edngeas! Boa navega\u00e7\u00e3o. Quiz da Voz O \u201cQuiz da Voz\u201d \u00e9 um jogo educativo que testa seus conhecimentos sobre os correlatos fisiopatol\u00f3gicos da voz. De forma r\u00e1pida e divertida, voc\u00ea ir\u00e1 [&hellip;]<\/p>\n","protected":false},"author":116,"featured_media":0,"parent":0,"menu_order":0,"comment_status":"closed","ping_status":"closed","template":"elementor_header_footer","meta":{"footnotes":""},"class_list":["post-68","page","type-page","status-publish","hentry"],"_links":{"self":[{"href":"https:\/\/www.medicina.ufmg.br\/observavoz\/wp-json\/wp\/v2\/pages\/68","targetHints":{"allow":["GET"]}}],"collection":[{"href":"https:\/\/www.medicina.ufmg.br\/observavoz\/wp-json\/wp\/v2\/pages"}],"about":[{"href":"https:\/\/www.medicina.ufmg.br\/observavoz\/wp-json\/wp\/v2\/types\/page"}],"author":[{"embeddable":true,"href":"https:\/\/www.medicina.ufmg.br\/observavoz\/wp-json\/wp\/v2\/users\/116"}],"replies":[{"embeddable":true,"href":"https:\/\/www.medicina.ufmg.br\/observavoz\/wp-json\/wp\/v2\/comments?post=68"}],"version-history":[{"count":43,"href":"https:\/\/www.medicina.ufmg.br\/observavoz\/wp-json\/wp\/v2\/pages\/68\/revisions"}],"predecessor-version":[{"id":419,"href":"https:\/\/www.medicina.ufmg.br\/observavoz\/wp-json\/wp\/v2\/pages\/68\/revisions\/419"}],"wp:attachment":[{"href":"https:\/\/www.medicina.ufmg.br\/observavoz\/wp-json\/wp\/v2\/media?parent=68"}],"curies":[{"name":"wp","href":"https:\/\/api.w.org\/{rel}","templated":true}]}}