
{"id":9,"date":"2025-06-12T13:28:48","date_gmt":"2025-06-12T16:28:48","guid":{"rendered":"https:\/\/www.medicina.ufmg.br\/observavoznovo\/?page_id=9"},"modified":"2025-10-06T10:09:45","modified_gmt":"2025-10-06T13:09:45","slug":"inicial","status":"publish","type":"page","link":"https:\/\/www.medicina.ufmg.br\/observavoz\/","title":{"rendered":"Inicial"},"content":{"rendered":"\t\t<div data-elementor-type=\"wp-post\" data-elementor-id=\"9\" class=\"elementor elementor-9\">\n\t\t\t\t<div class=\"elementor-element elementor-element-4ea39bd e-flex e-con-boxed e-con e-parent\" data-id=\"4ea39bd\" data-element_type=\"container\" data-settings=\"{&quot;background_background&quot;:&quot;classic&quot;}\">\n\t\t\t\t\t<div class=\"e-con-inner\">\n\t\t\t\t<div class=\"elementor-element elementor-element-ef57dd2 elementor-widget elementor-widget-image\" data-id=\"ef57dd2\" data-element_type=\"widget\" data-widget_type=\"image.default\">\n\t\t\t\t<div class=\"elementor-widget-container\">\n\t\t\t\t\t\t\t\t\t\t\t\t\t\t\t<img fetchpriority=\"high\" decoding=\"async\" width=\"768\" height=\"198\" src=\"https:\/\/www.medicina.ufmg.br\/observavoz\/wp-content\/uploads\/sites\/116\/2025\/06\/Logo-branca-Observavoz-768x198.png\" class=\"attachment-medium_large size-medium_large wp-image-24\" alt=\"\" srcset=\"https:\/\/www.medicina.ufmg.br\/observavoz\/wp-content\/uploads\/sites\/116\/2025\/06\/Logo-branca-Observavoz-768x198.png 768w, https:\/\/www.medicina.ufmg.br\/observavoz\/wp-content\/uploads\/sites\/116\/2025\/06\/Logo-branca-Observavoz-300x77.png 300w, https:\/\/www.medicina.ufmg.br\/observavoz\/wp-content\/uploads\/sites\/116\/2025\/06\/Logo-branca-Observavoz-1024x264.png 1024w, https:\/\/www.medicina.ufmg.br\/observavoz\/wp-content\/uploads\/sites\/116\/2025\/06\/Logo-branca-Observavoz-1536x396.png 1536w, https:\/\/www.medicina.ufmg.br\/observavoz\/wp-content\/uploads\/sites\/116\/2025\/06\/Logo-branca-Observavoz-2048x528.png 2048w\" sizes=\"(max-width: 768px) 100vw, 768px\" \/>\t\t\t\t\t\t\t\t\t\t\t\t\t\t\t<\/div>\n\t\t\t\t<\/div>\n\t\t\t\t\t<\/div>\n\t\t\t\t<\/div>\n\t\t<div class=\"elementor-element elementor-element-9033f99 e-con-full e-flex e-con e-parent\" data-id=\"9033f99\" data-element_type=\"container\">\n\t\t<a class=\"elementor-element elementor-element-a50a20e e-con-full e-flex e-con e-child\" data-id=\"a50a20e\" data-element_type=\"container\" data-settings=\"{&quot;background_background&quot;:&quot;classic&quot;}\" href=\"https:\/\/www.medicina.ufmg.br\/observavoz\/sala-de-aula\/\">\n\t\t\t\t<div class=\"elementor-element elementor-element-bed4f7f elementor-widget elementor-widget-heading\" data-id=\"bed4f7f\" data-element_type=\"widget\" data-widget_type=\"heading.default\">\n\t\t\t\t<div class=\"elementor-widget-container\">\n\t\t\t\t\t<h2 class=\"elementor-heading-title elementor-size-default\">Sala de Aula<\/h2>\t\t\t\t<\/div>\n\t\t\t\t<\/div>\n\t\t\t\t<div class=\"elementor-element elementor-element-838c8bc elementor-widget elementor-widget-text-editor\" data-id=\"838c8bc\" data-element_type=\"widget\" data-widget_type=\"text-editor.default\">\n\t\t\t\t<div class=\"elementor-widget-container\">\n\t\t\t\t\t\t\t\t\t<p style=\"text-align: center;\"><span style=\"color: #f4edde;\">Materiais did\u00e1ticos e atividades complementares para alunos de Fonoaudiologia<\/span><\/p>\t\t\t\t\t\t\t\t<\/div>\n\t\t\t\t<\/div>\n\t\t\t\t<\/a>\n\t\t<a class=\"elementor-element elementor-element-40a296e e-con-full e-flex e-con e-child\" data-id=\"40a296e\" data-element_type=\"container\" data-settings=\"{&quot;background_background&quot;:&quot;classic&quot;}\" href=\"https:\/\/www.medicina.ufmg.br\/observavoz\/sala-de-espera\/\">\n\t\t\t\t<div class=\"elementor-element elementor-element-c0b9599 elementor-widget elementor-widget-heading\" data-id=\"c0b9599\" data-element_type=\"widget\" data-widget_type=\"heading.default\">\n\t\t\t\t<div class=\"elementor-widget-container\">\n\t\t\t\t\t<h2 class=\"elementor-heading-title elementor-size-default\">Sala de Espera<\/h2>\t\t\t\t<\/div>\n\t\t\t\t<\/div>\n\t\t\t\t<div class=\"elementor-element elementor-element-46c3c5a elementor-widget elementor-widget-text-editor\" data-id=\"46c3c5a\" data-element_type=\"widget\" data-widget_type=\"text-editor.default\">\n\t\t\t\t<div class=\"elementor-widget-container\">\n\t\t\t\t\t\t\t\t\t<p style=\"text-align: center;\"><span style=\"color: #f4edde;\">Atividades e orienta\u00e7\u00f5es \u00e0 popula\u00e7\u00e3o <br \/><\/span><span style=\"color: #f4edde;\">sobre cuidados com a voz<\/span><\/p>\t\t\t\t\t\t\t\t<\/div>\n\t\t\t\t<\/div>\n\t\t\t\t<\/a>\n\t\t<a class=\"elementor-element elementor-element-0ef595d e-con-full e-flex e-con e-child\" data-id=\"0ef595d\" data-element_type=\"container\" data-settings=\"{&quot;background_background&quot;:&quot;classic&quot;}\" href=\"https:\/\/www.medicina.ufmg.br\/observavoz\/sala-de-treinamento\/\">\n\t\t\t\t<div class=\"elementor-element elementor-element-278e5b8 elementor-widget elementor-widget-heading\" data-id=\"278e5b8\" data-element_type=\"widget\" data-widget_type=\"heading.default\">\n\t\t\t\t<div class=\"elementor-widget-container\">\n\t\t\t\t\t<h2 class=\"elementor-heading-title elementor-size-default\">Sala de Treinamento<\/h2>\t\t\t\t<\/div>\n\t\t\t\t<\/div>\n\t\t\t\t<div class=\"elementor-element elementor-element-826d99d elementor-widget elementor-widget-text-editor\" data-id=\"826d99d\" data-element_type=\"widget\" data-widget_type=\"text-editor.default\">\n\t\t\t\t<div class=\"elementor-widget-container\">\n\t\t\t\t\t\t\t\t\t<p style=\"text-align: center;\"><span style=\"color: #f4edde;\">Materiais instrucionais de avalia\u00e7\u00e3o e treinamentos da \u00e1rea da voz<\/span><\/p>\t\t\t\t\t\t\t\t<\/div>\n\t\t\t\t<\/div>\n\t\t\t\t<\/a>\n\t\t\t\t<\/div>\n\t\t<div class=\"elementor-element elementor-element-1bb4ab5 e-flex e-con-boxed e-con e-parent\" data-id=\"1bb4ab5\" data-element_type=\"container\">\n\t\t\t\t\t<div class=\"e-con-inner\">\n\t\t<div class=\"elementor-element elementor-element-ea6e8aa e-con-full e-flex e-con e-child\" data-id=\"ea6e8aa\" data-element_type=\"container\">\n\t\t\t\t<div class=\"elementor-element elementor-element-94dd061 elementor-widget elementor-widget-spacer\" data-id=\"94dd061\" data-element_type=\"widget\" data-widget_type=\"spacer.default\">\n\t\t\t\t<div class=\"elementor-widget-container\">\n\t\t\t\t\t\t\t<div class=\"elementor-spacer\">\n\t\t\t<div class=\"elementor-spacer-inner\"><\/div>\n\t\t<\/div>\n\t\t\t\t\t\t<\/div>\n\t\t\t\t<\/div>\n\t\t\t\t<div class=\"elementor-element elementor-element-7717a44 elementor-widget elementor-widget-image\" data-id=\"7717a44\" data-element_type=\"widget\" data-widget_type=\"image.default\">\n\t\t\t\t<div class=\"elementor-widget-container\">\n\t\t\t\t\t\t\t\t\t\t\t\t\t\t\t\t<a href=\"https:\/\/www.medicina.ufmg.br\/observavoznovo\/wp-content\/uploads\/sites\/116\/2025\/06\/Logo-Observavoz-1.png\" data-elementor-open-lightbox=\"yes\" data-elementor-lightbox-title=\"Logo - Observavoz\" data-e-action-hash=\"#elementor-action%3Aaction%3Dlightbox%26settings%3DeyJpZCI6MjEsInVybCI6Imh0dHBzOlwvXC93d3cubWVkaWNpbmEudWZtZy5iclwvb2JzZXJ2YXZvelwvd3AtY29udGVudFwvdXBsb2Fkc1wvc2l0ZXNcLzExNlwvMjAyNVwvMDZcL0xvZ28tT2JzZXJ2YXZvei0xLnBuZyJ9\">\n\t\t\t\t\t\t\t<img decoding=\"async\" width=\"267\" height=\"300\" src=\"https:\/\/www.medicina.ufmg.br\/observavoz\/wp-content\/uploads\/sites\/116\/2025\/06\/Logo-Observavoz-1-267x300.png\" class=\"attachment-medium size-medium wp-image-21\" alt=\"\" srcset=\"https:\/\/www.medicina.ufmg.br\/observavoz\/wp-content\/uploads\/sites\/116\/2025\/06\/Logo-Observavoz-1-267x300.png 267w, https:\/\/www.medicina.ufmg.br\/observavoz\/wp-content\/uploads\/sites\/116\/2025\/06\/Logo-Observavoz-1.png 537w\" sizes=\"(max-width: 267px) 100vw, 267px\" \/>\t\t\t\t\t\t\t\t<\/a>\n\t\t\t\t\t\t\t\t\t\t\t\t\t\t\t<\/div>\n\t\t\t\t<\/div>\n\t\t\t\t<\/div>\n\t\t<div class=\"elementor-element elementor-element-107d3dc e-con-full e-flex e-con e-child\" data-id=\"107d3dc\" data-element_type=\"container\">\n\t\t<div class=\"elementor-element elementor-element-d752c45 e-con-full e-flex e-con e-child\" data-id=\"d752c45\" data-element_type=\"container\">\n\t\t\t\t<div class=\"elementor-element elementor-element-9504f5b elementor-widget elementor-widget-spacer\" data-id=\"9504f5b\" data-element_type=\"widget\" data-widget_type=\"spacer.default\">\n\t\t\t\t<div class=\"elementor-widget-container\">\n\t\t\t\t\t\t\t<div class=\"elementor-spacer\">\n\t\t\t<div class=\"elementor-spacer-inner\"><\/div>\n\t\t<\/div>\n\t\t\t\t\t\t<\/div>\n\t\t\t\t<\/div>\n\t\t\t\t<div class=\"elementor-element elementor-element-f4b1f76 elementor-widget elementor-widget-button\" data-id=\"f4b1f76\" data-element_type=\"widget\" data-widget_type=\"button.default\">\n\t\t\t\t<div class=\"elementor-widget-container\">\n\t\t\t\t\t\t\t\t\t<div class=\"elementor-button-wrapper\">\n\t\t\t\t\t<a class=\"elementor-button elementor-button-link elementor-size-sm elementor-animation-grow\" href=\"https:\/\/www.medicina.ufmg.br\/observavoz\/sobre\/\">\n\t\t\t\t\t\t<span class=\"elementor-button-content-wrapper\">\n\t\t\t\t\t\t\t\t\t<span class=\"elementor-button-text\">Sobre o ObservaVoz<\/span>\n\t\t\t\t\t<\/span>\n\t\t\t\t\t<\/a>\n\t\t\t\t<\/div>\n\t\t\t\t\t\t\t\t<\/div>\n\t\t\t\t<\/div>\n\t\t\t\t<\/div>\n\t\t<div class=\"elementor-element elementor-element-89a4e69 e-con-full e-flex e-con e-child\" data-id=\"89a4e69\" data-element_type=\"container\">\n\t\t\t\t<div class=\"elementor-element elementor-element-ef693b8 elementor-widget__width-initial elementor-widget elementor-widget-text-editor\" data-id=\"ef693b8\" data-element_type=\"widget\" data-widget_type=\"text-editor.default\">\n\t\t\t\t<div class=\"elementor-widget-container\">\n\t\t\t\t\t\t\t\t\t<p>O ObservaVoz \u00e9 um projeto de extens\u00e3o que tem como objetivo difundir conhecimento, informa\u00e7\u00f5es e orienta\u00e7\u00f5es sobre a voz humana nos v\u00e1rios ciclos da vida.<br \/>Nossa proposta \u00e9 contribuir para a promo\u00e7\u00e3o da sa\u00fade, melhoria da qualidade de vida das pessoas e do ensino da Voz em Fonoaudiologia.<\/p>\t\t\t\t\t\t\t\t<\/div>\n\t\t\t\t<\/div>\n\t\t\t\t<div class=\"elementor-element elementor-element-3c2ea67 elementor-align-right elementor-widget elementor-widget-button\" data-id=\"3c2ea67\" data-element_type=\"widget\" data-widget_type=\"button.default\">\n\t\t\t\t<div class=\"elementor-widget-container\">\n\t\t\t\t\t\t\t\t\t<div class=\"elementor-button-wrapper\">\n\t\t\t\t\t<a class=\"elementor-button elementor-button-link elementor-size-sm elementor-animation-grow\" href=\"https:\/\/www.medicina.ufmg.br\/observavoz\/sobre\/\">\n\t\t\t\t\t\t<span class=\"elementor-button-content-wrapper\">\n\t\t\t\t\t\t<span class=\"elementor-button-icon\">\n\t\t\t\t<svg aria-hidden=\"true\" class=\"e-font-icon-svg e-fas-plus-circle\" viewBox=\"0 0 512 512\" xmlns=\"http:\/\/www.w3.org\/2000\/svg\"><path d=\"M256 8C119 8 8 119 8 256s111 248 248 248 248-111 248-248S393 8 256 8zm144 276c0 6.6-5.4 12-12 12h-92v92c0 6.6-5.4 12-12 12h-56c-6.6 0-12-5.4-12-12v-92h-92c-6.6 0-12-5.4-12-12v-56c0-6.6 5.4-12 12-12h92v-92c0-6.6 5.4-12 12-12h56c6.6 0 12 5.4 12 12v92h92c6.6 0 12 5.4 12 12v56z\"><\/path><\/svg>\t\t\t<\/span>\n\t\t\t\t\t\t\t\t<\/span>\n\t\t\t\t\t<\/a>\n\t\t\t\t<\/div>\n\t\t\t\t\t\t\t\t<\/div>\n\t\t\t\t<\/div>\n\t\t\t\t<div class=\"elementor-element elementor-element-d8392e3 elementor-widget elementor-widget-spacer\" data-id=\"d8392e3\" data-element_type=\"widget\" data-widget_type=\"spacer.default\">\n\t\t\t\t<div class=\"elementor-widget-container\">\n\t\t\t\t\t\t\t<div class=\"elementor-spacer\">\n\t\t\t<div class=\"elementor-spacer-inner\"><\/div>\n\t\t<\/div>\n\t\t\t\t\t\t<\/div>\n\t\t\t\t<\/div>\n\t\t\t\t<\/div>\n\t\t\t\t<\/div>\n\t\t\t\t\t<\/div>\n\t\t\t\t<\/div>\n\t\t\t\t<\/div>\n\t\t","protected":false},"excerpt":{"rendered":"<p>Sala de Aula Materiais did\u00e1ticos e atividades complementares para alunos de Fonoaudiologia Sala de Espera Atividades e orienta\u00e7\u00f5es \u00e0 popula\u00e7\u00e3o sobre cuidados com a voz Sala de Treinamento Materiais instrucionais de avalia\u00e7\u00e3o e treinamentos da \u00e1rea da voz Sobre o ObservaVoz O ObservaVoz \u00e9 um projeto de extens\u00e3o que tem como objetivo difundir conhecimento, informa\u00e7\u00f5es [&hellip;]<\/p>\n","protected":false},"author":116,"featured_media":0,"parent":0,"menu_order":0,"comment_status":"closed","ping_status":"closed","template":"elementor_header_footer","meta":{"footnotes":""},"class_list":["post-9","page","type-page","status-publish","hentry"],"_links":{"self":[{"href":"https:\/\/www.medicina.ufmg.br\/observavoz\/wp-json\/wp\/v2\/pages\/9","targetHints":{"allow":["GET"]}}],"collection":[{"href":"https:\/\/www.medicina.ufmg.br\/observavoz\/wp-json\/wp\/v2\/pages"}],"about":[{"href":"https:\/\/www.medicina.ufmg.br\/observavoz\/wp-json\/wp\/v2\/types\/page"}],"author":[{"embeddable":true,"href":"https:\/\/www.medicina.ufmg.br\/observavoz\/wp-json\/wp\/v2\/users\/116"}],"replies":[{"embeddable":true,"href":"https:\/\/www.medicina.ufmg.br\/observavoz\/wp-json\/wp\/v2\/comments?post=9"}],"version-history":[{"count":65,"href":"https:\/\/www.medicina.ufmg.br\/observavoz\/wp-json\/wp\/v2\/pages\/9\/revisions"}],"predecessor-version":[{"id":468,"href":"https:\/\/www.medicina.ufmg.br\/observavoz\/wp-json\/wp\/v2\/pages\/9\/revisions\/468"}],"wp:attachment":[{"href":"https:\/\/www.medicina.ufmg.br\/observavoz\/wp-json\/wp\/v2\/media?parent=9"}],"curies":[{"name":"wp","href":"https:\/\/api.w.org\/{rel}","templated":true}]}}