{"id":24,"date":"2015-02-24T21:00:38","date_gmt":"2015-02-24T21:00:38","guid":{"rendered":"https:\/\/www.medicina.ufmg.br\/oft\/?page_id=24"},"modified":"2022-10-04T17:14:13","modified_gmt":"2022-10-04T17:14:13","slug":"sobre","status":"publish","type":"page","link":"https:\/\/www.medicina.ufmg.br\/oft\/sobre\/","title":{"rendered":"Sobre"},"content":{"rendered":"\n<p>O Departamento de Oftalmologia e Otorrinolaringologia abriga duas especialidades m\u00e9dicas dedicadas ao ensino, pesquisa e extens\u00e3o de \u00f3rg\u00e3os essenciais  para a comunica\u00e7\u00e3o e relacionamento com o meio ambiente, a vis\u00e3o e a audi\u00e7\u00e3o.<\/p>\n\n\n\n<!--more-->\n\n\n\n<h2 class=\"wp-block-heading\">Oftalmologia<\/h2>\n\n\n\n<p>A Oftalmologia \u00e9 o ramo da medicina que estuda o sistema visual, dedicando-se aos cuidados com os olhos, seus anexos e as vias visuais. As atividades de Oftalmologia, englobando o ensino de gradua\u00e7\u00e3o, resid\u00eancia m\u00e9dica, p\u00f3s-gradua\u00e7\u00e3o, pesquisa, extens\u00e3o e administra\u00e7\u00e3o, s\u00e3o exercidas basicamente na Faculdade de Medicina e no Hospital S\u00e3o Geraldo da UFMG.<\/p>\n\n\n\n<p>A especialidade oftalmologia tem v\u00e1rias subespecialidades cujas atividades s\u00e3o desenvolvidas no Hospital S\u00e3o Geraldo: C\u00f3rnea (Doen\u00e7as Externas Oculares, Catarata e Refrativa), Estrabismo, Glaucoma, Lentes de Contato, Neuroftalmologia, Pl\u00e1stica Ocular (P\u00e1lpebras, \u00d3rbita e Vias Lacrimais), Uve\u00edtes, Vis\u00e3o Subnormal. A Proped\u00eautica Complementar Oftalmol\u00f3gica engloba os exames de angiofluoresceinografia, biomicrocopia ultrass\u00f4nica, campo visual computadorizado e manual, ecografia, microscopia especular,e outros relacionados \u00e0s diversas subespecialidades.<\/p>\n\n\n\n<h2 class=\"wp-block-heading\">Otorrinolaringologia<\/h2>\n\n\n\n<p>A Otorrinolaringologia \u00e9 a especialidade m\u00e9dica cujos profissionais s\u00e3o capacitados para a avalia\u00e7\u00e3o e tratamento cl\u00ednico e cir\u00fargico de pacientes com doen\u00e7as do ouvido, nariz e garganta, al\u00e9m de estruturas relacionadas da cabe\u00e7a e pesco\u00e7o. Esses especialistas, os otorrinolaringologistas, tamb\u00e9m carinhosamente chamados de &#8220;Otorrinos&#8221;, apresentam habilidades para diagnosticar e tratar as doen\u00e7as abaixo relacionadas:<\/p>\n\n\n\n<p><strong>Ouvido<\/strong> \u2013 perda de audi\u00e7\u00e3o, otites, zumbido, desordens do equil\u00edbrio ou \u201clabirintites\u201d, al\u00e9m de m\u00e1s forma\u00e7\u00f5es cong\u00eanitas otol\u00f3gicas.<\/p>\n\n\n\n<p><strong>Nariz e seios paranasais<\/strong> \u2013 rinites, sinusites, alergias nasais, obstru\u00e7\u00e3o nasal e dist\u00farbios do olfato.<\/p>\n\n\n\n<p><strong>Garganta<\/strong> \u2013 dores de garganta, amigdalites, aden\u00f3ides, dist\u00farbios de degluti\u00e7\u00e3o, les\u00f5es da cavidade oral e rouquid\u00e3o.<\/p>\n\n\n\n<p><strong>Cabe\u00e7a e Pesco\u00e7o<\/strong> \u2013 doen\u00e7as infecciosas, tumores benignos e malignos, trauma facial e deformidades craniofaciais<\/p>\n\n\n\n<p><strong>Outras \u00e1reas de atua\u00e7\u00e3o<\/strong> \u2013 deformidades e trauma facial, cirurgia est\u00e9tica da face, roncos e apn\u00e9ia noturna.<\/p>\n\n\n\n<p>Os otorrinolaringologistas completam sua forma\u00e7\u00e3o m\u00ednima indispens\u00e1vel para sua habilita\u00e7\u00e3o ap\u00f3s seis anos de curso m\u00e9dico e, no m\u00ednimo, tr\u00eas anos de resid\u00eancia m\u00e9dica credenciada pela Comiss\u00e3o Nacional de Resid\u00eancia M\u00e9dica ou est\u00e1gio credenciado pela Associa\u00e7\u00e3o Brasileira de Otorrinolaringologia e Cirurgia C\u00e9rvico-facial. Al\u00e9m disso, o especialista deve ser aprovado em prova te\u00f3rica e pr\u00e1tica da associa\u00e7\u00e3o.<\/p>\n\n\n\n<p>Alguns otorrinos realizam ainda est\u00e1gios complementares em alguma sub\u00e1rea \u2013 Otologia\/Otoneurologia (doen\u00e7as do ouvido, baixa de audi\u00e7\u00e3o\/dist\u00farbios do equil\u00edbrio), Rinologia (doen\u00e7as do nariz e seios da face), Laringologia (doen\u00e7as da laringe), Cirurgia C\u00e9rvico-facial (doen\u00e7as da cabe\u00e7a e pesco\u00e7o, tire\u00f3ide) e Otorrinolaringologia Pedi\u00e1trica (otites, deformidades cong\u00eanitas craniofaciais e baixa de audi\u00e7\u00e3o em crian\u00e7as).<\/p>\n\n\n\n<h2 class=\"wp-block-heading\">Administra\u00e7\u00e3o<\/h2>\n\n\n\n<p><strong>Chefe do Departamento<\/strong> <br>Professor Daniel V\u00edtor de Vasconcelos Santos<br>28\/02\/2022 a 28\/02\/2024<\/p>\n\n\n\n<p><strong>Subchefe do Departamento<\/strong><br>Professora Let\u00edcia Paiva Franco<br>28\/02\/2022 a 28\/02\/2024 <\/p>\n\n\n\n<p><strong>Secret\u00e1ria Administrativa<\/strong><br>Paula Hott Lacerda<\/p>\n\n\n\n<p><strong>Hor\u00e1rio de funcionamento:<\/strong>\u00a0\u00a09h \u00e0s 15h<\/p>\n\n\n\n<p><strong>Assembl\u00e9ia Departamental<\/strong><br>Professora Ana Rosa Pimentel de Figueiredo<br>Professor Andr\u00e9 Aguiar Oliveira<br>Professor Daniel Vitor de Vasconcelos Santos<br>Professora Denise Utsch Gon\u00e7alves<br>Professor Fl\u00e1vio Barbosa Nunes<br>Professor Galton Carvalho Vasconcelos<br>Professora Helena Maria Gon\u00e7alves Becker<br>Professora Let\u00edcia Paiva Franco<br>Professor M\u00e1rcio Bittar Nehemy<br>Professor Marco Aur\u00e9lio Lana Peixoto<br>Professor Wesley Ribeiro Campos<\/p>\n\n\n\n<p><strong>Comiss\u00e3o de Coordena\u00e7\u00e3o Did\u00e1tica<\/strong><br>Professora Ana Rosa Pimentel de Figueiredo<br>Professor Daniel Vitor de Vasconcelos Santos<br>Professora Denise Utsch Gon\u00e7alves<br>Professor Fl\u00e1vio Barbosa Nunes<br>Professora Helena Maria Gon\u00e7alves Becker<br>Professor M\u00e1rcio Bittar Nehemy<\/p>\n\n\n\n<h2 class=\"wp-block-heading\">Hist\u00f3rico<\/h2>\n\n\n\n<p>Nossa hist\u00f3ria come\u00e7a com a funda\u00e7\u00e3o da Faculdade de Medicina em 5 de mar\u00e7o de 1911 por uma pl\u00eaiade de m\u00e9dicos ilustres como: Honorato Alves, Hugo Wemeck, Zoroastro Alvarenga, Ant\u00f4nio Aleixo, Samuel Lib\u00e2nio, Ezequiel Dias, Alfredo Balena, Octavio Machado, Aur\u00e9lio Pires, Corn\u00e9lio Vaz de Melo, Eduardo Borges Ribeiro da Costa e Olinto Meireles, todos liderados por C\u00edcero Ferreira.&nbsp; Honorato Alves foi o primeiro professor de Cl\u00ednica Oftalmol\u00f3gica, iniciando em 1911.<\/p>\n\n\n\n<p>No dia 4 de julho de 1920 foi inaugurado o&nbsp; Hospital S\u00e3o Geraldo. Assim se fundou a primeira institui\u00e7\u00e3o hospitalar que nesta \u00e9poca atendia pelo nome de Faculdade de Medicina de Belo Horizonte.<br>Em 1927, estando vaga a C\u00e1tedra de Cl\u00ednica Otorrinolaringol\u00f3gica, foi aberto o concurso no qual o Prof. Ildeu Duarte obteve o primeiro lugar.<\/p>\n\n\n\n<p>No per\u00edodo de 1942 a 1978 o Departamento de Oftalmologia da Faculdade de Medicina da UFMG teve sua fase \u00e1urea com o Prof. Hilton Ribeiro da Rocha na chefia.&nbsp; Assim, passou a formar profissionais e professores de alto n\u00edvel.<\/p>\n\n\n\n<p>Em 1959 iniciou o Curso de Especializa\u00e7\u00e3o em Oftalmologia com dois anos de dura\u00e7\u00e3o e feito em regime de Resid\u00eancia M\u00e9dica, que passou a ser reconhecido pela Universidade a partir de 27\/2\/1962. A Resid\u00eancia M\u00e9dica teve seu credenciamento em 1972.<\/p>\n\n\n\n<p>Em agosto de 1968 foi criado o Curso de P\u00f3s-Gradua\u00e7\u00e3o em Oftalmologia \u2013 n\u00edvel Doutorado, sendo o primeiro Curso de P\u00f3s-gradua\u00e7\u00e3o da Faculdade de Medicina da UFMG com reconhecimento do Conselho Universit\u00e1rio (29\/10\/68).&nbsp; &nbsp;Em outubro de 2007 os Coordenadores dos Cursos de Oftalmologia e Cirurgia, o Diretor da Faculdade de Medicina&nbsp; e o Pr\u00f3-Reitor de P\u00f3s-Gradua\u00e7\u00e3o da UFMG, aprovaram a Fus\u00e3o<strong>&nbsp;<\/strong>dos cursos de oftalmologia e cirurgia.&nbsp; No dia 22 de novembro de 2007 a Pr\u00f3-Reitoria de P\u00f3s-Gradua\u00e7\u00e3o aprovou a cria\u00e7\u00e3o&nbsp; do novo Programa de P\u00f3s-Gradua\u00e7\u00e3o em Ci\u00eancias Aplicadas \u00e0 Cirurgia e \u00e0 Oftalmologia, que foi lan\u00e7ado no dia 06 de dezembro de 2007 na Faculdade de Medicina.<\/p>\n\n\n\n<p>O Curso de Fonoaudiologia foi criado pelo Departamento de Oftalmologia e Otorrinolaringologia, de interesse da Faculdade de Medicina da UFMG, que entrou em vigor a partir da publica\u00e7\u00e3o da Resolu\u00e7\u00e3o n\u00ba. 07\/99, de 1\u00ba de julho de 1999.<strong>&nbsp;<\/strong>O Departamento passou a ser denominado: Departamento de Oftalmologia, Otorrinolaringologia e Fonoaudiologia. A primeira turma iniciou em mar\u00e7o do ano de 2000. O Curso de Fonoaudiologia<strong>&nbsp;<\/strong>ficou vinculado ao Departamento OFT at\u00e9 fevereiro de 2007, ocasi\u00e3o em que foi criado o Departamento de Fonoaudiologia (Resolu\u00e7\u00e3o 16\/2006 do Conselho Universit\u00e1rio da UFMG). O Departamento voltou para a denomina\u00e7\u00e3o: Oftalmologia e Otorrinolaringologia.<\/p>\n\n\n\n<p>\u00c9 grande a atividade de extens\u00e3o dos docentes do Departamento atrav\u00e9s dos Servi\u00e7os de Oftalmologia e Otorrinolaringologia&nbsp; do Hospital das Cl\u00ednicas \u2013 Docente-Assistencial (atendimento a pacientes previamente agendados nas diversas subespecialidades \u2013 1as. Consultas, retornos, exames e cirurgias, acompanhados de m\u00e9dicos residentes onde recebem as orienta\u00e7\u00f5es necess\u00e1rias).<\/p>\n\n\n\n<p>A Capacita\u00e7\u00e3o Docente&nbsp; \u00e9 feita do ponto de vista profissional, que reflete no ensino, constantemente na aquisi\u00e7\u00e3o de novas t\u00e9cnicas de ensino, diagn\u00f3sticas e de tratamento, e adapta\u00e7\u00e3o aos novos aparelhos desenvolvidos.<\/p>\n\n\n\n<p>O Departamento tem como pol\u00edtica atual, incentivar a pesquisa pelos alunos que participam das atividades departamentais, principalmente alunos da gradua\u00e7\u00e3o (Inicia\u00e7\u00e3o Cient\u00edfica e Monitoria), residentes, estagi\u00e1rios e p\u00f3s-graduandos. Como resultado, temos aumentado consideravelmente, o n\u00famero de trabalhos publicados em revistas indexadas.<\/p>\n","protected":false},"excerpt":{"rendered":"<p>O Departamento de Oftalmologia e Otorrinolaringologia abriga duas especialidades m\u00e9dicas dedicadas ao ensino, pesquisa e extens\u00e3o de \u00f3rg\u00e3os essenciais para a comunica\u00e7\u00e3o e relacionamento com o meio ambiente, a vis\u00e3o e a audi\u00e7\u00e3o.<\/p>\n","protected":false},"author":27,"featured_media":0,"parent":0,"menu_order":0,"comment_status":"closed","ping_status":"closed","template":"","meta":{"footnotes":""},"class_list":["post-24","page","type-page","status-publish","hentry"],"_links":{"self":[{"href":"https:\/\/www.medicina.ufmg.br\/oft\/wp-json\/wp\/v2\/pages\/24","targetHints":{"allow":["GET"]}}],"collection":[{"href":"https:\/\/www.medicina.ufmg.br\/oft\/wp-json\/wp\/v2\/pages"}],"about":[{"href":"https:\/\/www.medicina.ufmg.br\/oft\/wp-json\/wp\/v2\/types\/page"}],"author":[{"embeddable":true,"href":"https:\/\/www.medicina.ufmg.br\/oft\/wp-json\/wp\/v2\/users\/27"}],"replies":[{"embeddable":true,"href":"https:\/\/www.medicina.ufmg.br\/oft\/wp-json\/wp\/v2\/comments?post=24"}],"version-history":[{"count":18,"href":"https:\/\/www.medicina.ufmg.br\/oft\/wp-json\/wp\/v2\/pages\/24\/revisions"}],"predecessor-version":[{"id":273,"href":"https:\/\/www.medicina.ufmg.br\/oft\/wp-json\/wp\/v2\/pages\/24\/revisions\/273"}],"wp:attachment":[{"href":"https:\/\/www.medicina.ufmg.br\/oft\/wp-json\/wp\/v2\/media?parent=24"}],"curies":[{"name":"wp","href":"https:\/\/api.w.org\/{rel}","templated":true}]}}