{"id":27,"date":"2015-02-24T21:00:48","date_gmt":"2015-02-24T21:00:48","guid":{"rendered":"https:\/\/www.medicina.ufmg.br\/oft\/?page_id=27"},"modified":"2024-06-10T18:26:15","modified_gmt":"2024-06-10T18:26:15","slug":"corpo-docente","status":"publish","type":"page","link":"https:\/\/www.medicina.ufmg.br\/oft\/corpo-docente\/","title":{"rendered":"Corpo Docente"},"content":{"rendered":"\n<h2 class=\"wp-block-heading\">Oftalmologia<\/h2>\n\n\n\n<p><strong>Titular<\/strong><\/p>\n\n\n\n<figure class=\"wp-block-table\"><table><tbody><tr><td><strong>PROFESSOR(A)<\/strong><\/td><td><strong>TITULA\u00c7\u00c3O<\/strong><\/td><td><strong>SUB\u00c1REA<\/strong><\/td><td><strong>E-MAIL<\/strong><\/td><\/tr><tr><td>M\u00e1rcio Bittar Nehemy &#8211; <a href=\"http:\/\/lattes.cnpq.br\/8252965398850484\" target=\"_blank\" rel=\"noopener noreferrer\">Lattes<\/a><\/td><td>Doutor<\/td><td>Retina e V\u00edtreo<\/td><td><a href=\"mailto:mbnehemy@terra.com.br\">mbnehemy@terra.com.br<\/a><br><a href=\"mailto:ivisao@ivisao.com\">ivisao@ivisao.com<\/a><\/td><\/tr><\/tbody><\/table><\/figure>\n\n\n\n<p><strong>Associado<\/strong><\/p>\n\n\n\n<figure class=\"wp-block-table\"><table><tbody><tr><td> <strong>PROFESSOR<\/strong> (A)<\/td><td><strong>TITULA\u00c7\u00c3O<\/strong><\/td><td><strong>SUB\u00c1REA<\/strong><\/td><td><strong>E-MAIL<\/strong> <\/td><\/tr><tr><td>Daniel Vitor de Vasconcelos Santos &#8211; <a rel=\"noopener noreferrer\" href=\"http:\/\/lattes.cnpq.br\/6549490172548343\" target=\"_blank\">Lattes<\/a> <\/td><td>P\u00f3s-Doutorado<\/td><td> Uve\u00edtes <\/td><td><a href=\"mailto:dvitor@ufmg.br\">dvitor@ufmg.br<\/a><br><a href=\"mailto:dvitorvs@gmail.com\">dvitorvs@gmail.com<\/a><\/td><\/tr><\/tbody><\/table><\/figure>\n\n\n\n<p><strong>Adjunto<\/strong><\/p>\n\n\n\n<figure class=\"wp-block-table\"><table><tbody><tr><td><strong>PROFESSOR(A)<\/strong><\/td><td><strong>TITULA\u00c7\u00c3O<\/strong><\/td><td><strong>SUB\u00c1REA<\/strong><\/td><td><strong>E-MAIL<\/strong><\/td><\/tr><tr><td>Ana Rosa Pimentel de Figueiredo &#8211; <a href=\"http:\/\/lattes.cnpq.br\/5351476946880758\" target=\"_blank\" rel=\"noopener noreferrer\">Lattes<\/a><\/td><td>Doutora<\/td><td>Pl\u00e1stica Ocular<\/td><td><a rel=\"noreferrer noopener\" href=\"mailto:anarpimentel2@gmail.com\" target=\"_blank\">anarpimentel2@gmail.com<\/a><\/td><\/tr><tr><td>Andr\u00e9 Aguiar Oliveira &#8211; <a href=\"http:\/\/lattes.cnpq.br\/2067336018080673\" target=\"_blank\" rel=\"noopener noreferrer\">Lattes<\/a><\/td><td>Doutor<\/td><td>Retina<\/td><td><a href=\"mailto:andreaguiaroftalmo@gmail.com\">andreaguiaroftalmo@gmail.com<\/a><\/td><\/tr><tr><td>Galton Carvalho Vasconcelos &#8211; <a href=\"http:\/\/lattes.cnpq.br\/8491385040596497\" target=\"_blank\" rel=\"noopener noreferrer\">Lattes<\/a><\/td><td>Doutor<\/td><td>Estrabismo<br><p><span style=\"font-family: inherit; font-size: inherit; font-weight: inherit; color: initial;\">Oftalmologia Pedi\u00e1trica e Baixa Vis\u00e3o Infantil <\/span><\/p><\/td><td><a href=\"mailto:galtoncvasc@yahoo.com.br\">galtoncvasc@yahoo.com.br<\/a><\/td><\/tr><tr><td>Alberto Diniz Filho &#8211; <a href=\"http:\/\/lattes.cnpq.br\/8241948301829061\">Lattes<\/a><\/td><td>P\u00f3s-Doutorado<\/td><td>Glaucoma<\/td><td><a href=\"mailto:adinizfilho@ufmg.br\" target=\"_blank\" rel=\"noreferrer noopener\">adinizfilho@ufmg.br<\/a><\/td><\/tr><tr><td>Carlos Eduardo dos Reis Veloso &#8211; <a href=\"http:\/\/lattes.cnpq.br\/1293392727168473\">Lattes<\/a><\/td><td>Doutor<\/td><td>Retina e V\u00edtreo<\/td><td><a href=\"mailto:carlosoftalmo@gmail.com\" target=\"_blank\" rel=\"noreferrer noopener\">carlosoftalmo@gmail.com<\/a><\/td><\/tr><\/tbody><\/table><\/figure>\n\n\n\n<p><strong>Professor Convidado<\/strong><\/p>\n\n\n\n<figure class=\"wp-block-table\"><table><tbody><tr><td><strong>Professor(a)<\/strong><\/td><td><strong>Titula\u00e7\u00e3o<\/strong><\/td><td><strong>Sub\u00e1rea<\/strong><\/td><td><strong>E-mail<\/strong><\/td><\/tr><tr><td>Joel Edmur Boteon &#8211; <a href=\"http:\/\/lattes.cnpq.br\/8743915258633082\" target=\"_blank\" rel=\"noopener noreferrer\">Lattes<\/a><\/td><td>P\u00f3s-Doutorado<\/td><td>C\u00f3rnea<\/td><td><a href=\"mailto:joelboteon@yahoo.com\">joelboteon@yahoo.com<\/a><\/td><\/tr><tr><td>Marco Aur\u00e9lio Lana Peixoto &#8211; <a rel=\"noopener noreferrer\" href=\"http:\/\/lattes.cnpq.br\/8970630770140697\" target=\"_blank\">Lattes<\/a> <\/td><td>Doutor <\/td><td>Neuro-Oftalmologia <\/td><td> <a href=\"mailto:marco.lanapeixoto@gmail.com\">marco.lanapeixoto@gmail.com<\/a> <\/td><\/tr><tr><td>Danielle Pimenta Viana Trindade<\/td><td>Doutor <\/td><td>Pl\u00e1stica Ocular<\/td><td><a href=\"daniellepfviana@yahoo.com.br\">daniellepfviana@yahoo.com.br<\/a><\/td><\/tr><\/tbody><\/table><\/figure>\n\n\n\n<p><strong>Professor Em\u00e9rito<\/strong><\/p>\n\n\n\n<figure class=\"wp-block-table\"><table><tbody><tr><td><strong>Professor(a)<\/strong><\/td><td><strong>Titula\u00e7\u00e3o<\/strong><\/td><td><strong>Sub\u00e1rea<\/strong><\/td><td><strong>E-mail<\/strong><\/td><\/tr><tr><td>Nassim da Silveira Calixto &#8211; <a href=\"http:\/\/lattes.cnpq.br\/0939246073089471\" target=\"_blank\" rel=\"noopener noreferrer\">Lattes<\/a><\/td><td>Doutor<\/td><td>Glaucoma<\/td><td><a href=\"mailto:clinicacalixto@terra.com.br\">clinicacalixto@terra.com.br<\/a><\/td><\/tr><\/tbody><\/table><\/figure>\n\n\n\n<h2 class=\"wp-block-heading\"><strong>Otorrinolaringologia<\/strong><\/h2>\n\n\n\n<p><strong>Titular<\/strong><\/p>\n\n\n\n<figure class=\"wp-block-table\"><table><tbody><tr><td><strong>PROFESSOR(A)<\/strong><\/td><td><strong>TITULA\u00c7\u00c3O<\/strong><\/td><td><strong>E-MAIL<\/strong><\/td><\/tr><tr><td>Denise Utsch Gon\u00e7alves &#8211; <a href=\"http:\/\/lattes.cnpq.br\/2330509846581060\" target=\"_blank\" rel=\"noopener noreferrer\">Lattes<\/a><\/td><td>P\u00f3s-Doutorado<\/td><td><a href=\"mailto:deniseg@medicina.ufmg.br\">deniseg@medicina.ufmg.br<\/a><br><a href=\"mailto:deniseu85@gmail.com\">deniseu85@gmail.com<\/a><\/td><\/tr><\/tbody><\/table><\/figure>\n\n\n\n<p><strong>Adjunto<\/strong><\/p>\n\n\n\n<figure class=\"wp-block-table\"><table><tbody><tr><td><strong>PROFESSOR(A)<\/strong><\/td><td><strong>TITULA\u00c7\u00c3O<\/strong><\/td><td><strong>E-MAIL<\/strong><\/td><\/tr><tr><td>Let\u00edcia Paiva Franco &#8211; <a href=\"http:\/\/lattes.cnpq.br\/2467415344047805\" target=\"_blank\" rel=\"noopener noreferrer\">Lattes<\/a><\/td><td>Doutora<\/td><td><a href=\"mailto:leticiafranco8476@gmail.com\">leticiafranco8476@gmail.com<\/a><\/td><\/tr><tr><td>Fl\u00e1vio Barbosa Nunes &#8211; <a href=\"http:\/\/lattes.cnpq.br\/3852455761787626\" target=\"_blank\" rel=\"noopener noreferrer\">Lattes<\/a><\/td><td>Doutor<\/td><td><a href=\"mailto:flaviobn42@gmail.com\">flaviobn42@gmail.com<\/a> <p><a href=\"mailto:flaviobn@ufmg.br\">flaviobn@ufmg.br<\/a><\/p><\/td><\/tr><tr><td>Giancarlo Bonotto Cherobin &#8211; <a href=\"http:\/\/lattes.cnpq.br\/5795719851411540\">Lattes<\/a> <\/td><td>Doutor <\/td><td> <a href=\"mailto:giancherobin@hotmail.com\">giancherobin@hotmail.com<\/a> <\/td><\/tr><\/tbody><\/table><\/figure>\n\n\n\n<p><strong>Assistente<\/strong><\/p>\n\n\n\n<figure class=\"wp-block-table\"><table><tbody><tr><td> <strong>PROFESSOR<\/strong> (A)<\/td><td><strong>TITULA\u00c7\u00c3O<\/strong><\/td><td><strong>E-MAIL<\/strong> <\/td><\/tr><tr><td>Anna Paula Batista de \u00c1vila Pires &#8211; <a href=\"http:\/\/lattes.cnpq.br\/7925408556429624\" target=\"_blank\" rel=\"noreferrer noopener\">Lattes<\/a> <\/td><td>Doutorado<\/td><td><a rel=\"noreferrer noopener\" href=\"mailto:annapauladeavila@yahoo.com.br\" target=\"_blank\">annapauladeavila@yahoo.com.br<\/a><\/td><\/tr><tr><td>Elisa Meiti Ribeiro Lin Plec &#8211; <a href=\"http:\/\/lattes.cnpq.br\/6683234042005375\">Lattes<\/a><\/td><td>Mestrado<\/td><td><a href=\"mailto:elisameiti.otorrino@gmail.com\" target=\"_blank\" rel=\"noreferrer noopener\">elisameiti.otorrino@gmail.com<\/a><\/td><\/tr><tr><td>Vin\u00edcius Malaquias Ramos &#8211; <a href=\"http:\/\/lattes.cnpq.br\/7185905409850913\">Lattes<\/a><\/td><td>Doutorado<\/td><td><a href=\"mailto:viniciusmalaquias@yahoo.com.br\" target=\"_blank\" rel=\"noreferrer noopener\">viniciusmalaquias@yahoo.com.br<\/a><\/td><\/tr><\/tbody><\/table><\/figure>\n\n\n\n<p><strong>Professor Convidado <\/strong><\/p>\n\n\n\n<figure class=\"wp-block-table\"><table><tbody><tr><td><strong>PROFESSOR<\/strong><\/td><td><strong>TITULA\u00c7\u00c3O<\/strong><\/td><td><strong>SUB\u00c1REA<\/strong><\/td><td><strong>E-MAIL<\/strong><\/td><\/tr><tr><td>Celso Gon\u00e7alves Becker &#8211; <a href=\"http:\/\/lattes.cnpq.br\/9421036839649891\" target=\"_blank\" rel=\"noopener noreferrer\">Lattes<\/a><\/td><td>Doutor<\/td><td>Otorrino<\/td><td><a href=\"mailto:celsogbecker@gmail.com\">celsogbecker@gmail.com<\/a><\/td><\/tr><tr><td>Helena Maria Gon\u00e7alves Becker &#8211; <a href=\"http:\/\/lattes.cnpq.br\/7165309884613944\">Lattes<\/a><\/td><td>Doutora<\/td><td>Otorrino<\/td><td><a href=\"mailto:helenabecker.becker@gmail.com\">helenabecker.becker@gmail.com<\/a><\/td><\/tr><tr><td>Roberto Eust\u00e1quio Santos Guimar\u00e3es &#8211; <a href=\"http:\/\/lattes.cnpq.br\/2156233396351766\" target=\"_blank\" rel=\"noopener noreferrer\">Lattes<\/a><\/td><td>Doutor<\/td><td>Otorrino<\/td><td><a href=\"mailto:resguimaraes@gmail.com\">resguimaraes@gmail.com<\/a><\/td><\/tr><\/tbody><\/table><\/figure>\n","protected":false},"excerpt":{"rendered":"<p>Oftalmologia Titular PROFESSOR(A) TITULA\u00c7\u00c3O SUB\u00c1REA E-MAIL M\u00e1rcio Bittar Nehemy &#8211; Lattes Doutor Retina e V\u00edtreo mbnehemy@terra.com.brivisao@ivisao.com Associado PROFESSOR (A) TITULA\u00c7\u00c3O SUB\u00c1REA E-MAIL Daniel Vitor de Vasconcelos Santos &#8211; Lattes P\u00f3s-Doutorado Uve\u00edtes dvitor@ufmg.brdvitorvs@gmail.com Adjunto PROFESSOR(A) TITULA\u00c7\u00c3O SUB\u00c1REA E-MAIL Ana Rosa Pimentel de Figueiredo &#8211; Lattes Doutora Pl\u00e1stica Ocular anarpimentel2@gmail.com Andr\u00e9 Aguiar Oliveira &#8211; Lattes Doutor Retina [&hellip;]<\/p>\n","protected":false},"author":27,"featured_media":0,"parent":0,"menu_order":0,"comment_status":"closed","ping_status":"closed","template":"","meta":{"footnotes":""},"class_list":["post-27","page","type-page","status-publish","hentry"],"_links":{"self":[{"href":"https:\/\/www.medicina.ufmg.br\/oft\/wp-json\/wp\/v2\/pages\/27","targetHints":{"allow":["GET"]}}],"collection":[{"href":"https:\/\/www.medicina.ufmg.br\/oft\/wp-json\/wp\/v2\/pages"}],"about":[{"href":"https:\/\/www.medicina.ufmg.br\/oft\/wp-json\/wp\/v2\/types\/page"}],"author":[{"embeddable":true,"href":"https:\/\/www.medicina.ufmg.br\/oft\/wp-json\/wp\/v2\/users\/27"}],"replies":[{"embeddable":true,"href":"https:\/\/www.medicina.ufmg.br\/oft\/wp-json\/wp\/v2\/comments?post=27"}],"version-history":[{"count":29,"href":"https:\/\/www.medicina.ufmg.br\/oft\/wp-json\/wp\/v2\/pages\/27\/revisions"}],"predecessor-version":[{"id":304,"href":"https:\/\/www.medicina.ufmg.br\/oft\/wp-json\/wp\/v2\/pages\/27\/revisions\/304"}],"wp:attachment":[{"href":"https:\/\/www.medicina.ufmg.br\/oft\/wp-json\/wp\/v2\/media?parent=27"}],"curies":[{"name":"wp","href":"https:\/\/api.w.org\/{rel}","templated":true}]}}