{"id":30,"date":"2015-02-24T21:00:57","date_gmt":"2015-02-24T21:00:57","guid":{"rendered":"https:\/\/www.medicina.ufmg.br\/oft\/?page_id=30"},"modified":"2024-11-08T19:12:04","modified_gmt":"2024-11-08T19:12:04","slug":"ensino","status":"publish","type":"page","link":"https:\/\/www.medicina.ufmg.br\/oft\/ensino\/","title":{"rendered":"Ensino"},"content":{"rendered":"<h2>Programa de monitoria de gradua\u00e7\u00e3o &#8211; PMG<\/h2>\n<p>S\u00e3o oferecidas, anualmente, vagas para o PMG de Otorrinolaringologia e PMG de Oftalmologia. As vagas s\u00e3o preenchidas mediante processo de sele\u00e7\u00e3o divulgado por meio de edital.<br \/>\nO monitor auxilia os professores nas aulas pr\u00e1ticas e te\u00f3ricas, garantindo maior aproveitamento das aulas pr\u00e1ticas por parte dos alunos. Auxilia, ainda, na din\u00e2mica dos grupos de discuss\u00e3o sob o olhar e participa\u00e7\u00e3o de cada professor, apresentando os casos cl\u00ednicos selecionados, o que incentiva o esp\u00edrito de doc\u00eancia. Deve se comprometer a participar da Semana do Conhecimento e, ao final do projeto, entregar relat\u00f3rio final sobre o programa de monitoria.<\/p>\n<p><strong>Coordenador do PMG:<br \/>\n<\/strong>Professor Fl\u00e1vio Barbosa Nunes<\/p>\n<p><strong>Orientadores do PMG de Otorrinolaringologia:<br \/>\n<\/strong>Professor Fl\u00e1vio Barbosa Nunes<\/p>\n<p><strong>Orientador do PMG de Oftalmologia:<br \/>\n<\/strong>Professor Alberto Diniz Filho<\/p>\n<h2>Gradua\u00e7\u00e3o<\/h2>\n<p><a href=\"http:\/\/www.medicina.ufmg.br\/oft\/wp-content\/uploads\/sites\/29\/2024\/11\/OPTATIVAS-2024-2-OFT-ORL.pdf\" target=\"_blank\" rel=\"noopener noreferrer\">Clique aqui<\/a> para acessar o quadro de hor\u00e1rio e local das disciplinas.<\/p>\n<table width=\"918\">\n<tbody>\n<tr>\n<td width=\"390\"><strong>DISCIPLINA<\/strong><\/td>\n<td width=\"136\"><strong>Carga hor\u00e1ria<\/strong><\/td>\n<td width=\"132\"><strong>CATEGORIA<\/strong><\/td>\n<td width=\"232\"><strong>COORDENADOR<\/strong><\/td>\n<td style=\"text-align: center;\" width=\"200\"><strong>Arquivos<\/strong><\/td>\n<\/tr>\n<tr>\n<td width=\"417\">Aten\u00e7\u00e3o Secund\u00e1ria em Oftalmologia (OFT046)<\/td>\n<td width=\"136\">\u00a045<\/td>\n<td width=\"132\">Obrigat\u00f3ria<\/td>\n<td width=\"232\">\n<ul>\n<li>Prof. Alberto Diniz Filho<\/li>\n<li>Prof\u00aa. Ana Rosa Pimentel de Figueiredo<\/li>\n<li>Prof. Carlos Eduardo dos Reis Veloso<\/li>\n<li>Prof. Daniel Vitor de Vasconcelos Santos<\/li>\n<li>Prof\u00aa. Danielle Pimenta Viana Trindade &#8211; Professora Convidada<\/li>\n<li>Prof. Galton Carvalho Vasconcelos<\/li>\n<li>Prof\u00aa. Let\u00edcia Maria Coelho &#8211; Professora Substituta<\/li>\n<li>Prof. M\u00e1rcio Bittar Nehemy (Coordenador)<\/li>\n<\/ul>\n<\/td>\n<td style=\"text-align: center;\"><a href=\"http:\/\/www.medicina.ufmg.br\/oft\/wp-content\/uploads\/sites\/29\/2024\/09\/Programa-AAC-Optativa-de-Oftalmologia-OFT106.docx_.pdf\" target=\"_blank\" rel=\"noopener noreferrer\">Programa de ensino<\/a><br \/>\n*atualizado em 30\/09\/2024<\/td>\n<\/tr>\n<tr>\n<td width=\"417\">Aten\u00e7\u00e3o Secund\u00e1ria em Otorrinolaringologia (OFT047)<\/td>\n<td width=\"136\">45<\/td>\n<td width=\"132\">Obrigat\u00f3ria<\/td>\n<td width=\"232\">\n<ul>\n<li>Prof\u00aa. Anna Paula Batista de \u00c1villa Pires<\/li>\n<li>Prof\u00aa. Denise Utsch Gon\u00e7alves<\/li>\n<li>Prof\u00aa. Elisa Meiti Ribeiro Lin Plec<\/li>\n<li>Prof. Fl\u00e1vio Barbosa Nunes<\/li>\n<li>Prof. Giancarlo Bonotto Cherobin<\/li>\n<li>Prof\u00aa. Let\u00edcia Paiva Franco (Coordenadora)<\/li>\n<li>Prof. Vin\u00edcius Malaquias Ramos<\/li>\n<\/ul>\n<\/td>\n<td style=\"text-align: center;\">\u00a0<a href=\"http:\/\/www.medicina.ufmg.br\/oft\/wp-content\/uploads\/sites\/29\/2024\/10\/Programa-AAC-Atencao-Secundaria-em-Otorrinolaringologia-OFT047.pdf\" target=\"_blank\" rel=\"noopener noreferrer\">Plano de ensino<\/a><br \/>\n*atualizado em 30\/10\/2024<\/td>\n<\/tr>\n<tr>\n<td width=\"417\">Est\u00e1gio Opcional em Otorrinolaringologia (OFT042)<\/td>\n<td width=\"136\"><\/td>\n<td width=\"132\">Obrigat\u00f3ria<\/td>\n<td width=\"232\">\n<ul>\n<li>Prof\u00aa. Anna Paula Batista de \u00c1vila Pires<\/li>\n<li>Prof\u00aa. Denise Utsch Gon\u00e7alves<\/li>\n<li>Prof\u00aa. Elisa Meiti Ribeiro Lin Plec<\/li>\n<li>Prof. Fl\u00e1vio Barbosa Nunes<\/li>\n<li>Prof. Giancarlo Bonotto Cherobin<\/li>\n<li>Prof\u00aa. Let\u00edcia Paiva Franco<\/li>\n<li>Prof. Vin\u00edcius Malaquias Ramos<\/li>\n<\/ul>\n<\/td>\n<td style=\"text-align: center;\"><a href=\"http:\/\/www.medicina.ufmg.br\/oft\/wp-content\/uploads\/sites\/29\/2024\/10\/Programa-AAC-Estagio-Opcional-em-Otorrinolaringologia-2024.pdf\">Plano de ensino<\/a><br \/>\n*atualizado em 31\/10\/2024<\/td>\n<\/tr>\n<tr>\n<td width=\"417\">Est\u00e1gio Opcional em Oftalmologia (OFT043)<\/td>\n<td width=\"136\">240<\/td>\n<td width=\"132\">Obrigat\u00f3ria<\/td>\n<td width=\"232\">\n<ul>\n<li>Prof\u00aa. Ana Rosa Pimentel de Figueiredo<\/li>\n<li>Prof. Alberto Diniz Filho<\/li>\n<li>Prof. Carlos Eduardo dos Reis Veloso<\/li>\n<li>Prof. Daniel Vitor de Vasconcelos Santos (Coordenador)<\/li>\n<li>Prof. Galton Carvalho Vasconcelos<\/li>\n<li>Prof. M\u00e1rcio Bittar Nehemy<\/li>\n<\/ul>\n<\/td>\n<td style=\"text-align: center;\">\u00a0<a href=\"http:\/\/www.medicina.ufmg.br\/oft\/wp-content\/uploads\/sites\/29\/2024\/10\/Programa-AAC-Estaigio-Opcional-OFT-OFT043.pdf\" target=\"_blank\" rel=\"noopener noreferrer\">Plano de ensino<\/a><br \/>\n*atualizado em 30\/10\/2024<\/td>\n<\/tr>\n<tr>\n<td width=\"417\">Optativa de Otorrinolaringologia (OFT035)<\/td>\n<td width=\"136\">60<\/td>\n<td width=\"132\">Optativa<\/td>\n<td width=\"232\">\n<ul>\n<li>Prof. Celso Gon\u00e7alves Becker (convidado)<\/li>\n<li>Prof. Fl\u00e1vio Barbosa Nunes<\/li>\n<li>Prof\u00aa. Helena Maria Gon\u00e7alves Becker<\/li>\n<li>Prof\u00aa. Let\u00edcia Paiva Franco<\/li>\n<li>Prof. Paulo Fernando Tormin Borges Crosara<\/li>\n<\/ul>\n<\/td>\n<td><\/td>\n<\/tr>\n<tr>\n<td width=\"417\">Optativa de Oftalmologia (OFT106)<\/td>\n<td width=\"136\">60<\/td>\n<td width=\"132\">Optativa<\/td>\n<td width=\"232\">\n<ul>\n<li>Prof. Alberto Diniz Filho<\/li>\n<li>Prof\u00aa. Ana Rosa Pimentel de Figueiredo<\/li>\n<li>Prof. Carlos Eduardo dos Reis Veloso (Coordenador)<\/li>\n<li>Prof. Daniel V\u00edtor de Vasconcelos Santos<\/li>\n<li>Prof. Galton Carvalho Vasconcelos<\/li>\n<li>Prof. M\u00e1rcio Bittar Nehemy<\/li>\n<\/ul>\n<\/td>\n<td>\n<p style=\"text-align: center;\"><a href=\"http:\/\/www.medicina.ufmg.br\/oft\/wp-content\/uploads\/sites\/29\/2024\/11\/Programa-AAC-Optativa-de-Oftalmologia-OFT106.pdf\">Plano de Ensino<\/a><br \/>\n*atualizado em 08\/11\/2024<\/p>\n<\/td>\n<\/tr>\n<tr>\n<td width=\"417\"><strong>T\u00f3picos em Oftalmologia (OFT107):<\/strong><\/td>\n<td width=\"136\"><\/td>\n<td width=\"132\"><\/td>\n<td width=\"232\"><\/td>\n<td><\/td>\n<\/tr>\n<tr>\n<td width=\"417\">No\u00e7\u00f5es de Oftalmopediatria: EscolaresM\u00f3dulo I, II, III \u2013 3 cr\u00e9ditos<\/td>\n<td width=\"136\">45<\/td>\n<td width=\"132\">Optativa<\/td>\n<td width=\"232\">Prof\u00aa. Ana Rosa Pimentel de Figueiredo<\/td>\n<td><\/td>\n<\/tr>\n<tr>\n<td width=\"417\">Qualifica\u00e7\u00e3o para aten\u00e7\u00e3o prim\u00e1ria nas Enfermidades dos Anexos Oculares<\/td>\n<td width=\"136\">15<\/td>\n<td width=\"132\">Optativa<\/td>\n<td width=\"232\">Prof\u00aa. Ana Rosa Pimentel de Figueiredo<\/td>\n<td><\/td>\n<\/tr>\n<tr>\n<td width=\"417\">Cirurgia PeriorbitalM\u00f3dulo I, II, III \u2013 3 cr\u00e9ditos<\/td>\n<td width=\"136\">45<\/td>\n<td width=\"132\">Optativa<\/td>\n<td width=\"232\">Prof\u00aa. Ana Rosa Pimentel de Figueiredo<\/td>\n<td><\/td>\n<\/tr>\n<tr>\n<td width=\"417\">Tumores dos Anexos OcularesM\u00f3dulo I, II, III \u2013 3 cr\u00e9ditos<\/td>\n<td width=\"136\">45<\/td>\n<td width=\"132\">Optativa<\/td>\n<td width=\"232\">Prof\u00aa. Ana Rosa Pimentel de Figueiredo<\/td>\n<td><\/td>\n<\/tr>\n<tr>\n<td width=\"417\">Como Documentar e Publicar um caso Cl\u00ednico<\/td>\n<td width=\"136\">15<\/td>\n<td width=\"132\">Optativa<\/td>\n<td width=\"232\">Prof. Marco Aur\u00e9lio Lana Peixoto<\/td>\n<td><\/td>\n<\/tr>\n<tr>\n<td width=\"417\">Sess\u00f5es Cl\u00ednicas em Oftalmologia<\/td>\n<td width=\"136\">15<\/td>\n<td width=\"132\">Optativa<\/td>\n<td width=\"232\">Prof. Daniel Vitor de Vasconcelos Santos<\/td>\n<td><\/td>\n<\/tr>\n<tr>\n<td width=\"417\">Atualiza\u00e7\u00e3o em Oftalmologia<\/td>\n<td width=\"136\"><\/td>\n<td width=\"132\"><\/td>\n<td width=\"232\">\n<ul>\n<li>Prof\u00aa. Ana Rosa Pimentel de Figueiredo<\/li>\n<li>Prof. Andr\u00e9 Aguiar Oliveira<\/li>\n<li>Prof. Daniel Vitor de Vasconcelos Santos (Coordenador)<\/li>\n<li>Prof. Galton Carvalho Vasconcelos<\/li>\n<li>Prof. M\u00e1rcio Bittar Nehemy<\/li>\n<li>Prof. Marco Aur\u00e9lio Lana Peixoto<\/li>\n<li>Prof. Sebasti\u00e3o Cronemberger Sobrinho<\/li>\n<li>Prof. Wesley Ribeiro Campos<\/li>\n<\/ul>\n<\/td>\n<td><\/td>\n<\/tr>\n<tr>\n<td width=\"417\">Infec\u00e7\u00f5es IntraocularesM\u00f3dulo I, II, III \u2013 3 cr\u00e9ditos<\/td>\n<td width=\"136\">45<\/td>\n<td width=\"132\">Optativa<\/td>\n<td width=\"232\">Prof. Daniel Vitor de Vasconcelos Santos<\/td>\n<td><\/td>\n<\/tr>\n<tr>\n<td width=\"417\">Olho e Doen\u00e7as Sist\u00eamicas<\/td>\n<td width=\"136\">15<\/td>\n<td width=\"132\">Optativa<\/td>\n<td width=\"232\">Prof. Joel Edmur BoteonProf. Daniel Vitor de Vasconcelos SantosProf. Andr\u00e9 Aguiar Oliveira<\/td>\n<td><\/td>\n<\/tr>\n<tr>\n<td width=\"417\">GlaucomaM\u00f3dulo I, II, III \u2013 3 cr\u00e9ditos<\/td>\n<td width=\"136\">45<\/td>\n<td width=\"132\">Optativa<\/td>\n<td width=\"232\">Prof. Sebasti\u00e3o Cronemberger Sobrinho<\/td>\n<td><\/td>\n<\/tr>\n<tr>\n<td width=\"417\">Uve\u00edte em Casos Cl\u00ednicos<\/td>\n<td width=\"136\">15<\/td>\n<td width=\"132\">Optativa<\/td>\n<td width=\"232\">Prof. Wesley Ribeiro Campos<\/td>\n<td><\/td>\n<\/tr>\n<tr>\n<td width=\"417\"><strong>T\u00f3picos em Otorrinolaringologia (OFT108):<\/strong><\/td>\n<td width=\"136\"><\/td>\n<td width=\"132\"><\/td>\n<td width=\"232\"><\/td>\n<td><\/td>\n<\/tr>\n<tr>\n<td width=\"397\">Inicia\u00e7\u00e3o \u00e0 Pr\u00e1tica em Implantes Cocleares (ouvido bi\u00f4nico) (M\u00d3DULO I, II, III) &#8211; 03 cr\u00e9ditos<\/td>\n<td width=\"136\">45<\/td>\n<td width=\"132\">Optativa<\/td>\n<td width=\"232\">Prof\u00aa. Helena Maria Gon\u00e7alves BeckerProf. Celso Gon\u00e7alves Becker<\/td>\n<td><\/td>\n<\/tr>\n<tr>\n<td width=\"417\">Inicia\u00e7\u00e3o \u00e0s Cirurgias Pl\u00e1sticas em Otorrinolaringologia (M\u00d3DULO I, II, III) &#8211; 03 cr\u00e9ditos<\/td>\n<td width=\"136\">45<\/td>\n<td width=\"132\">Optativa<\/td>\n<td width=\"232\">Prof. Fl\u00e1vio Barbosa NunesProf. Paulo Fernando T. B. Crosara<\/td>\n<td><\/td>\n<\/tr>\n<tr>\n<td width=\"417\">Inicia\u00e7\u00e3o \u00e0 Pr\u00e1tica Cir\u00fargica em Otorrinolaringologia (M\u00d3DULO I, II, III) &#8211; 03 cr\u00e9ditos<\/td>\n<td width=\"136\">45<\/td>\n<td width=\"132\">Optativa<\/td>\n<td width=\"232\">Prof. Fl\u00e1vio Barbosa NunesProf. Paulo Fernando T. B. Crosara<\/td>\n<td><\/td>\n<\/tr>\n<tr>\n<td width=\"417\">Inicia\u00e7\u00e3o \u00e0 Protetiza\u00e7\u00e3o Auditiva e Implantes Cocleares (M\u00d3DULO I, II, III) &#8211; 03 cr\u00e9ditos<\/td>\n<td width=\"136\">45<\/td>\n<td width=\"132\">Optativa<\/td>\n<td width=\"232\">Prof\u00aa. Helena Maria Gon\u00e7alves BeckerProf. Celso Gon\u00e7alves Becker<\/td>\n<td><\/td>\n<\/tr>\n<tr>\n<td width=\"417\">Otoneurologia<\/td>\n<td width=\"136\">15<\/td>\n<td width=\"132\">Optativa<\/td>\n<td width=\"232\"><\/td>\n<td><\/td>\n<\/tr>\n<tr>\n<td width=\"417\">Est\u00e1gio Curricular (MED036) \u2013 Otorrinolaringologia:<\/td>\n<td width=\"136\">60<\/td>\n<td width=\"132\">Optativa<\/td>\n<td width=\"232\">Prof\u00aa. Denise Utsch Gon\u00e7alves<\/td>\n<td><\/td>\n<\/tr>\n<tr>\n<td width=\"417\">Otologia<\/td>\n<td width=\"136\"><\/td>\n<td width=\"132\"><\/td>\n<td width=\"232\">Prof\u00aa. Helena Maria Gon\u00e7alves Becker<\/td>\n<td><\/td>\n<\/tr>\n<tr>\n<td width=\"417\">Rinologia<\/td>\n<td width=\"136\"><\/td>\n<td width=\"132\"><\/td>\n<td width=\"232\">Prof. Paulo Fernando Tormin Borges Crosara<\/td>\n<td><\/td>\n<\/tr>\n<tr>\n<td width=\"417\">Respirador Oral<\/td>\n<td width=\"136\"><\/td>\n<td width=\"132\"><\/td>\n<td width=\"232\">Prof\u00aa. Helena Maria Gon\u00e7alves Becker<\/td>\n<td><\/td>\n<\/tr>\n<tr>\n<td width=\"417\">Pesquisa em Rinologia e Pl\u00e1stica da Face<\/td>\n<td width=\"136\"><\/td>\n<td width=\"132\"><\/td>\n<td width=\"232\">Prof. Fl\u00e1vio Barbosa NunesProf. Paulo Fernando Tormin Borges Crosara<\/td>\n<td><\/td>\n<\/tr>\n<\/tbody>\n<\/table>\n<p>ong&gt;<strong>CATEGORIA<\/strong><strong>COORDENADOR<\/strong>Otorrinolaringologia I (OFT036)45Obrigat\u00f3riaProf\u00aa. Denise Utsch Gon\u00e7alvesOtorrinolaringologia II (OFT037)45Obrigat\u00f3riaProf. Fl\u00e1vio Barbosa Nunes<\/p>\n<h2>Pesquisa e Extens\u00e3o<\/h2>\n<table width=\"914\">\n<tbody>\n<tr>\n<td><strong>GRUPO DE PESQUISA<\/strong><\/td>\n<td><strong>L\u00cdDER e participantes<\/strong><\/td>\n<\/tr>\n<tr>\n<td>C\u00f3rnea<\/td>\n<td>Prof. Joel Edmur Boteon (L\u00edder)<\/td>\n<\/tr>\n<tr>\n<td>Glaucoma<\/td>\n<td>Prof. Sebasti\u00e3o Cronemberger Sobrinho (L\u00edder)<\/td>\n<\/tr>\n<tr>\n<td>Grupo Interdisciplinar de Pesquisa em HTLV (GIPH)<\/td>\n<td>Prof\u00aa. Anna Barbara de Freitas Carneiro Proietti (L\u00edder)<br \/>\nProf\u00aa. Marina Lobato Martins<br \/>\nProf\u00aa. Denise Utsch Gon\u00e7alves (Participante)<\/td>\n<\/tr>\n<tr>\n<td>Doen\u00e7as Otorrinolaringol\u00f3gicas e Pl\u00e1stica da Face<\/td>\n<td>Prof. Fl\u00e1vio Barbosa Nunes (L\u00edder)<\/td>\n<\/tr>\n<tr>\n<td>Neuro-oftalmologia \/ CIEM<\/td>\n<td>Prof. Marco Aur\u00e9lio Lana Peixoto (L\u00edder)<\/td>\n<\/tr>\n<tr>\n<td>Otoneurologia<\/td>\n<td>Prof\u00aa. T\u00e2nia Mara Assis Lima (L\u00edder)<br \/>\nProf\u00aa. Denise Utsch Gon\u00e7alves<\/td>\n<\/tr>\n<tr>\n<td>Otorrinolaringologia<\/td>\n<td>Prof. Roberto Eust\u00e1quio Santos Guimar\u00e3es (L\u00edder)<br \/>\nProf. Celso Gon\u00e7alves Becker<br \/>\nProf\u00aa. Helena Maria Gon\u00e7alves Becker<br \/>\nProf. Paulo Fernando Tormin Borges Crosara<br \/>\nProf. Fl\u00e1vio Barbosa Nunes<\/td>\n<\/tr>\n<tr>\n<td>Pl\u00e1stica Ocular<\/td>\n<td>Prof\u00aa. Ana Rosa Pimentel de Figueiredo (L\u00edder)<\/td>\n<\/tr>\n<tr>\n<td>Retina e V\u00edtreo<\/td>\n<td>Prof. M\u00e1rcio Bittar Nehemy (L\u00edder)<\/td>\n<\/tr>\n<tr>\n<td>Grupo de Investiga\u00e7\u00e3o de Uve\u00edtes\/Doen\u00e7as Inflamat\u00f3rias Oculares<\/td>\n<td>Prof. Daniel Vitor de Vasconcelos Santos (L\u00edder)<\/td>\n<\/tr>\n<\/tbody>\n<\/table>\n","protected":false},"excerpt":{"rendered":"<p>Programa de monitoria de gradua\u00e7\u00e3o &#8211; PMG S\u00e3o oferecidas, anualmente, vagas para o PMG de Otorrinolaringologia e PMG de Oftalmologia. As vagas s\u00e3o preenchidas mediante processo de sele\u00e7\u00e3o divulgado por meio de edital. O monitor auxilia os professores nas aulas pr\u00e1ticas e te\u00f3ricas, garantindo maior aproveitamento das aulas pr\u00e1ticas por parte dos alunos. Auxilia, ainda, [&hellip;]<\/p>\n","protected":false},"author":27,"featured_media":0,"parent":0,"menu_order":0,"comment_status":"closed","ping_status":"closed","template":"","meta":{"footnotes":""},"class_list":["post-30","page","type-page","status-publish","hentry"],"_links":{"self":[{"href":"https:\/\/www.medicina.ufmg.br\/oft\/wp-json\/wp\/v2\/pages\/30","targetHints":{"allow":["GET"]}}],"collection":[{"href":"https:\/\/www.medicina.ufmg.br\/oft\/wp-json\/wp\/v2\/pages"}],"about":[{"href":"https:\/\/www.medicina.ufmg.br\/oft\/wp-json\/wp\/v2\/types\/page"}],"author":[{"embeddable":true,"href":"https:\/\/www.medicina.ufmg.br\/oft\/wp-json\/wp\/v2\/users\/27"}],"replies":[{"embeddable":true,"href":"https:\/\/www.medicina.ufmg.br\/oft\/wp-json\/wp\/v2\/comments?post=30"}],"version-history":[{"count":27,"href":"https:\/\/www.medicina.ufmg.br\/oft\/wp-json\/wp\/v2\/pages\/30\/revisions"}],"predecessor-version":[{"id":340,"href":"https:\/\/www.medicina.ufmg.br\/oft\/wp-json\/wp\/v2\/pages\/30\/revisions\/340"}],"wp:attachment":[{"href":"https:\/\/www.medicina.ufmg.br\/oft\/wp-json\/wp\/v2\/media?parent=30"}],"curies":[{"name":"wp","href":"https:\/\/api.w.org\/{rel}","templated":true}]}}