{"id":24,"date":"2015-02-24T21:57:57","date_gmt":"2015-02-24T21:57:57","guid":{"rendered":"https:\/\/www.medicina.ufmg.br\/ped\/?page_id=24"},"modified":"2024-11-05T11:12:55","modified_gmt":"2024-11-05T11:12:55","slug":"sobre","status":"publish","type":"page","link":"https:\/\/www.medicina.ufmg.br\/ped\/sobre\/","title":{"rendered":"Sobre"},"content":{"rendered":"\n<p>O Departamento de Pediatria mant\u00eam como marca o compromisso central com o ensino de gradua\u00e7\u00e3o, desenvolvido a partir de um modelo centrado na assist\u00eancia m\u00e9dica, tendo em decorr\u00eancia, ampla atividade de extens\u00e3o, concentrada na assist\u00eancia m\u00e9dico-hospitalar e integra\u00e7\u00e3o ao Sistema \u00danico de Sa\u00fade. Resulta, tamb\u00e9m, desta atua\u00e7\u00e3o no \u00e2mbito da p\u00f3s-gradua\u00e7\u00e3o, a forma\u00e7\u00e3o de profissionais especializados, egressos da resid\u00eancia medica ou dos cursos de especializa\u00e7\u00e3o oferecidos nas \u00e1reas de gastroenterologia, pneumologia, endocrinologia, cardiologia e medicina do adolescente. Desenvolve regularmente atividades integradoras, envolvendo corpo docente, pessoal t\u00e9cnico-administrativo, alunos e residentes, visando seu cont\u00ednuo aprimoramento.<\/p>\n\n\n\n<!--more-->\n\n\n\n<p>Tem procurado, na constru\u00e7\u00e3o de sua hist\u00f3ria, participar ativamente da melhoria da Faculdade e da pr\u00f3pria sociedade, atuando em todas as \u00e1reas que contribuam para esse objetivo. <\/p>\n\n\n\n<h2 class=\"wp-block-heading\">Encontro do Departamento de Pediatria<\/h2>\n\n\n\n<p><a rel=\"noopener noreferrer\" href=\"https:\/\/www.medicina.ufmg.br\/ped\/wp-content\/uploads\/sites\/30\/2018\/03\/25\u00ba-Encontro-de-Pediatria.pdf\" target=\"_blank\">Acesse o e-book do 25\u00ba encontro do Departamento<\/a> <strong>&#8211; 2015<\/strong><br><a href=\"http:\/\/www.medicina.ufmg.br\/ped\/wp-content\/uploads\/sites\/30\/2023\/09\/31o-Encontro-do-Departamento-de-Pediatria.pdf\">Acesse o material do 31\u00ba encontro do Departamento<\/a> <strong>&#8211; 2022<\/strong><\/p>\n\n\n\n<h2 class=\"wp-block-heading\">Administra\u00e7\u00e3o<\/h2>\n\n\n\n<p><strong>Chefe<\/strong><br>Prof.\u00aa M\u00f4nica Versiani Nunes Pinheiro de Queiroz<br><em>Chefe do Departamento de Pediatria \u2013 FM \u2013 UFMG<\/em><\/p>\n\n\n\n<p><strong>Subchefe<\/strong><br>Prof.\u00aa Priscila Menezes Ferri Liu<br><em>Subchefe do Departamento de Pediatria<\/em><\/p>\n\n\n\n<p><strong>Secretaria Administrativa<\/strong><br>Silvana Alves dos Santos<br>Caio Moreira Santos<br>Luciana Marques da Silva<\/p>\n\n\n\n<p><strong>Hor\u00e1rio de funcionamento<\/strong>&nbsp;<strong>EXTERNO<\/strong><br>08h \u00e0s 16h30<\/p>\n\n\n\n<p><strong>C\u00e2mara Departamental<\/strong><\/p>\n\n\n\n<p><strong>Representante de Professores titulares<\/strong><br>Maria C\u00e2ndida Ferrarez Bouzada Viana<br>Jorge Andrade Pinto<br>Ivani Novato Silva<\/p>\n\n\n\n<p><strong>Representantes Professores n\u00e3o titulares<\/strong><\/p>\n\n\n\n<figure class=\"wp-block-table\"><table><tbody><tr><td><strong>Titular<\/strong><\/td><td><strong>Suplente<\/strong><\/td><\/tr><tr><td>Fernanda Gontijo Minafra Silveira Santos<\/td><td>Keila C. C. Mendes Sampaio Cunha<\/td><\/tr><tr><td>Romina Aparecida dos Santos Gomes<\/td><td>Adriana Teixeira Rodrigues<\/td><\/tr><tr><td>Jana\u00edna Matos Moreira<\/td><td>Cl\u00e1udia Regina Lindgren Alves<\/td><\/tr><tr><td>Eleonora Druve Tavares Fagundes<\/td><td>Paula Valladares P\u00f3voa Guerra<\/td><\/tr><tr><td>Lilian Martins Oliveira<\/td><td>Cristiane dos Santos Dias<\/td><\/tr><\/tbody><\/table><\/figure>\n\n\n\n<p><b>Coordenadora do Programa de Monitoria (PMG)\u00a0<\/b><br>Profa. Maria Christina Lopes Ara\u00fajo Oliveira<\/p>\n\n\n\n<p><strong>Representante dos Servidores T\u00e9c. Administrativos<br><\/strong> Silvana Alves dos Santos<\/p>\n\n\n\n<p><strong>Lista de monitores do Departamento de Pediatria<br><\/strong>&#8211;<\/p>\n\n\n\n<p><strong>Comiss\u00e3o de Coordena\u00e7\u00e3o Did\u00e1tica- CCD<\/strong><\/p>\n\n\n\n<p><strong>Profa. Priscila Menezes Ferri Liu<\/strong><br>Presidente da CCD<br><br><strong>Profa. La\u00eds Meirelles Nicoliello Vieira<\/strong><br>Coordenadora. PEDIATRIA&nbsp;1 \u2013 4\u00ba Per\u00edodo<br><br><strong>Profa. Fernanda Gontijo Minafra Silveira Santos<\/strong><br>Coordenadora. PEDIATRIA&nbsp;2 \u2013 5\u00ba Per\u00edodo.<br><br><strong>Prof. S\u00e9rgio Veloso Brant Pinheiro<\/strong><br>Coord. PEDIATRIA&nbsp;3 \u2013 6\u00ba Per\u00edodo.<br><br><strong>Profa. Aline Almeida Bentes<\/strong><br>Coordenadora. PEDIATRIA&nbsp;4 \u2013 7\u00ba Per\u00edodo.<br><br><strong>Profa. Cristina Botelho Barra<\/strong><br>Coordenadora. PEDIATRIA&nbsp;5 \u2013 8\u00ba Per\u00edodo.<br><br><strong>Profa. Ericka Viana Machado Carellos<\/strong><br>Coordenadora. Est\u00e1gio em Cl\u00ednica Pedi\u00e1trica \u2013 9\u00ba Per\u00edodo.<br><br><strong>Profa. Maria Albertina Santiago Rego<\/strong><br>Coordenadora. Est\u00e1gio em Cl\u00ednica pedi\u00e1trica -neonatologia \u2013 9\u00ba Per\u00edodo.<br><br><strong>Profa. Maria do Carmo Barros de Melo<\/strong><br>Coordenadora. Est\u00e1gio em Urg\u00eancia e Emerg\u00eancia 2 \u2013 12\u00ba Per\u00edodo.<br><br><strong>Profa. Adriana Teixeira Rodrigues<\/strong><br>Coordenadora. Resid\u00eancia em Pediatria \u2013Hospital das Cl\u00ednicas-UFMG<\/p>\n\n\n\n<p><strong>Profa.&nbsp;Elaine Alvarenga de Almeida Carvalho<\/strong><br>Coordenadora. PEDIATRIA&nbsp;2 \u2013 5\u00ba Per\u00edodo.<\/p>\n\n\n\n<p><strong>Profa.&nbsp;Daiana Elias Rodrigues<\/strong><br>Coordenadora. PEDIATRIA&nbsp;4 \u2013 7\u00ba Per\u00edodo.<\/p>\n\n\n\n<p><strong>Profa.&nbsp;Daniela Caldas Teixeira<\/strong><br>Coordenadora. Est\u00e1gio em Cl\u00ednica Pedi\u00e1trica \u2013 9\u00ba Per\u00edodo.<\/p>\n\n\n\n<p><br><strong>Representantes Discentes<\/strong><br>Titular 1: Al\u00e9xia Stenner Rodrigues Radicchi Campos<br>Titular 2: Fernanda Sophya Leite Cambraia<br>Suplente 1: Jo\u00e3o Paulo Ferreira Ribeiro<br>Suplente 2: Bianca Aparecida Gon\u00e7alves<\/p>\n","protected":false},"excerpt":{"rendered":"<p>O Departamento de Pediatria mant\u00eam como marca o compromisso central com o ensino de gradua\u00e7\u00e3o, desenvolvido a partir de um modelo centrado na assist\u00eancia m\u00e9dica, tendo em decorr\u00eancia, ampla atividade de extens\u00e3o, concentrada na assist\u00eancia m\u00e9dico-hospitalar e integra\u00e7\u00e3o ao Sistema \u00danico de Sa\u00fade. Resulta, tamb\u00e9m, desta atua\u00e7\u00e3o no \u00e2mbito da p\u00f3s-gradua\u00e7\u00e3o, a forma\u00e7\u00e3o de profissionais [&hellip;]<\/p>\n","protected":false},"author":27,"featured_media":0,"parent":0,"menu_order":0,"comment_status":"closed","ping_status":"closed","template":"","meta":{"footnotes":""},"class_list":["post-24","page","type-page","status-publish","hentry"],"_links":{"self":[{"href":"https:\/\/www.medicina.ufmg.br\/ped\/wp-json\/wp\/v2\/pages\/24","targetHints":{"allow":["GET"]}}],"collection":[{"href":"https:\/\/www.medicina.ufmg.br\/ped\/wp-json\/wp\/v2\/pages"}],"about":[{"href":"https:\/\/www.medicina.ufmg.br\/ped\/wp-json\/wp\/v2\/types\/page"}],"author":[{"embeddable":true,"href":"https:\/\/www.medicina.ufmg.br\/ped\/wp-json\/wp\/v2\/users\/27"}],"replies":[{"embeddable":true,"href":"https:\/\/www.medicina.ufmg.br\/ped\/wp-json\/wp\/v2\/comments?post=24"}],"version-history":[{"count":31,"href":"https:\/\/www.medicina.ufmg.br\/ped\/wp-json\/wp\/v2\/pages\/24\/revisions"}],"predecessor-version":[{"id":1143,"href":"https:\/\/www.medicina.ufmg.br\/ped\/wp-json\/wp\/v2\/pages\/24\/revisions\/1143"}],"wp:attachment":[{"href":"https:\/\/www.medicina.ufmg.br\/ped\/wp-json\/wp\/v2\/media?parent=24"}],"curies":[{"name":"wp","href":"https:\/\/api.w.org\/{rel}","templated":true}]}}