{"id":33,"date":"2015-02-24T21:58:26","date_gmt":"2015-02-24T21:58:26","guid":{"rendered":"https:\/\/www.medicina.ufmg.br\/ped\/?page_id=33"},"modified":"2019-08-30T19:04:37","modified_gmt":"2019-08-30T19:04:37","slug":"links","status":"publish","type":"page","link":"https:\/\/www.medicina.ufmg.br\/ped\/links\/","title":{"rendered":"Formul\u00e1rios \/ Links"},"content":{"rendered":"<p>ENCAMINHAMENTO DE PROJETO DE PESQUISA PARA AVALIA\u00c7\u00c3O DA C\u00c2MARA DEPARTAMENTAL<\/p>\n<p>O Projetos de pesquisa devem ser enviados pelo Sistema de Pesquisa &#8211; \u00a0SISPq.<br \/>\nSegue o link para acesso \u00a0ao Sistema de Pesquisa \u00a0SISPq:\u00a0<a href=\"https:\/\/intranetnova.medicina.ufmg.br\/index.php\" target=\"_blank\" rel=\"noopener noreferrer\" data-saferedirecturl=\"https:\/\/www.google.com\/url?q=https:\/\/intranetnova.medicina.ufmg.br\/index.php&amp;source=gmail&amp;ust=1567267296118000&amp;usg=AFQjCNHnVDz8jPYfeOQA5sSyWqPBPxAabA\">https:\/\/intranetnova.medicina.<wbr \/>ufmg.br\/index.php<\/a><\/p>\n<p>Em caso de d\u00favidas na utiliza\u00e7\u00e3o da plataforma, gentileza entrar em contato com o CINS &#8211; Centro de Inform\u00e1tica em Sa\u00fade da FMUFMG, pelo e-mail\u00a0\u00a0<a href=\"http:\/\/compose\/?to=cins@medicina.ufmg.br\" target=\"_blank\" rel=\"noopener noreferrer\" data-saferedirecturl=\"https:\/\/www.google.com\/url?q=http:\/\/\/compose?to%3Dcins@medicina.ufmg.br&amp;source=gmail&amp;ust=1567267296118000&amp;usg=AFQjCNEnP-2uLiLpdXrDnkL6VSDN3liJhw\">cins@medicina.ufmg.br<\/a>\u00a0ou pelo telefone 3409-9648.<\/p>\n","protected":false},"excerpt":{"rendered":"<p>ENCAMINHAMENTO DE PROJETO DE PESQUISA PARA AVALIA\u00c7\u00c3O DA C\u00c2MARA DEPARTAMENTAL O Projetos de pesquisa devem ser enviados pelo Sistema de Pesquisa &#8211; \u00a0SISPq. Segue o link para acesso \u00a0ao Sistema de Pesquisa \u00a0SISPq:\u00a0https:\/\/intranetnova.medicina.ufmg.br\/index.php Em caso de d\u00favidas na utiliza\u00e7\u00e3o da plataforma, gentileza entrar em contato com o CINS &#8211; Centro de Inform\u00e1tica em Sa\u00fade da [&hellip;]<\/p>\n","protected":false},"author":16,"featured_media":0,"parent":0,"menu_order":0,"comment_status":"closed","ping_status":"closed","template":"","meta":{"footnotes":""},"class_list":["post-33","page","type-page","status-publish","hentry"],"_links":{"self":[{"href":"https:\/\/www.medicina.ufmg.br\/ped\/wp-json\/wp\/v2\/pages\/33","targetHints":{"allow":["GET"]}}],"collection":[{"href":"https:\/\/www.medicina.ufmg.br\/ped\/wp-json\/wp\/v2\/pages"}],"about":[{"href":"https:\/\/www.medicina.ufmg.br\/ped\/wp-json\/wp\/v2\/types\/page"}],"author":[{"embeddable":true,"href":"https:\/\/www.medicina.ufmg.br\/ped\/wp-json\/wp\/v2\/users\/16"}],"replies":[{"embeddable":true,"href":"https:\/\/www.medicina.ufmg.br\/ped\/wp-json\/wp\/v2\/comments?post=33"}],"version-history":[{"count":6,"href":"https:\/\/www.medicina.ufmg.br\/ped\/wp-json\/wp\/v2\/pages\/33\/revisions"}],"predecessor-version":[{"id":731,"href":"https:\/\/www.medicina.ufmg.br\/ped\/wp-json\/wp\/v2\/pages\/33\/revisions\/731"}],"wp:attachment":[{"href":"https:\/\/www.medicina.ufmg.br\/ped\/wp-json\/wp\/v2\/media?parent=33"}],"curies":[{"name":"wp","href":"https:\/\/api.w.org\/{rel}","templated":true}]}}