 {"id":109,"date":"2015-01-26T17:27:33","date_gmt":"2015-01-26T17:27:33","guid":{"rendered":"http:\/\/localhost\/wp-bid\/?page_id=109"},"modified":"2018-06-18T08:53:00","modified_gmt":"2018-06-18T11:53:00","slug":"melhores-praticas","status":"publish","type":"page","link":"https:\/\/www.medicina.ufmg.br\/proyectobid\/melhores-praticas\/","title":{"rendered":"Melhores Pr\u00e1ticas"},"content":{"rendered":"<p>El Comit\u00ea Interamericano de Buenas Pr\u00e1cticas en Telesalud se compone de instituciones internacionales de referencia em telesalud. Entre estos est\u00e1n: OPS, CEPAL, ATALACC, REDPAN, OTCA, AITT y Universidads latino-americanas.<\/p>\n<p>Estas instituciones, identifican y seleccionan las mejores pr\u00e1cticas de telesalud en Am\u00e9rica Latina, dando un sello de mejores pr\u00e1cticas en telesalud firmado por todas estas instituciones. Las practicas son certificadas en los eventos internacionales de telesalud.<\/p>\n<p>Los criterios para la evaluaci\u00f3n y para la selecci\u00f3n de las mejores pr\u00e1cticas son:<\/p>\n<ul>\n<li>Vinculaci\u00f3n con el desarrollo de las pol\u00edticas de salud ya implementadas;<\/li>\n<li>Los resultados cualitativos y cuantitativos ya existentes;<\/li>\n<li>Periodo de consolidaci\u00f3n de la experiencia;<\/li>\n<li>Capacidad para replicar la experiencia en otras realidades;<\/li>\n<li>Alcance (scope) de los proyectos ejecutados.<\/li>\n<\/ul>\n<p>Si su instituci\u00f3n coordina o participa en cualquier proyecto o iniciativa en telesalud el Comit\u00e9 invita su instituci\u00f3n para registrar su experiencia aqu\u00ed. Acceso.<\/p>\n<p><a href=\"https:\/\/www.medicina.ufmg.br\/proyectobid\/wp-content\/uploads\/sites\/39\/2015\/01\/certificado_melhores_praticas.jpg\" class=\"lightbox\" title=\"Melhores Pr\u00e1ticas\"><img fetchpriority=\"high\" decoding=\"async\" class=\"img-melhores-praticas alignleft wp-image-156 \" src=\"https:\/\/www.medicina.ufmg.br\/proyectobid\/wp-content\/uploads\/sites\/39\/2015\/01\/certificado_melhores_praticas-300x212.jpg\" alt=\"certificado_melhores_praticas\" width=\"341\" height=\"241\" srcset=\"https:\/\/www.medicina.ufmg.br\/proyectobid\/wp-content\/uploads\/sites\/39\/2015\/01\/certificado_melhores_praticas-300x212.jpg 300w, https:\/\/www.medicina.ufmg.br\/proyectobid\/wp-content\/uploads\/sites\/39\/2015\/01\/certificado_melhores_praticas-1024x724.jpg 1024w\" sizes=\"(max-width: 341px) 100vw, 341px\" \/><\/a><\/p>\n<p><strong>SUBMISS\u00c3O:<\/strong><br \/>\n<a href=\"http:\/\/goo.gl\/forms\/f9GpjJepe3BUjlD03\" target=\"_blank\">PT: Cadastro de melhores pr\u00e1ticas, clique aqui: Melhores Pr\u00e1ticas em Telessa\u00fade<\/a><\/p>\n<p><strong>SUMISI\u00d3N:<\/strong><br \/>\n<a href=\"http:\/\/goo.gl\/forms\/x2mPcHCqvmmqYkWP2\" target=\"_blank\">ES: Registro de buenas pr\u00e1cticas, haga clic aqu\u00ed: Mejores Pr\u00e1cticas en Telesalud<\/a><\/p>\n<p><strong>SUBMISSION:<\/strong><br \/>\n<a href=\"http:\/\/goo.gl\/forms\/soHXddrtxM1Zd1OE2\" target=\"_blank\">EN: Best practices, click here: Best Practices in Telehealth<\/a><\/p>\n<p>&nbsp;<\/p>\n","protected":false},"excerpt":{"rendered":"<p>El Comit\u00ea Interamericano de Buenas Pr\u00e1cticas en Telesalud se compone de instituciones internacionales de referencia em telesalud. Entre estos est\u00e1n: OPS, CEPAL, ATALACC, REDPAN, OTCA, AITT y Universidads latino-americanas. Estas instituciones, identifican y seleccionan las mejores pr\u00e1cticas de telesalud en Am\u00e9rica Latina, dando un sello de mejores pr\u00e1cticas en telesalud firmado por todas estas instituciones. [&hellip;]<\/p>\n","protected":false},"author":19,"featured_media":156,"parent":0,"menu_order":0,"comment_status":"closed","ping_status":"closed","template":"","meta":{"footnotes":""},"class_list":["post-109","page","type-page","status-publish","has-post-thumbnail","hentry"],"_links":{"self":[{"href":"https:\/\/www.medicina.ufmg.br\/proyectobid\/wp-json\/wp\/v2\/pages\/109","targetHints":{"allow":["GET"]}}],"collection":[{"href":"https:\/\/www.medicina.ufmg.br\/proyectobid\/wp-json\/wp\/v2\/pages"}],"about":[{"href":"https:\/\/www.medicina.ufmg.br\/proyectobid\/wp-json\/wp\/v2\/types\/page"}],"author":[{"embeddable":true,"href":"https:\/\/www.medicina.ufmg.br\/proyectobid\/wp-json\/wp\/v2\/users\/19"}],"replies":[{"embeddable":true,"href":"https:\/\/www.medicina.ufmg.br\/proyectobid\/wp-json\/wp\/v2\/comments?post=109"}],"version-history":[{"count":27,"href":"https:\/\/www.medicina.ufmg.br\/proyectobid\/wp-json\/wp\/v2\/pages\/109\/revisions"}],"predecessor-version":[{"id":271,"href":"https:\/\/www.medicina.ufmg.br\/proyectobid\/wp-json\/wp\/v2\/pages\/109\/revisions\/271"}],"wp:featuredmedia":[{"embeddable":true,"href":"https:\/\/www.medicina.ufmg.br\/proyectobid\/wp-json\/wp\/v2\/media\/156"}],"wp:attachment":[{"href":"https:\/\/www.medicina.ufmg.br\/proyectobid\/wp-json\/wp\/v2\/media?parent=109"}],"curies":[{"name":"wp","href":"https:\/\/api.w.org\/{rel}","templated":true}]}}