 {"id":168,"date":"2015-08-09T06:17:19","date_gmt":"2015-08-09T06:17:19","guid":{"rendered":"https:\/\/www.medicina.ufmg.br\/proyectobid\/?page_id=168"},"modified":"2018-06-18T08:50:06","modified_gmt":"2018-06-18T11:50:06","slug":"apresentacao","status":"publish","type":"page","link":"https:\/\/www.medicina.ufmg.br\/proyectobid\/apresentacao\/","title":{"rendered":"Apresenta\u00e7\u00e3o"},"content":{"rendered":"<div class=\"row collapse \" style=\"text-align: left\">\u00a0A telessa\u00fade, no \u00e2mbito da Am\u00e9rica Latina, est\u00e1 em processo de estrutura\u00e7\u00e3o com iniciativas distintas e heterog\u00eaneas nos diversos pa\u00edses e apesar dos avan\u00e7os nos \u00faltimos anos, evidenciados pela apropria\u00e7\u00e3o de algum tipo de tecnologia de informa\u00e7\u00e3o e comunica\u00e7\u00e3o (TIC), os pa\u00edses enfrentam grandes desafios relacionados \u00e0 incorpora\u00e7\u00e3o da telessa\u00fade. Neste cen\u00e1rio est\u00e1 em curso desde 2010 o projeto Protocolos Regionais de Pol\u00edticas P\u00fablicas de Telessa\u00fade para Am\u00e9rica Latina cujo foco \u00e9 medir e comparar o uso, as aplica\u00e7\u00f5es e as boas pr\u00e1ticas em telessa\u00fade gerando assim consensos relativos ao processo de desenvolvimento da telessa\u00fade na regi\u00e3o.<\/div>\n<div class=\"row collapse \" style=\"text-align: left\">Objetivo: gerar um conjunto de protocolos regionais de pol\u00edticas p\u00fablicas harmonizadas e acordadas sobre bens e servi\u00e7os em telessa\u00fade\u201d.<\/div>\n<div class=\"row collapse \" style=\"text-align: left\">Coordena\u00e7\u00e3o: Centro de Tecnologia em Sa\u00fade da Faculdade de Medicina Universidade Federal de Minas Gerais e Rede Universit\u00e1ria de Telemedicina.<\/div>\n<div class=\"row collapse \" style=\"text-align: left\">Financiamento: Banco Interamericano de Desenvolvimento (BID).<\/div>\n<div class=\"row collapse \" style=\"text-align: left\">Apoio: CEPAL, OPAS, Minist\u00e9rios da Sa\u00fade e Universidades latinoamericanas.<\/div>\n<div class=\"row collapse \" style=\"text-align: left\">STATUS: conclu\u00eddo<\/div>\n<section><\/section>\n","protected":false},"excerpt":{"rendered":"<p>\u00a0A telessa\u00fade, no \u00e2mbito da Am\u00e9rica Latina, est\u00e1 em processo de estrutura\u00e7\u00e3o com iniciativas distintas e heterog\u00eaneas nos diversos pa\u00edses e apesar dos avan\u00e7os nos \u00faltimos anos, evidenciados pela apropria\u00e7\u00e3o de algum tipo de tecnologia de informa\u00e7\u00e3o e comunica\u00e7\u00e3o (TIC), os pa\u00edses enfrentam grandes desafios relacionados \u00e0 incorpora\u00e7\u00e3o da telessa\u00fade. Neste cen\u00e1rio est\u00e1 em curso [&hellip;]<\/p>\n","protected":false},"author":19,"featured_media":0,"parent":0,"menu_order":0,"comment_status":"closed","ping_status":"closed","template":"","meta":{"footnotes":""},"class_list":["post-168","page","type-page","status-publish","hentry"],"_links":{"self":[{"href":"https:\/\/www.medicina.ufmg.br\/proyectobid\/wp-json\/wp\/v2\/pages\/168","targetHints":{"allow":["GET"]}}],"collection":[{"href":"https:\/\/www.medicina.ufmg.br\/proyectobid\/wp-json\/wp\/v2\/pages"}],"about":[{"href":"https:\/\/www.medicina.ufmg.br\/proyectobid\/wp-json\/wp\/v2\/types\/page"}],"author":[{"embeddable":true,"href":"https:\/\/www.medicina.ufmg.br\/proyectobid\/wp-json\/wp\/v2\/users\/19"}],"replies":[{"embeddable":true,"href":"https:\/\/www.medicina.ufmg.br\/proyectobid\/wp-json\/wp\/v2\/comments?post=168"}],"version-history":[{"count":8,"href":"https:\/\/www.medicina.ufmg.br\/proyectobid\/wp-json\/wp\/v2\/pages\/168\/revisions"}],"predecessor-version":[{"id":269,"href":"https:\/\/www.medicina.ufmg.br\/proyectobid\/wp-json\/wp\/v2\/pages\/168\/revisions\/269"}],"wp:attachment":[{"href":"https:\/\/www.medicina.ufmg.br\/proyectobid\/wp-json\/wp\/v2\/media?parent=168"}],"curies":[{"name":"wp","href":"https:\/\/api.w.org\/{rel}","templated":true}]}}