 {"id":202,"date":"2015-08-12T23:08:50","date_gmt":"2015-08-12T23:08:50","guid":{"rendered":"https:\/\/www.medicina.ufmg.br\/proyectobid\/?page_id=202"},"modified":"2015-08-28T19:36:58","modified_gmt":"2015-08-28T19:36:58","slug":"documentos-tecnicos","status":"publish","type":"page","link":"https:\/\/www.medicina.ufmg.br\/proyectobid\/documentos-tecnicos\/","title":{"rendered":"Documentos T\u00e9cnicos"},"content":{"rendered":"<ul>\n<li><a href=\"https:\/\/www.medicina.ufmg.br\/proyectobid\/wp-content\/uploads\/sites\/39\/2015\/08\/Protocolos_Regionais_de_Pol\u00edtica_P\u00fablica_para_Telesa\u00fade.pdf\" target=\"_blank\">O Programa: Protocolos regionais de Pol\u00edticas P\u00fablicas para Telessa\u00fade<\/a><\/li>\n<li>I Informe geral - Bem P\u00fablico Regional<br \/>\nMaio de 2011, 191 pg.<\/li>\n<li>II Informe geral - Bem P\u00fablico Regional<br \/>\nOutubro de 2011, 78 pg.<\/li>\n<li>Vis\u00e3o panor\u00e2mica de telessa\u00fade na Am\u00e9rica Latina: Diagn\u00f3stico de Telessa\u00fade por pa\u00eds participante<br \/>\n14 pa\u00edses<\/li>\n<li>Modelo comparativo de avalia\u00e7\u00e3o de servi\u00e7os de telessa\u00fade baseado em vari\u00e1veis comparativas<br \/>\nInstrumento de avalia\u00e7\u00e3o<\/li>\n<li>Cartas de compromisso; ades\u00e3o ao projeto<br \/>\n14 pa\u00edses<\/li>\n<\/ul>\n","protected":false},"excerpt":{"rendered":"<p>O Programa: Protocolos regionais de Pol\u00edticas P\u00fablicas para Telessa\u00fade I Informe geral - Bem P\u00fablico Regional Maio de 2011, 191 pg. II Informe geral - Bem P\u00fablico Regional Outubro de 2011, 78 pg. Vis\u00e3o panor\u00e2mica de telessa\u00fade na Am\u00e9rica Latina: Diagn\u00f3stico de Telessa\u00fade por pa\u00eds participante 14 pa\u00edses Modelo comparativo de avalia\u00e7\u00e3o de servi\u00e7os de [&hellip;]<\/p>\n","protected":false},"author":19,"featured_media":0,"parent":0,"menu_order":0,"comment_status":"closed","ping_status":"closed","template":"","meta":{"footnotes":""},"class_list":["post-202","page","type-page","status-publish","hentry"],"_links":{"self":[{"href":"https:\/\/www.medicina.ufmg.br\/proyectobid\/wp-json\/wp\/v2\/pages\/202","targetHints":{"allow":["GET"]}}],"collection":[{"href":"https:\/\/www.medicina.ufmg.br\/proyectobid\/wp-json\/wp\/v2\/pages"}],"about":[{"href":"https:\/\/www.medicina.ufmg.br\/proyectobid\/wp-json\/wp\/v2\/types\/page"}],"author":[{"embeddable":true,"href":"https:\/\/www.medicina.ufmg.br\/proyectobid\/wp-json\/wp\/v2\/users\/19"}],"replies":[{"embeddable":true,"href":"https:\/\/www.medicina.ufmg.br\/proyectobid\/wp-json\/wp\/v2\/comments?post=202"}],"version-history":[{"count":3,"href":"https:\/\/www.medicina.ufmg.br\/proyectobid\/wp-json\/wp\/v2\/pages\/202\/revisions"}],"predecessor-version":[{"id":230,"href":"https:\/\/www.medicina.ufmg.br\/proyectobid\/wp-json\/wp\/v2\/pages\/202\/revisions\/230"}],"wp:attachment":[{"href":"https:\/\/www.medicina.ufmg.br\/proyectobid\/wp-json\/wp\/v2\/media?parent=202"}],"curies":[{"name":"wp","href":"https:\/\/api.w.org\/{rel}","templated":true}]}}