{"id":1252,"date":"2015-10-19T18:48:48","date_gmt":"2015-10-19T18:48:48","guid":{"rendered":"http:\/\/sites.medicina.ufmg.br\/radio\/?page_id=1252"},"modified":"2026-01-19T16:38:05","modified_gmt":"2026-01-19T16:38:05","slug":"parceiros","status":"publish","type":"page","link":"https:\/\/www.medicina.ufmg.br\/saudecomciencia\/parceiros\/","title":{"rendered":"Parceiros"},"content":{"rendered":"\n<div class=\"wp-block-group\"><div class=\"wp-block-group__inner-container is-layout-flow wp-block-group-is-layout-flow\">\n<div class=\"wp-block-group\"><div class=\"wp-block-group__inner-container is-layout-flow wp-block-group-is-layout-flow\">\n<h1 class=\"wp-block-heading titulo\"><strong>Minas Gerais<\/strong><\/h1>\n\n\n\n<p><strong>\u00c1guas Formosas<\/strong><br>R\u00e1dio 87,9 FM | Formosa FM<br>Segunda a sexta \u00e0s 10h<br><strong>Ara\u00e7ua\u00ed<\/strong><br>96,7 FM | <a href=\"http:\/\/www.valefmaracuai.com.br\/\">R\u00e1dio Vale FM<\/a><br>Diariamente \u00e0s 10h40<br><strong>Bambu\u00ed<\/strong><br>103,3 FM | R\u00e1dio Sucesso Bambu\u00ed FM<br>Segunda a sexta 5h50, 10h e 14h<br><strong>Belo Horizonte<\/strong><br>104,5 FM |&nbsp;<a href=\"http:\/\/www.ufmg.br\/online\/radio\/\" target=\"_blank\" rel=\"noopener noreferrer\">R\u00e1dio UFMG Educativa<\/a><br>Diariamente \u00e0s 5h, 8h e 18h<br>99,9 FM | <a href=\"http:\/\/www.radioterrafm999.net\" target=\"_blank\" rel=\"noopener noreferrer\">R\u00e1dio Terra<br><\/a>De segunda a sexta&nbsp;\u00e0s&nbsp;12h e 15h<br>87,9 FM |&nbsp;<a href=\"http:\/\/www.oestefm.com.br\/\" target=\"_blank\" rel=\"noopener noreferrer\">R\u00e1dio Oeste Comunit\u00e1ria<\/a><br>De segunda a sexta \u00e0s 11h<br>92,3 FM l<a href=\"http:\/\/www.radiosaturnofm.tk\/\" target=\"_blank\" rel=\"noopener noreferrer\">&nbsp;R\u00e1dio Saturno Educativa<\/a><br>Segunda a sexta \u00e0s 8h, 11h30, 15h, 18h30, 21h<br>Aos s\u00e1bados \u00e0s 10h, 14h, 18h e 21h<br>87,9 MHZ |&nbsp;<a href=\"http:\/\/www.ufmg.br\/online\/radio\/\" target=\"_blank\" rel=\"noopener noreferrer\">R\u00e1dio Brasil FM<\/a><br>97,9 FM |&nbsp;<a href=\"http:\/\/www.ufmg.br\/online\/radio\/\" target=\"_blank\" rel=\"noopener noreferrer\">R\u00e1dio Girassol FM<\/a><br>87,5 FM |&nbsp;<a href=\"http:\/\/www.ufmg.br\/online\/radio\/\" target=\"_blank\" rel=\"noopener noreferrer\">R\u00e1dio Alian\u00e7a Bhte FM<\/a><br>106,7 FM | Aut\u00eantica Favela<br>Web | Angatu Web R\u00e1dio<br>Diariamente \u00e0s 15h e 19h<br>Sintonia Intranet | TRE \u2013 MG<br><strong>Bom Sucesso<\/strong><br>87,9 FM | R\u00e1dio Comunidade FM<br>Segunda a sexta \u00e0s 9h30<br><strong>Brumadinho<\/strong><br>87,9 Mhz FM | Regional SSCS<br>Segunda a sexta \u00e0s 10h30<br><strong>Caet\u00e9<\/strong><br>87,9 FM |&nbsp;<a href=\"http:\/\/www.lasafafm.com\/\" target=\"_blank\" rel=\"noopener noreferrer\">R\u00e1dio Lasaf\u00e1 FM<br><\/a>Segunda a sexta \u00e0s 8h<br>98,7 FM |&nbsp;<a href=\"http:\/\/www.sideralfm.com.br\/\" target=\"_blank\" rel=\"noopener noreferrer\">Sideral FM<\/a><br>Segunda a sexta \u00e0s 14h<br><strong>Campo Belo<\/strong><br>930 KHz AM | R\u00e1dio Clube Campo Belo Ltda<br>Diariamente, entre 17h e 18h<br><strong>Capelinha<\/strong><br>87,9 FM&nbsp;| <a href=\"http:\/\/www.radiovidanovabr.com\/\" target=\"_blank\" rel=\"noopener noreferrer\">R\u00e1dio Vida Nova FM<\/a><br>Segunda a sexta \u00e0s 9h<br><strong>Caranda\u00ed<\/strong><br>95,9 KHz FM | R\u00e1dio Clube<br>Diariamente \u00e0s 8h, 12h e 17h<br><strong>Carvalhos<\/strong><br><a href=\"https:\/\/www.facebook.com\/nossafmcarvalhos\" target=\"_blank\" rel=\"noopener noreferrer\">R\u00e1dio Nossa FM<\/a> | 104,9 MHz<br>Segunda a sexta \u00e0s 12h<br><strong>Conselheiro Lafaiete<\/strong><br>1270 KHz AM | R\u00e1dio Carij\u00f3s<br>Segunda a sexta \u00e0s 16h15<br>1540 KHz AM |&nbsp;<a href=\"http:\/\/www.igrejaevangelicaluzevida.com\/radio-carijos-am\" target=\"_blank\" rel=\"noopener noreferrer\">R\u00e1dio Conex\u00e3o Clube<\/a><br>Diariamente \u00e0s 9h30<br><strong>Cruz\u00edlia<\/strong><br>104,9 FM | R\u00e1dio Cruz\u00edlia FM<br>Diariamente, entre 11h e 12h<br><strong>Diamantina<\/strong><br>R\u00e1dio 98,5 FM |&nbsp;<a href=\"http:\/\/www.98fmdiamantina.com.br\/\" target=\"_blank\" rel=\"noopener noreferrer\">R\u00e1dio Diamantina<\/a><br>Segunda a sexta \u00e0s 16h30<br><strong>Dores do Indai\u00e1<\/strong><br>91,3 MHz | R\u00e1dio Transativa FM<br>Diariamente \u00e0s 7h<br><strong>Frutal<\/strong><br>104,9 FM | <a href=\"http:\/\/www.cidadefmfrutal.com.br\">R\u00e1dio Cidade FM 104,9<\/a><br>S\u00e1bado a partir das 10h e domingo a partir das 10h30<br><strong>Governador Valadares<\/strong><br>105,9 Mhz FM |&nbsp;<a href=\"http:\/\/www.culturafmgv.com.br\/\" target=\"_blank\" rel=\"noopener noreferrer\">R\u00e1dio Cultura<\/a><br>S\u00e1bado e domingo \u00e0s 9h30<br><strong>Ibirit\u00e9<\/strong><br>91,1 FM | Mais FM<br>Web R\u00e1dio | <a href=\"http:\/\/radio-gospel-louvores.webnode.com\/\">R\u00e1dio Gospel Louvores<\/a><br>Segunda a sexta \u00e0s 9h<br><strong>Itabira<\/strong><br>AM 770 KHZ |&nbsp;<a href=\"http:\/\/www.medicina.ufmg.br\/radio\/www.radioitabira.com.br\">R\u00e1dio Itabira AM<\/a><br>87,9 FM |&nbsp;<a href=\"http:\/\/liberdadeitabira.com.br\/\">Liberdade FM<\/a><br><strong>Itaobim<\/strong><br>102,7 FM |&nbsp;R\u00e1dio Cultura FM<br><strong>Ibituruna<\/strong><br>Web&nbsp;| <a href=\"http:\/\/www.serranegrafm.com\/\" target=\"_blank\" rel=\"noopener noreferrer\">R\u00e1dio&nbsp;Serra Negra<\/a><br><strong>Jequitinhonha<\/strong><br>105,7 MHz | R\u00e1dio Santa Cruz FM<br>Aos s\u00e1bados, entre \u00e0s 18h e 20h<br><strong>Lagoa Santa<\/strong><br>87,9 FM |&nbsp;R\u00e1dio Nova Onda<br>Segunda \u00e0s 7h45, ter\u00e7a \u00e0s 8h45, quarta \u00e0s 9h45, quinta \u00e0s 7h45 e sexta \u00e0s 8h45<br><strong>Lassance<\/strong><br>98,5 Fm |&nbsp;R\u00e1dio Lassance<br>Diariamente,&nbsp;de&nbsp;hora em hora<br><strong>Mantena<\/strong><br>790 AM | R\u00e1dio 13 de Junho<br>Segunda a sexta \u00e0s 12h15<br>105,9 FM | R\u00e1dio Cidade<br>Segunda a sexta \u00e0s 12h30<br>87,9 FM | R\u00e1dio L\u00edder<br>Segunda a sexta \u00e0s 12h30<br><strong>Minduri<\/strong><br>95,5 FM | R\u00e1dio Rede FM<br>Segunda a sexta \u00e0s 15h<br><strong>Montes Claros<\/strong><br>670 KHz | R\u00e1dio Educadora AM 670<br>Segunda a sexta \u00e0s 5h e 19h<br><strong>Nazareno<\/strong><br>Web | R\u00e1dio Fam\u00edlia<br>Segunda a sexta \u00e0s 9h<br><strong>Nova Serrana<\/strong><br>R\u00e1dio Galera Gospel<br>Segunda a sexta \u00e0s 11h15 e 18h45<br><strong>Nova Lima<\/strong><br>87,9 Mhz FM |&nbsp;<a href=\"http:\/\/www.novalimafm.com.br\/\" target=\"_blank\" rel=\"noopener noreferrer\">Nova Lima FM&nbsp;<\/a><br>Diariamente entre 9h e 11h<br><strong>Novo Cruzeiro<\/strong><br>100,1 |&nbsp;<a href=\"http:\/\/www.novalimafm.com.br\/\" target=\"_blank\" rel=\"noopener noreferrer\">R\u00e1dio Cidade FM<\/a><br><strong>Ouro Preto<\/strong><br>98,7 Mhz FM |&nbsp;<a href=\"http:\/\/www.provinciafm.com.br\/\" target=\"_blank\" rel=\"noopener noreferrer\">R\u00e1dio Prov\u00edncia FM<\/a><br>90,1 Mhz FM | R\u00e1dio Real FM<br>Segunda a sexta \u00e0s 9h10<br><strong>Passos<\/strong><br>87.9 FM | R\u00e1dio Nossa Miss\u00e3o<br><strong>Paracatu<\/strong><br>Web | R\u00e1dio Paracatu<br>Diariamente \u00e0s 11h e 15h<br><strong>Piranga<\/strong><br>1570 AM | Difusora Piranga<br>Segunda a sexta \u00e0s 6h30 e 15h30<br><strong>Pirapora<\/strong><br>96,7 Mhz FM | R\u00e1dio Cana\u00e3<br>Segunda a domingo \u00e0s 13h45<br><strong>Pitangui<\/strong><br>107,3 FM | R\u00e1dio Ativa<br><strong>Piumhi<\/strong><br>100,3 FM | R\u00e1dio Onda Oeste<br><strong>Pouso Alegre<\/strong><br>90,9 FM&nbsp;|&nbsp;<a href=\"http:\/\/www.radiocidadafm90-9.com.br\" target=\"_blank\" rel=\"noopener noreferrer\">Cidad\u00e3 FM<\/a><br>Segunda a sexta \u00e0s&nbsp;8h, 14h e 20h<br><strong>Presidente Oleg\u00e1rio<\/strong><br>87,9 FM | R\u00e1dio Eldorado FM<br>Segunda a sexta, \u00e0s 10h55, 15h55 e 21h15<br><strong>Recreio<\/strong><br>104,9 FM | R\u00e1dio Mundial FM<br><strong>Resplendor<\/strong><br><a href=\"http:\/\/www.educativa105.com.br\/\" target=\"_blank\" rel=\"noopener noreferrer\">R\u00e1dio Educativa 105 FM<\/a>&nbsp;| 105,1 FM<br>Segunda a sexta \u00e0s 11h55<br><strong>Ribeir\u00e3o das Velhas<\/strong><br>Web | R\u00e1dio Boa Nova FM<br>Segunda a sexta \u00e0s 9h<br><strong>Ribeir\u00e3o Vermelho<\/strong><br>104,9 FM | R\u00e1dio Sucesso FM<br>Diariamente, \u00e0s 9h20 e 21h40<br><strong>Rio Parana\u00edba<\/strong><br>1.380 AM | R\u00e1dio Parana\u00edba<br><strong>Sabin\u00f3polis<\/strong><br>104,9 FM | Transforma\u00e7\u00e3o FM<br>Segunda a sexta \u00e0s 16h<br><strong>Santa Luzia<\/strong><br>87,9 FM | R\u00e1dio Santa Luzia<br><strong>S\u00e3o Gotardo<\/strong><br>104,9 FM | R\u00e1dio Alvorada FM<br><strong>S\u00e3o Jo\u00e3o Del Rei<\/strong><br>95,3 FM | R\u00e1dio Campos de Minas FM<br>98.7 FM | <a href=\"http:\/\/www.solfm98.com\" target=\"_blank\" rel=\"noopener noreferrer\">R\u00e1dio Sol FM<\/a><br>Diariamente \u00e0s 12h<br><strong>S\u00e3o Sebasti\u00e3o do Para\u00edso<\/strong><br>105,9 MHz | Apar FM<br>Segunda a sexta \u00e0s 10h15<br><strong>Te\u00f3filo Otoni<\/strong><br>Web | <a href=\"http:\/\/www.radiodimensaogospelto.com.br\/\" target=\"_blank\" rel=\"noopener noreferrer\">Dimens\u00e3o Gospel<\/a><br>Diariamente<br><strong>Tim\u00f3teo<\/strong><br>Web | Acesita FM<br>Segunda a sexta \u00e0s 18h10<br><strong>Tiradentes<\/strong><br>104,3 FM | R\u00e1dio Tiradentes FM<br>Segunda a sexta \u00e0s 9h, com reprise \u00e0s 16h<br><strong>Turmalina<\/strong><br>97,1 FM | <a href=\"http:\/\/www.liberdadefmdeturmalina.com.br\/\" target=\"_blank\" rel=\"noopener noreferrer\">R\u00e1dio Liberdade<\/a><br>De segunda a sexta \u00e0s 17h30<br><strong>Una\u00ed<\/strong><br>Web | R\u00e1dio Top Brasil<br>Segunda a sexta \u00e0s 8h<br>Web | Studio Flashback<br>Diariamente \u00e0s 8h, 12h e 20h<br><strong>Vespasiano<\/strong><br>Web | Super Rock Hits<br>Segunda a sexta \u00e0s 11h e 15h<\/p>\n\n\n\n<h1 class=\"wp-block-heading titulo\"><strong><br>Amazonas<\/strong><\/h1>\n\n\n\n<p><strong>Manaus<\/strong><\/p>\n\n\n\n<div>Web | Web R\u00e1dio Forrozeiros Manaus<br>Segunda a sexta<\/div>\n\n\n\n<h1 class=\"wp-block-heading titulo\"><strong><br>Alagoas<\/strong><\/h1>\n\n\n\n<p><strong>Macei\u00f3<\/strong><br>87,9 FM | R\u00e1dio Jacu\u00edpe FM<br>Diariamente<br>Web | R\u00e1dio IPFAROL<br>Diariamente \u00e0s 11h, 19h e 23h<\/p>\n\n\n\n<h1 class=\"wp-block-heading titulo\"><strong><br>Bahia<\/strong><\/h1>\n\n\n\n<p><strong>Brumado<\/strong><br><a href=\"http:\/\/www.radionovavidafm.com.br\/\" target=\"_blank\" rel=\"noopener noreferrer\">R\u00e1dio Nova Vida FM<\/a> | 87,9 MHz<br>Sexta-feira, das 9h \u00e0s 11h<br><strong>Lu\u00eds Eduardo Magalh\u00e3es<\/strong><br>92,1 FM | R\u00e1dio Moderna FM<br>Diariamente \u00e0s 7h30, 15h30 e 21h<br><strong>Irece<\/strong><br>Web | R\u00e1dio Cidade de Irece<br>Diariamente \u00e0s 20h<br><strong>Nova Vi\u00e7osa<\/strong><br>104,9 FM | Transvi\u00e7osa FM<br>Segunda a sexta \u00e0s 13h30<br><strong>Sobradinho<\/strong><br>Web | R\u00e1dio Web Sobradinho<br>Diariamente<br><strong>Valen\u00e7a<\/strong><br>Web | R\u00e1dio Edmais FM Web<br>Segunda a sexta \u00e0s 8h e 15h<\/p>\n\n\n\n<h1 class=\"wp-block-heading titulo\"><strong><br>Cear\u00e1<\/strong><\/h1>\n\n\n\n<p><strong>Aracati<\/strong><br>Web | Web R\u00e1dio do Bem<br>Segunda a sexta \u00e0s 9h<br>Web | R\u00e1dio Aracati<br>Segunda a sexta \u00e0s 12h<br><strong>Caucaia<\/strong><br>AM 930 | R\u00e1dio Metropolitana de Fortaleza<br>Segunda a sexta<br><strong>Chorozinho<\/strong><\/p>\n\n\n\n<div>104,9 FM | R\u00e1dio Brasil FM<\/div>\n\n\n\n<div>Segunda a sexta \u00e0s 15h<\/div>\n\n\n\n<div><strong><br>Fortaleza<\/strong><\/div>\n\n\n\n<div>&nbsp;<\/div>\n\n\n\n<div>\n<div>Web | Web R\u00e1dio Millennium<\/div>\n<div>Diariamente \u00e0s 8h<\/div>\n<\/div>\n\n\n\n<h1 class=\"wp-block-heading titulo\"><strong><br>Distrito Federal<\/strong><\/h1>\n\n\n\n<p><strong>Bras\u00edlia<br><\/strong><br>98,1 FM | R\u00e1dio Comunidade DF<br>Diariamente<\/p>\n\n\n\n<h1 class=\"wp-block-heading titulo\"><strong><br>Esp\u00edrito Santo<br><\/strong><\/h1>\n\n\n\n<p><strong>Bra\u00e7o do Rio &#8211; Concei\u00e7\u00e3o da Barra<\/strong><br>98,5 FM | R\u00e1dio Barcos FM<br>Segunda a sexta \u00e0s 10h05<br><strong>Nova Ven\u00e9cia<\/strong><br>Web | R\u00e1dio Web Capixaba<br>Diariamente \u00e0s 13h<br><strong>Vila Velha<\/strong><br>98.5 MHz | R\u00e1dio Comunit\u00e1ria Barra FM<br>Segunda a sexta<\/p>\n\n\n\n<h1 class=\"wp-block-heading titulo\"><strong><br>Maranh\u00e3o<\/strong><\/h1>\n\n\n\n<p><strong>Alto Alegre do Pindar\u00e9<\/strong><br>Web | R\u00e1dio Conex\u00e3o Gospel<br>Segunda a sexta \u00e0s 8h<br><strong>Imperatriz<\/strong><br>Web | R\u00e1dio Imperatriz Gospel<br>Segunda a sexta \u00e0s 9h e 12h<br><strong>S\u00e3o Lu\u00eds<\/strong><br>R\u00e1dio Criativa<br>Segunda a sexta \u00e0s 9h30, 13h30 e 19h30<br>Web | R\u00e1dio Web Conex\u00e3o Gospel<br>Segunda a sexta \u00e0s 6h<\/p>\n\n\n\n<h1 class=\"wp-block-heading titulo\"><strong><br>Mato Grosso<\/strong><\/h1>\n\n\n\n<p><b>Barra do Bugres<\/b><br>87,9 Mhz | Associa\u00e7\u00e3o Comunit\u00e1ria Movimento R\u00e1dio Vale do Rio Bugres FM<br>Segunda a sexta a partir das 7h30<br><strong>Cuiab\u00e1<\/strong><br>105,9 FM | R\u00e1dio Comunit\u00e1ria CPA FM<br>Diariamente<br><b>Ju\u00edna<\/b><br>95,9 FM | Band FM Ju\u00edna<br>S\u00e1bado \u00e0s 6h30<\/p>\n\n\n\n<h1 class=\"wp-block-heading\">&nbsp;<\/h1>\n\n\n\n<h1 class=\"wp-block-heading titulo\"><strong>Par\u00e1<\/strong><\/h1>\n\n\n\n<p><strong>Bel\u00e9m<\/strong><br>104,9 FM | R\u00e1dio Bel\u00e9m FM<br>Diariamente \u00e0s 12h<br>Web | R\u00e1dio Sintonia Web<br>Diariamente entre 8h e 12h; e 14h \u00e0s 18h<\/p>\n\n\n\n<h1 class=\"wp-block-heading\">&nbsp;<\/h1>\n\n\n\n<h1 class=\"wp-block-heading titulo\"><strong> Paran\u00e1<\/strong><\/h1>\n\n\n\n<p><strong>Coronel V\u00edvida<br><\/strong><br>690 KHz AM | R\u00e1dio Voz do Sudoeste Ltda &#8211; EPP<\/p>\n\n\n\n<h1 class=\"wp-block-heading titulo\"><strong><br>Pernambuco<\/strong><\/h1>\n\n\n\n<p><strong>Petrol\u00e2ndia<\/strong><br>Web | Web R\u00e1dio Petrol\u00e2ndia<br>Segunda a sexta entre 9h e 10h<br><strong>Caruaru<\/strong><br>Web | R\u00e1dio Web Dimens\u00e3o<br>Segunda a sexta \u00e0s 8h<br>Web | Bucano Web R\u00e1dio<br>Segunda a sexta \u00e0s 17h<br><strong>Recife<\/strong><br>Web | R\u00e1dio Blue Brasil<br>Segunda a sexta \u00e0s 18h15<br>Web | <a href=\"http:\/\/www.painelwebradio.com\" target=\"_blank\" rel=\"noopener noreferrer\">Painel Web R\u00e1dio<\/a><br>Diariamente \u00e0s 19h<\/p>\n\n\n\n<h1 class=\"wp-block-heading titulo\"><strong><br>Rio de Janeiro<br><\/strong><\/h1>\n\n\n\n<p><strong>Cabo Frio<\/strong><br>Web | R\u00e1dio HITS<br>S\u00e1bado \u00e0s 14h<br><strong>Campos dos Goytacazes<\/strong><br>Web | R\u00e1dio Aviva Gospel<br>Segunda a sexta \u00e0s 20h<br><strong>Cardoso Moreira<\/strong><br>87,7 FM | R\u00e1dio Transmania FM<br>Segunda a sexta \u00e0s 11h<br><strong>Duque de Caxias<\/strong><br>Web | R\u00e1dio Para Cristo<br>Segunda a sexta \u00e0s 12h<br><strong>Natividade<\/strong><br>104,9 FM | R\u00e1dio Natividade FM<br>Diariamente<br><strong>Petr\u00f3polis<\/strong><br>98,7 FM | R\u00e1dio Itaipava<br>Segunda a sexta<br><strong>Rio de Janeiro<br><\/strong><br>Web | R\u00e1dio Mundo da M\u00fasica FM<br>Diariamente \u00e0s 14h30 e 18h<br>94,5 FM | <a href=\"http:\/\/www.radiodestakfm.com.br\" target=\"_blank\" rel=\"noopener noreferrer\">Destak Gospel<\/a><br>Segunda a sexta \u00e0s 6h15, 13h15, 20h15 e 23h15<br>Web | R\u00e1dio Gospel Brasil<br>Segunda a sexta \u00e0s 8h, 12h e 15h<br>Web | <a href=\"https:\/\/www.facebook.com\/kkrecofm.net\">R\u00e1dio Kkrecofm<\/a><br>Segunda a sexta<br>Web | R\u00e1dio Digital Online Mega.net<br>Segunda a sexta \u00e0s 9h e 20h<br>Web | Mundial News FM<br>S\u00e1bado \u00e0s 16h e 18h<br>Web | R\u00e1dio Som Web<br>Diariamente<br><strong>Rio das Ostras<\/strong><br>Web | R\u00e1dio Virtual Net<br>Segunda a sexta \u00e0s 12h<br><strong>Santo Ant\u00f4nio do P\u00e1dua<\/strong><br>Web | R\u00e1dio Web Six<br>Segunda a sexta \u00e0s 8h e 17h<br><strong>S\u00e3o Fid\u00e9lis<\/strong><br>Web | Web R\u00e1dio Elohim<br>Segunda a sexta \u00e0s 15h45<br><strong>S\u00e3o Gon\u00e7alo<\/strong><br>94,5 FM | R\u00e1dio Uni\u00e3o FM<br>Segunda a quinta \u00e0s 10h e 16h<\/p>\n\n\n\n<h1 class=\"wp-block-heading titulo\"><strong><br>Rio Grande do Norte<\/strong><\/h1>\n\n\n\n<p><strong>Canguaretama<\/strong><br>104,9 FM | R\u00e1dio Manguezal<br>Segunda a sexta \u00e0s 13h<br><strong>Martins<\/strong><br>107,9 FM | R\u00e1dio Vida<br>Segunda a sexta \u00e0s 7h<br><strong>Mossor\u00f3<\/strong><br>Web | R\u00e1dio Heart Brasil<br>Diariamente de hora em hora<br><strong>Natal<\/strong><br>Web | Web R\u00e1dio Casa do Ter\u00e7o<br><strong>Parnamirim<\/strong><br>Web | Mega DJ<br>Segunda a sexta \u00e0s 12h30<br><strong>Pau dos Ferros<\/strong><br>Web | <a href=\"http:\/\/www.radiogideao.com\" target=\"_blank\" rel=\"noopener noreferrer\">R\u00e1dio Gide\u00e3o<\/a><strong><br><\/strong>Segunda a sexta \u00e0s 9h<br><strong>Santa Cruz<\/strong><br>Web | R\u00e1dio Litoral Sertanejo<br>Segunda a sexta \u00e0s 9h e 18h<br>Web | <a href=\"http:\/\/blogfictop.blogspot.com.br\/\" target=\"_blank\" rel=\"noopener noreferrer\">Fictop Gospel Web R\u00e1dio<\/a><br>Segunda a sexta \u00e0s 12h<\/p>\n\n\n\n<h1 class=\"wp-block-heading titulo\">&nbsp;<\/h1>\n\n\n\n<h1 class=\"wp-block-heading titulo\"><strong>Rio Grande do Sul<\/strong><\/h1>\n\n\n\n<p><strong>Nova Santa Rita<br><\/strong>87.9 FM l<a href=\"https:\/\/www.radios.com.br\/aovivo\/radio-cbns-fronteiras\/266948\"> R\u00e1dio CBNS Fronteiras FM<\/a><strong><br><\/strong>Diariamente das 6h \u00e0s 9h<br><strong style=\"font-size: inherit\">Nova Santa Rita<br><\/strong>Web | <a aria-label=\"R\u00e1dio Conex\u00e3o Nova Vida (abre numa nova aba)\" href=\"https:\/\/www.radios.com.br\/aovivo\/radio-conexao-nova-vida\/33285\" target=\"_blank\" rel=\"noreferrer noopener\">R\u00e1dio Conex\u00e3o Nova Vida<\/a><br>Diariamente durante a programa\u00e7\u00e3o<strong><br>Bag\u00e9<\/strong><br>Web | Web R\u00e1dio Toca Tudo<br>Diariamente entre\u00a012h e\u00a018h<br><strong>Boa Vista do Buric\u00e1<\/strong><br>104,9 FM | R\u00e1dio Boa Nova FM<br>Segunda a sexta \u00e0s 10h<br><strong>Herval<\/strong><br>89,1 FM | H.Sul 89,1 FM<br>Segunda a sexta de 9h \u00e0s 12h<br><strong>Mampituba<\/strong><br>Web | R\u00e1dio Aventura<br>Segunda a sexta \u00e0s 12h<br><strong>Parnamirim<\/strong><br>Web | R\u00e1dio Conex\u00e3o Nova Vida<br>Segunda a sexta das 21h \u00e0s 23h<br><strong>Pelotas<\/strong><br>Web | R\u00e1dio Football Total<br>Segunda a sexta \u00e0s 12h<br>Web | R\u00e1dio P\u00e1tria Ga\u00facha<br><strong>Porto Alegre<br><\/strong>Web | R\u00e1dio Tert\u00falia<br>Segunda a sexta de 9h \u00e0s 12h<br><strong>Porto Xavier<\/strong><br>Web | R\u00e1dio Amizade Global<br>Segunda a sexta de 12h \u00e0s 19h<br><strong>Sentinela do Sul<\/strong><br>Web | R\u00e1dio CGB<br>Diariamente na parte da manh\u00e3<br><strong>Viam\u00e3o<\/strong><br>87,9 FM | R\u00e1dio Itapu\u00e3 FM<br>Diariamente \u00e0s 8h e 12h<\/p>\n\n\n\n<h1 class=\"wp-block-heading titulo\"><strong><br>Santa Catarina<\/strong><\/h1>\n\n\n\n<p><strong>Balne\u00e1rio Cambori\u00fa<\/strong><br>98,3 MHZ | R\u00e1dio Gospel Mix FM<br>Segunda a sexta \u00e0s 12h<\/p>\n\n\n\n<h1 class=\"wp-block-heading titulo\"><strong><br>S\u00e3o Paulo<\/strong><\/h1>\n\n\n\n<p><strong>Buritama<\/strong><br>1520 | Torre Forte AM<br><strong>Embu<\/strong><br>Web | R\u00e1dio Top F\u00e9<br>Diariamente \u00e0s 11h30<br><strong>S\u00e3o Jos\u00e9 dos Campos<\/strong><br>105,9 FM&nbsp;| Logos FM<br><strong>Sorocaba<\/strong><br>105,9 FM&nbsp;| R\u00e1dio Cultural FM<br>Segunda a sexta \u00e0 8h<\/p>\n\n\n\n<h1 class=\"wp-block-heading titulo\"><strong><br>Sergipe<\/strong><\/h1>\n\n\n\n<p><strong>Aracaju<\/strong><br>Web | R\u00e1dio \u00daltima Esta\u00e7\u00e3o FM<br>Diariamente<br><strong>Propri\u00e1<\/strong><br>Web | R\u00e1dio Web Musison<br>Segunda a sexta \u00e0s 12h<\/p>\n\n\n\n<h1 class=\"wp-block-heading titulo\"><strong><br>Tocantins<\/strong><\/h1>\n\n\n\n<p><strong>Palmas<\/strong><br>Web | R\u00e1dio Evang\u00e9lica Atalaia Net<br>Segunda a sexta \u00e0s 3h45, 13h45 e 21h45<\/p>\n\n\n\n<h1 class=\"wp-block-heading titulo\"><strong><br>Estados Unidos<\/strong><\/h1>\n\n\n\n<p><strong>South Yarmouth &#8211; Ma<\/strong><br>Bra FM |&nbsp;<a href=\"http:\/\/www.brafm.com\/\" target=\"_blank\" rel=\"noopener noreferrer\">www.brafm.com<\/a><\/p>\n\n\n\n\n<\/div><\/div>\n<\/div><\/div>\n\n\n\n<p><\/p>\n","protected":false},"excerpt":{"rendered":"<p>Minas Gerais \u00c1guas FormosasR\u00e1dio 87,9 FM | Formosa FMSegunda a sexta \u00e0s 10hAra\u00e7ua\u00ed96,7 FM | R\u00e1dio Vale FMDiariamente \u00e0s 10h40Bambu\u00ed103,3 FM | R\u00e1dio Sucesso Bambu\u00ed FMSegunda a sexta 5h50, 10h e 14hBelo Horizonte104,5 FM |&nbsp;R\u00e1dio UFMG EducativaDiariamente \u00e0s 5h, 8h e 18h99,9 FM | R\u00e1dio TerraDe segunda a sexta&nbsp;\u00e0s&nbsp;12h e 15h87,9 FM |&nbsp;R\u00e1dio Oeste Comunit\u00e1riaDe &hellip; <\/p>\n<p class=\"link-more\"><a href=\"https:\/\/www.medicina.ufmg.br\/saudecomciencia\/parceiros\/\" class=\"more-link\">Continue lendo<span class=\"screen-reader-text\"> &#8220;Parceiros&#8221;<\/span><\/a><\/p>\n","protected":false},"author":10,"featured_media":0,"parent":0,"menu_order":0,"comment_status":"closed","ping_status":"closed","template":"","meta":{"footnotes":""},"class_list":["post-1252","page","type-page","status-publish","hentry"],"_links":{"self":[{"href":"https:\/\/www.medicina.ufmg.br\/saudecomciencia\/wp-json\/wp\/v2\/pages\/1252","targetHints":{"allow":["GET"]}}],"collection":[{"href":"https:\/\/www.medicina.ufmg.br\/saudecomciencia\/wp-json\/wp\/v2\/pages"}],"about":[{"href":"https:\/\/www.medicina.ufmg.br\/saudecomciencia\/wp-json\/wp\/v2\/types\/page"}],"author":[{"embeddable":true,"href":"https:\/\/www.medicina.ufmg.br\/saudecomciencia\/wp-json\/wp\/v2\/users\/10"}],"replies":[{"embeddable":true,"href":"https:\/\/www.medicina.ufmg.br\/saudecomciencia\/wp-json\/wp\/v2\/comments?post=1252"}],"version-history":[{"count":9,"href":"https:\/\/www.medicina.ufmg.br\/saudecomciencia\/wp-json\/wp\/v2\/pages\/1252\/revisions"}],"predecessor-version":[{"id":10668,"href":"https:\/\/www.medicina.ufmg.br\/saudecomciencia\/wp-json\/wp\/v2\/pages\/1252\/revisions\/10668"}],"wp:attachment":[{"href":"https:\/\/www.medicina.ufmg.br\/saudecomciencia\/wp-json\/wp\/v2\/media?parent=1252"}],"curies":[{"name":"wp","href":"https:\/\/api.w.org\/{rel}","templated":true}]}}