{"id":15,"date":"2017-02-10T10:42:53","date_gmt":"2017-02-10T12:42:53","guid":{"rendered":"https:\/\/www.medicina.ufmg.br\/vidaaposavida\/?page_id=15"},"modified":"2026-01-19T11:11:21","modified_gmt":"2026-01-19T14:11:21","slug":"15-2","status":"publish","type":"page","link":"https:\/\/www.medicina.ufmg.br\/vidaaposavida\/","title":{"rendered":""},"content":{"rendered":"<p><img fetchpriority=\"high\" decoding=\"async\" class=\"aligncenter wp-image-16 \" src=\"https:\/\/www.medicina.ufmg.br\/vidaaposavida\/wp-content\/uploads\/sites\/70\/2017\/02\/Projeto-1024x495.png\" width=\"519\" height=\"251\" srcset=\"https:\/\/www.medicina.ufmg.br\/vidaaposavida\/wp-content\/uploads\/sites\/70\/2017\/02\/Projeto-1024x495.png 1024w, https:\/\/www.medicina.ufmg.br\/vidaaposavida\/wp-content\/uploads\/sites\/70\/2017\/02\/Projeto-1024x495-300x145.png 300w, https:\/\/www.medicina.ufmg.br\/vidaaposavida\/wp-content\/uploads\/sites\/70\/2017\/02\/Projeto-1024x495-768x371.png 768w, https:\/\/www.medicina.ufmg.br\/vidaaposavida\/wp-content\/uploads\/sites\/70\/2017\/02\/Projeto-1024x495-500x242.png 500w\" sizes=\"(max-width: 519px) 100vw, 519px\" \/><\/p>\n<h1>\u00a0<\/h1>\n<h1 style=\"text-align: center;\"><span style=\"color: #ffffff;\"><strong>O programa de doa\u00e7\u00e3o de corpos da Faculdade de Medicina da UFMG, Vida Ap\u00f3s a Vida, informa que suas atividades seguem em fluxo normal. <br \/><\/strong><strong>Estamos com a agenda aberta para a marca\u00e7\u00e3o de entrevistas de cadastro de novos doadores e plenamente operacionais para o recebimento de doa\u00e7\u00f5es<\/strong><strong>.<\/strong><\/span><\/h1>\n\n\n<p><\/p>\n","protected":false},"excerpt":{"rendered":"<p>\u00a0 O programa de doa\u00e7\u00e3o de corpos da Faculdade de Medicina da UFMG, Vida Ap\u00f3s a Vida, informa que suas atividades seguem em fluxo normal. Estamos com a agenda aberta para a marca\u00e7\u00e3o de entrevistas de cadastro de novos doadores &hellip; <a href=\"https:\/\/www.medicina.ufmg.br\/vidaaposavida\/\">Continue lendo <span class=\"meta-nav\">&rarr;<\/span><\/a><\/p>\n","protected":false},"author":17,"featured_media":0,"parent":0,"menu_order":0,"comment_status":"closed","ping_status":"closed","template":"","meta":{"footnotes":""},"class_list":["post-15","page","type-page","status-publish","hentry"],"_links":{"self":[{"href":"https:\/\/www.medicina.ufmg.br\/vidaaposavida\/wp-json\/wp\/v2\/pages\/15","targetHints":{"allow":["GET"]}}],"collection":[{"href":"https:\/\/www.medicina.ufmg.br\/vidaaposavida\/wp-json\/wp\/v2\/pages"}],"about":[{"href":"https:\/\/www.medicina.ufmg.br\/vidaaposavida\/wp-json\/wp\/v2\/types\/page"}],"author":[{"embeddable":true,"href":"https:\/\/www.medicina.ufmg.br\/vidaaposavida\/wp-json\/wp\/v2\/users\/17"}],"replies":[{"embeddable":true,"href":"https:\/\/www.medicina.ufmg.br\/vidaaposavida\/wp-json\/wp\/v2\/comments?post=15"}],"version-history":[{"count":17,"href":"https:\/\/www.medicina.ufmg.br\/vidaaposavida\/wp-json\/wp\/v2\/pages\/15\/revisions"}],"predecessor-version":[{"id":287,"href":"https:\/\/www.medicina.ufmg.br\/vidaaposavida\/wp-json\/wp\/v2\/pages\/15\/revisions\/287"}],"wp:attachment":[{"href":"https:\/\/www.medicina.ufmg.br\/vidaaposavida\/wp-json\/wp\/v2\/media?parent=15"}],"curies":[{"name":"wp","href":"https:\/\/api.w.org\/{rel}","templated":true}]}}